{"id":9387,"date":"2020-06-13T15:34:35","date_gmt":"2020-06-13T13:34:35","guid":{"rendered":"https:\/\/www.pharmacieparvais.com\/?post_type=product&#038;p=9387"},"modified":"2020-06-28T14:22:21","modified_gmt":"2020-06-28T12:22:21","slug":"deo-narurlui","status":"publish","type":"product","link":"https:\/\/www.pharmacieparvais.com\/index.php\/product\/deo-narurlui\/","title":{"rendered":"D\u00e9o Natur&#8217;LUI"},"content":{"rendered":"","protected":false},"excerpt":{"rendered":"<p><strong>Indication :<\/strong>\u00a0d\u00e9odorant cr\u00e8me 100% naturel, sans alcool et sans sels d\u2019aluminium. Il neutralise les odeurs, hydrate gr\u00e2ce \u00e0 l\u2019action du beurre de karit\u00e9 bio et apporte une sensation de fra\u00eecheur musqu\u00e9e gr\u00e2ce \u00e0 la synergie de 4 huiles essentielles.<br \/>\n<strong>Posologie :<\/strong>\u00a0appliquez sur la peau propre, s\u00e8che et saine des aisselles en fonction des besoins.<\/p>\n<p><span style=\"color: #ff0000;\"><strong>Usage externe<\/strong><\/span><\/p>\n","protected":false},"featured_media":9551,"template":"","meta":[],"product_brand":[],"product_cat":[15],"product_tag":[],"class_list":{"0":"post-9387","1":"product","2":"type-product","3":"status-publish","4":"has-post-thumbnail","6":"product_cat-beaute-bien-etre","8":"first","9":"instock","10":"shipping-taxable","11":"product-type-simple"},"_links":{"self":[{"href":"https:\/\/www.pharmacieparvais.com\/index.php\/wp-json\/wp\/v2\/product\/9387","targetHints":{"allow":["GET"]}}],"collection":[{"href":"https:\/\/www.pharmacieparvais.com\/index.php\/wp-json\/wp\/v2\/product"}],"about":[{"href":"https:\/\/www.pharmacieparvais.com\/index.php\/wp-json\/wp\/v2\/types\/product"}],"wp:featuredmedia":[{"embeddable":true,"href":"https:\/\/www.pharmacieparvais.com\/index.php\/wp-json\/wp\/v2\/media\/9551"}],"wp:attachment":[{"href":"https:\/\/www.pharmacieparvais.com\/index.php\/wp-json\/wp\/v2\/media?parent=9387"}],"wp:term":[{"taxonomy":"product_brand","embeddable":true,"href":"https:\/\/www.pharmacieparvais.com\/index.php\/wp-json\/wp\/v2\/product_brand?post=9387"},{"taxonomy":"product_cat","embeddable":true,"href":"https:\/\/www.pharmacieparvais.com\/index.php\/wp-json\/wp\/v2\/product_cat?post=9387"},{"taxonomy":"product_tag","embeddable":true,"href":"https:\/\/www.pharmacieparvais.com\/index.php\/wp-json\/wp\/v2\/product_tag?post=9387"}],"curies":[{"name":"wp","href":"https:\/\/api.w.org\/{rel}","templated":true}]}}