{"id":9338,"date":"2020-06-09T22:15:10","date_gmt":"2020-06-09T20:15:10","guid":{"rendered":"https:\/\/www.pharmacieparvais.com\/?post_type=product&#038;p=9338"},"modified":"2020-06-18T19:02:37","modified_gmt":"2020-06-18T17:02:37","slug":"pommade-anti-cors","status":"publish","type":"product","link":"https:\/\/www.pharmacieparvais.com\/index.php\/product\/pommade-anti-cors\/","title":{"rendered":"Pommade anti-cors et anti-verrues"},"content":{"rendered":"","protected":false},"excerpt":{"rendered":"<p><strong>Indication :<\/strong><span class=\"apple-converted-space\">\u00a0<\/span>pommade caustique contre cors et verrues (zones corn\u00e9es)<\/p>\n<p><strong>Posologie :<\/strong><span class=\"apple-converted-space\">\u00a0<\/span>appliquez 1 fois par jour apr\u00e8s la douche ou le bain sur la zone \u00e0 traiter uniquement.\u00a0 Prot\u00e9gez le pourtour avec un pansement. Grattez la peau morte tous les 3 jours au moyen d&#8217;une lime \u00e0 ongles \u00a0ou d&#8217;un scalpel avant nouvelle application<\/p>\n<p><strong>Pr\u00e9cautions d\u2019usage :<\/strong><span class=\"apple-converted-space\">\u00a0<\/span>en cas de verrues, couvrez avec un pansement waterproof (piscine!), si possible utilisez des sandales dans les piscines publiques, n&#8217;\u00e9changez pas les chaussettes ou essuies \u2026 Faites une pause dans le traitement si la peau est ulc\u00e9r\u00e9e. D\u00e9conseill\u00e9e aux diab\u00e9tiques.<\/p>\n<p><span style=\"color: #ff0000;\"><strong>Usage externe<\/strong><\/span><\/p>\n","protected":false},"featured_media":9384,"template":"","meta":[],"product_brand":[],"product_cat":[40],"product_tag":[],"class_list":{"0":"post-9338","1":"product","2":"type-product","3":"status-publish","4":"has-post-thumbnail","6":"product_cat-dermatologie","8":"first","9":"instock","10":"shipping-taxable","11":"product-type-simple"},"_links":{"self":[{"href":"https:\/\/www.pharmacieparvais.com\/index.php\/wp-json\/wp\/v2\/product\/9338","targetHints":{"allow":["GET"]}}],"collection":[{"href":"https:\/\/www.pharmacieparvais.com\/index.php\/wp-json\/wp\/v2\/product"}],"about":[{"href":"https:\/\/www.pharmacieparvais.com\/index.php\/wp-json\/wp\/v2\/types\/product"}],"wp:featuredmedia":[{"embeddable":true,"href":"https:\/\/www.pharmacieparvais.com\/index.php\/wp-json\/wp\/v2\/media\/9384"}],"wp:attachment":[{"href":"https:\/\/www.pharmacieparvais.com\/index.php\/wp-json\/wp\/v2\/media?parent=9338"}],"wp:term":[{"taxonomy":"product_brand","embeddable":true,"href":"https:\/\/www.pharmacieparvais.com\/index.php\/wp-json\/wp\/v2\/product_brand?post=9338"},{"taxonomy":"product_cat","embeddable":true,"href":"https:\/\/www.pharmacieparvais.com\/index.php\/wp-json\/wp\/v2\/product_cat?post=9338"},{"taxonomy":"product_tag","embeddable":true,"href":"https:\/\/www.pharmacieparvais.com\/index.php\/wp-json\/wp\/v2\/product_tag?post=9338"}],"curies":[{"name":"wp","href":"https:\/\/api.w.org\/{rel}","templated":true}]}}