{"id":8931,"date":"2020-05-19T10:20:13","date_gmt":"2020-05-19T08:20:13","guid":{"rendered":"https:\/\/www.pharmacieparvais.com\/?post_type=product&#038;p=8931"},"modified":"2020-07-21T20:03:45","modified_gmt":"2020-07-21T18:03:45","slug":"gelules-charbon-adsorbant-contre-diarrhee-et-ballonnements","status":"publish","type":"product","link":"https:\/\/www.pharmacieparvais.com\/index.php\/product\/gelules-charbon-adsorbant-contre-diarrhee-et-ballonnements\/","title":{"rendered":"G\u00e9lules de charbon adsorbant"},"content":{"rendered":"","protected":false},"excerpt":{"rendered":"<p><strong>Indication\u00a0: <\/strong>elles agissent contre les ballonnements et la diarrh\u00e9e d\u2019origine infectieuse. Elles captent les substances ind\u00e9sirables et purifient l\u2019organisme en les \u00e9liminant dans les selles (intoxication alimentaire). Les g\u00e9lules sont rembours\u00e9es par la mutuelle si vous avez une ordonnance (g\u00e9lules dos\u00e9es \u00e0 350 mg).<\/p>\n<p><strong>Posologie :<\/strong>\u00a0prenez 3 g\u00e9lules par jour en dehors des repas et de toute autre prise de m\u00e9dicament.<br \/>\n<strong>Pr\u00e9cautions d\u2019usage :<\/strong>\u00a0en cas de diarrh\u00e9e, veillez \u00e0 bien vous hydrater \u00e0 l\u2019aide de sels de r\u00e9hydratation si n\u00e9cessaire. Le charbon noircit les selles car il n\u2019est pas assimil\u00e9.<\/p>\n<p><img loading=\"lazy\" decoding=\"async\" class=\"alignnone wp-image-9392\" src=\"https:\/\/testpharmacieparvais.mimaandcs.be\/wp-content\/uploads\/2020\/03\/picto-recycle-e1592058319438-150x150.png\" alt=\"\" width=\"60\" height=\"57\" srcset=\"https:\/\/www.pharmacieparvais.com\/wp-content\/uploads\/2020\/03\/picto-recycle-e1592058319438-300x284.png 300w, https:\/\/www.pharmacieparvais.com\/wp-content\/uploads\/2020\/03\/picto-recycle-e1592058319438-768x728.png 768w, https:\/\/www.pharmacieparvais.com\/wp-content\/uploads\/2020\/03\/picto-recycle-e1592058319438-600x568.png 600w, https:\/\/www.pharmacieparvais.com\/wp-content\/uploads\/2020\/03\/picto-recycle-e1592058319438.png 912w\" sizes=\"auto, (max-width: 60px) 100vw, 60px\" \/>Recharges en sachets disponibles<\/p>\n","protected":false},"featured_media":9824,"template":"","meta":[],"product_brand":[],"product_cat":[43],"product_tag":[],"class_list":{"0":"post-8931","1":"product","2":"type-product","3":"status-publish","4":"has-post-thumbnail","6":"product_cat-preparations-pour-pathologies-diverses","8":"first","9":"instock","10":"shipping-taxable","11":"product-type-simple"},"_links":{"self":[{"href":"https:\/\/www.pharmacieparvais.com\/index.php\/wp-json\/wp\/v2\/product\/8931","targetHints":{"allow":["GET"]}}],"collection":[{"href":"https:\/\/www.pharmacieparvais.com\/index.php\/wp-json\/wp\/v2\/product"}],"about":[{"href":"https:\/\/www.pharmacieparvais.com\/index.php\/wp-json\/wp\/v2\/types\/product"}],"wp:featuredmedia":[{"embeddable":true,"href":"https:\/\/www.pharmacieparvais.com\/index.php\/wp-json\/wp\/v2\/media\/9824"}],"wp:attachment":[{"href":"https:\/\/www.pharmacieparvais.com\/index.php\/wp-json\/wp\/v2\/media?parent=8931"}],"wp:term":[{"taxonomy":"product_brand","embeddable":true,"href":"https:\/\/www.pharmacieparvais.com\/index.php\/wp-json\/wp\/v2\/product_brand?post=8931"},{"taxonomy":"product_cat","embeddable":true,"href":"https:\/\/www.pharmacieparvais.com\/index.php\/wp-json\/wp\/v2\/product_cat?post=8931"},{"taxonomy":"product_tag","embeddable":true,"href":"https:\/\/www.pharmacieparvais.com\/index.php\/wp-json\/wp\/v2\/product_tag?post=8931"}],"curies":[{"name":"wp","href":"https:\/\/api.w.org\/{rel}","templated":true}]}}