{"id":8929,"date":"2020-05-19T10:12:35","date_gmt":"2020-05-19T08:12:35","guid":{"rendered":"https:\/\/www.pharmacieparvais.com\/?post_type=product&#038;p=8929"},"modified":"2020-07-21T20:22:32","modified_gmt":"2020-07-21T18:22:32","slug":"gelules-harpagophytum-rhumatismes-arthrose-2","status":"publish","type":"product","link":"https:\/\/www.pharmacieparvais.com\/index.php\/product\/gelules-harpagophytum-rhumatismes-arthrose-2\/","title":{"rendered":"G\u00e9lules Harpagophytum"},"content":{"rendered":"","protected":false},"excerpt":{"rendered":"<p><strong><span lang=\"FR\">Indication :<\/span><\/strong><span lang=\"FR\">\u00a0Commun\u00e9ment appel\u00e9es Griffes du diable, elles contribuent \u00e0 r\u00e9duire l\u2019inflammation en cas d\u2019arthrose et de rhumatismes.<\/span><\/p>\n<p><strong><span lang=\"FR\">Posologie :<\/span><\/strong><span lang=\"FR\">\u00a0en cas de crise, prenez 2 g\u00e9lules 3 fois par jour pendant 10 jours puis, en phase d\u2019entretien, 1 g\u00e9lule 3 fois par jour. Id\u00e9alement pendant les repas.<br \/>\n<strong>Pr\u00e9cautions d\u2019usage :<\/strong>\u00a0elles peuvent, tr\u00e8s rarement, provoquer des troubles gastro-intestinaux, acc\u00e9l\u00e9rer le transit ou irriter l\u2019estomac.<\/span><\/p>\n<p><img loading=\"lazy\" decoding=\"async\" class=\"alignnone wp-image-9392\" src=\"https:\/\/testpharmacieparvais.mimaandcs.be\/wp-content\/uploads\/2020\/03\/picto-recycle-e1592058319438-150x150.png\" alt=\"\" width=\"60\" height=\"57\" srcset=\"https:\/\/www.pharmacieparvais.com\/wp-content\/uploads\/2020\/03\/picto-recycle-e1592058319438-300x284.png 300w, https:\/\/www.pharmacieparvais.com\/wp-content\/uploads\/2020\/03\/picto-recycle-e1592058319438-768x728.png 768w, https:\/\/www.pharmacieparvais.com\/wp-content\/uploads\/2020\/03\/picto-recycle-e1592058319438-600x568.png 600w, https:\/\/www.pharmacieparvais.com\/wp-content\/uploads\/2020\/03\/picto-recycle-e1592058319438.png 912w\" sizes=\"auto, (max-width: 60px) 100vw, 60px\" \/>Recharges en sachets disponibles<\/p>\n","protected":false},"featured_media":9830,"template":"","meta":[],"product_brand":[],"product_cat":[43],"product_tag":[],"class_list":{"0":"post-8929","1":"product","2":"type-product","3":"status-publish","4":"has-post-thumbnail","6":"product_cat-preparations-pour-pathologies-diverses","8":"first","9":"instock","10":"shipping-taxable","11":"product-type-simple"},"_links":{"self":[{"href":"https:\/\/www.pharmacieparvais.com\/index.php\/wp-json\/wp\/v2\/product\/8929","targetHints":{"allow":["GET"]}}],"collection":[{"href":"https:\/\/www.pharmacieparvais.com\/index.php\/wp-json\/wp\/v2\/product"}],"about":[{"href":"https:\/\/www.pharmacieparvais.com\/index.php\/wp-json\/wp\/v2\/types\/product"}],"wp:featuredmedia":[{"embeddable":true,"href":"https:\/\/www.pharmacieparvais.com\/index.php\/wp-json\/wp\/v2\/media\/9830"}],"wp:attachment":[{"href":"https:\/\/www.pharmacieparvais.com\/index.php\/wp-json\/wp\/v2\/media?parent=8929"}],"wp:term":[{"taxonomy":"product_brand","embeddable":true,"href":"https:\/\/www.pharmacieparvais.com\/index.php\/wp-json\/wp\/v2\/product_brand?post=8929"},{"taxonomy":"product_cat","embeddable":true,"href":"https:\/\/www.pharmacieparvais.com\/index.php\/wp-json\/wp\/v2\/product_cat?post=8929"},{"taxonomy":"product_tag","embeddable":true,"href":"https:\/\/www.pharmacieparvais.com\/index.php\/wp-json\/wp\/v2\/product_tag?post=8929"}],"curies":[{"name":"wp","href":"https:\/\/api.w.org\/{rel}","templated":true}]}}