{"id":8918,"date":"2020-05-16T14:27:33","date_gmt":"2020-05-16T12:27:33","guid":{"rendered":"https:\/\/www.pharmacieparvais.com\/?post_type=product&#038;p=8918"},"modified":"2020-06-24T15:44:42","modified_gmt":"2020-06-24T13:44:42","slug":"pommade-pectorale-aux-6-huiles-essentielles","status":"publish","type":"product","link":"https:\/\/www.pharmacieparvais.com\/index.php\/product\/pommade-pectorale-aux-6-huiles-essentielles\/","title":{"rendered":"Pommade pectorale"},"content":{"rendered":"","protected":false},"excerpt":{"rendered":"<p><strong>Indication :<\/strong>\u00a0gr\u00e2ce \u00e0 la puissante synergie de ses 6 huiles essentielles, elle d\u00e9gage les voies respiratoires sup\u00e9rieures et fluidifie les s\u00e9cr\u00e9tions<\/p>\n<p><strong>Posologie :<\/strong>\u00a0appliquez deux fois par jour une noisette en massage sur le torse (ou sur les omoplates si yeux sensibles aux huiles essentielles volatiles).<\/p>\n<p><strong>Pr\u00e9cautions d\u2019usage : <\/strong>pas en dessous de 6 ans. Bien s\u2019assurer de l\u2019absence d\u2019ant\u00e9c\u00e9dents convulsifs et\/ou \u00e9pileptiques. Ne pas associer avec la prise de suppositoires aux huiles essentielles ni diffusion d\u2019huiles essentielles. Maximum 7 jours de traitement<\/p>\n","protected":false},"featured_media":9453,"template":"","meta":[],"product_brand":[],"product_cat":[42],"product_tag":[],"class_list":{"0":"post-8918","1":"product","2":"type-product","3":"status-publish","4":"has-post-thumbnail","6":"product_cat-infections-orl","8":"first","9":"instock","10":"shipping-taxable","11":"product-type-simple"},"_links":{"self":[{"href":"https:\/\/www.pharmacieparvais.com\/index.php\/wp-json\/wp\/v2\/product\/8918","targetHints":{"allow":["GET"]}}],"collection":[{"href":"https:\/\/www.pharmacieparvais.com\/index.php\/wp-json\/wp\/v2\/product"}],"about":[{"href":"https:\/\/www.pharmacieparvais.com\/index.php\/wp-json\/wp\/v2\/types\/product"}],"wp:featuredmedia":[{"embeddable":true,"href":"https:\/\/www.pharmacieparvais.com\/index.php\/wp-json\/wp\/v2\/media\/9453"}],"wp:attachment":[{"href":"https:\/\/www.pharmacieparvais.com\/index.php\/wp-json\/wp\/v2\/media?parent=8918"}],"wp:term":[{"taxonomy":"product_brand","embeddable":true,"href":"https:\/\/www.pharmacieparvais.com\/index.php\/wp-json\/wp\/v2\/product_brand?post=8918"},{"taxonomy":"product_cat","embeddable":true,"href":"https:\/\/www.pharmacieparvais.com\/index.php\/wp-json\/wp\/v2\/product_cat?post=8918"},{"taxonomy":"product_tag","embeddable":true,"href":"https:\/\/www.pharmacieparvais.com\/index.php\/wp-json\/wp\/v2\/product_tag?post=8918"}],"curies":[{"name":"wp","href":"https:\/\/api.w.org\/{rel}","templated":true}]}}