{"id":8848,"date":"2020-06-07T15:35:42","date_gmt":"2020-06-07T13:35:42","guid":{"rendered":"https:\/\/www.pharmacieparvais.com\/?post_type=product&#038;p=8848"},"modified":"2020-06-20T08:58:21","modified_gmt":"2020-06-20T06:58:21","slug":"creme-cicatrisante-2","status":"publish","type":"product","link":"https:\/\/www.pharmacieparvais.com\/index.php\/product\/creme-cicatrisante-2\/","title":{"rendered":"Cr\u00e8me cicatrisante"},"content":{"rendered":"","protected":false},"excerpt":{"rendered":"<p><strong>Aux 5 huiles essentielles<\/strong><\/p>\n<p><strong>Indication:<\/strong>\u00a0compos\u00e9e de 5 huiles essentielles, elle am\u00e9liore et acc\u00e9l\u00e8re la cicatrisation. Elle permet de r\u00e9duire les cicatrices ch\u00e9lo\u00efdiennes<\/p>\n<p><strong>Posologie:<\/strong>\u00a0appliquez 2 \u00e0 3 fois par jour<\/p>\n<p><strong>Pr\u00e9cautions d\u2019usage:<\/strong>\u00a0\u00e9vitez l\u2019exposition au soleil de toute cicatrice car\u00a0les UV peuvent eux-seuls l&#8217;hyper pigmenter. Appliquez une protection solaire totale\u00a0ou m\u00e9canique (v\u00eatement fonc\u00e9 ou sparadraps).<\/p>\n<p><span style=\"color: #ff0000;\"><strong>Usage externe<\/strong><\/span><\/p>\n","protected":false},"featured_media":9440,"template":"","meta":[],"product_brand":[],"product_cat":[40],"product_tag":[],"class_list":{"0":"post-8848","1":"product","2":"type-product","3":"status-publish","4":"has-post-thumbnail","6":"product_cat-dermatologie","8":"first","9":"instock","10":"shipping-taxable","11":"product-type-simple"},"_links":{"self":[{"href":"https:\/\/www.pharmacieparvais.com\/index.php\/wp-json\/wp\/v2\/product\/8848","targetHints":{"allow":["GET"]}}],"collection":[{"href":"https:\/\/www.pharmacieparvais.com\/index.php\/wp-json\/wp\/v2\/product"}],"about":[{"href":"https:\/\/www.pharmacieparvais.com\/index.php\/wp-json\/wp\/v2\/types\/product"}],"wp:featuredmedia":[{"embeddable":true,"href":"https:\/\/www.pharmacieparvais.com\/index.php\/wp-json\/wp\/v2\/media\/9440"}],"wp:attachment":[{"href":"https:\/\/www.pharmacieparvais.com\/index.php\/wp-json\/wp\/v2\/media?parent=8848"}],"wp:term":[{"taxonomy":"product_brand","embeddable":true,"href":"https:\/\/www.pharmacieparvais.com\/index.php\/wp-json\/wp\/v2\/product_brand?post=8848"},{"taxonomy":"product_cat","embeddable":true,"href":"https:\/\/www.pharmacieparvais.com\/index.php\/wp-json\/wp\/v2\/product_cat?post=8848"},{"taxonomy":"product_tag","embeddable":true,"href":"https:\/\/www.pharmacieparvais.com\/index.php\/wp-json\/wp\/v2\/product_tag?post=8848"}],"curies":[{"name":"wp","href":"https:\/\/api.w.org\/{rel}","templated":true}]}}