{"id":8844,"date":"2020-04-15T15:22:37","date_gmt":"2020-04-15T13:22:37","guid":{"rendered":"https:\/\/www.pharmacieparvais.com\/?post_type=product&#038;p=8844"},"modified":"2020-07-21T10:02:45","modified_gmt":"2020-07-21T08:02:45","slug":"solution-traitement-des-piqures-huileuse","status":"publish","type":"product","link":"https:\/\/www.pharmacieparvais.com\/index.php\/product\/solution-traitement-des-piqures-huileuse\/","title":{"rendered":"Solution traitement des piq\u00fbres"},"content":{"rendered":"","protected":false},"excerpt":{"rendered":"<p><strong><span lang=\"FR\">Indication :<\/span><\/strong><span lang=\"FR\">\u00a0riche de 8 huiles essentielles, dont la tr\u00e8s odorante et antiseptique huile essentielle d\u2019oignon, le traitement des piq\u00fbres est redoutablement efficace contre les \u0153d\u00e8mes graves et l\u2019inflammation caus\u00e9s par les piq\u00fbres d\u2019insectes<\/span><span lang=\"FR\">, de m\u00e9duses ou de plantes urticantes. <\/span><\/p>\n<p><strong><span lang=\"FR\">Posologie :<\/span><\/strong><span lang=\"FR\">\u00a0appliquez rapidement apr\u00e8s la piq\u00fbre en imbibant une compresse que vous fixez \u00e0 l\u2019aide d\u2019un sparadrap. R\u00e9p\u00e9tez plusieurs fois par jour.<\/span><\/p>\n<p><strong><span lang=\"FR\">Pr\u00e9cautions d\u2019usage :<\/span><\/strong><span lang=\"FR\">\u00a0n\u2019exposez pas au soleil sans une protection physique ! L\u2019odeur forte de ce m\u00e9lange peut parfois incommoder l\u2019entourage\u2026\u00a0 <\/span><b><\/b><\/p>\n<p><span style=\"color: #ff0000;\"><b><span lang=\"FR\">Usage externe<\/span><\/b><\/span><\/p>\n","protected":false},"featured_media":9813,"template":"","meta":[],"product_brand":[],"product_cat":[41],"product_tag":[],"class_list":{"0":"post-8844","1":"product","2":"type-product","3":"status-publish","4":"has-post-thumbnail","6":"product_cat-produits-ete","8":"first","9":"instock","10":"shipping-taxable","11":"product-type-simple"},"_links":{"self":[{"href":"https:\/\/www.pharmacieparvais.com\/index.php\/wp-json\/wp\/v2\/product\/8844","targetHints":{"allow":["GET"]}}],"collection":[{"href":"https:\/\/www.pharmacieparvais.com\/index.php\/wp-json\/wp\/v2\/product"}],"about":[{"href":"https:\/\/www.pharmacieparvais.com\/index.php\/wp-json\/wp\/v2\/types\/product"}],"wp:featuredmedia":[{"embeddable":true,"href":"https:\/\/www.pharmacieparvais.com\/index.php\/wp-json\/wp\/v2\/media\/9813"}],"wp:attachment":[{"href":"https:\/\/www.pharmacieparvais.com\/index.php\/wp-json\/wp\/v2\/media?parent=8844"}],"wp:term":[{"taxonomy":"product_brand","embeddable":true,"href":"https:\/\/www.pharmacieparvais.com\/index.php\/wp-json\/wp\/v2\/product_brand?post=8844"},{"taxonomy":"product_cat","embeddable":true,"href":"https:\/\/www.pharmacieparvais.com\/index.php\/wp-json\/wp\/v2\/product_cat?post=8844"},{"taxonomy":"product_tag","embeddable":true,"href":"https:\/\/www.pharmacieparvais.com\/index.php\/wp-json\/wp\/v2\/product_tag?post=8844"}],"curies":[{"name":"wp","href":"https:\/\/api.w.org\/{rel}","templated":true}]}}