{"id":8837,"date":"2020-04-13T18:48:40","date_gmt":"2020-04-13T16:48:40","guid":{"rendered":"https:\/\/www.pharmacieparvais.com\/?post_type=product&#038;p=8837"},"modified":"2020-07-21T20:26:34","modified_gmt":"2020-07-21T18:26:34","slug":"spray-preventif-anti-poux-aux-huiles-essentielles","status":"publish","type":"product","link":"https:\/\/www.pharmacieparvais.com\/index.php\/product\/spray-preventif-anti-poux-aux-huiles-essentielles\/","title":{"rendered":"Spray pr\u00e9ventif anti-poux"},"content":{"rendered":"","protected":false},"excerpt":{"rendered":"<p><strong>Indication <\/strong>: il poss\u00e8de une\u00a0action r\u00e9pulsive et non traitante vis-\u00e0-vis des poux de la t\u00eate gr\u00e2ce \u00e0 la synergie des 8 huiles essentielles qui le composent.<br \/>\n<strong>Posologie :<\/strong>\u00a0pulv\u00e9risez tous les matins une quantit\u00e9 suffisante en fonction de la chevelure, principalement derri\u00e8re les oreilles et au-dessus de la nuque.<br \/>\n<strong>Infos et pr\u00e9cautions d\u2019usage:<\/strong><br \/>\n\u2013 agitez bien avant l\u2019utilisation<br \/>\n\u2013 \u00e9vitez le contact avec les yeux<br \/>\n\u2013 peut piquer l\u00e9g\u00e8rement en cas de l\u00e9sions dues aux poux<br \/>\n\u2013 Inspectez r\u00e9guli\u00e8rement la t\u00eate des enfants, passez le peigne \u00e0 poux pr\u00e9ventivement et faire un traitement anti-poux si n\u00e9cessaire.<\/p>\n<p><img loading=\"lazy\" decoding=\"async\" class=\"alignnone wp-image-9392\" src=\"https:\/\/testpharmacieparvais.mimaandcs.be\/wp-content\/uploads\/2020\/03\/picto-recycle-e1592058319438-150x150.png\" alt=\"\" width=\"60\" height=\"57\" srcset=\"https:\/\/www.pharmacieparvais.com\/wp-content\/uploads\/2020\/03\/picto-recycle-e1592058319438-300x284.png 300w, https:\/\/www.pharmacieparvais.com\/wp-content\/uploads\/2020\/03\/picto-recycle-e1592058319438-768x728.png 768w, https:\/\/www.pharmacieparvais.com\/wp-content\/uploads\/2020\/03\/picto-recycle-e1592058319438-600x568.png 600w, https:\/\/www.pharmacieparvais.com\/wp-content\/uploads\/2020\/03\/picto-recycle-e1592058319438.png 912w\" sizes=\"auto, (max-width: 60px) 100vw, 60px\" \/>Recharges liquides disponibles<\/p>\n","protected":false},"featured_media":9832,"template":"","meta":[],"product_brand":[],"product_cat":[40,43],"product_tag":[],"class_list":{"0":"post-8837","1":"product","2":"type-product","3":"status-publish","4":"has-post-thumbnail","6":"product_cat-dermatologie","7":"product_cat-preparations-pour-pathologies-diverses","9":"first","10":"instock","11":"shipping-taxable","12":"product-type-simple"},"_links":{"self":[{"href":"https:\/\/www.pharmacieparvais.com\/index.php\/wp-json\/wp\/v2\/product\/8837","targetHints":{"allow":["GET"]}}],"collection":[{"href":"https:\/\/www.pharmacieparvais.com\/index.php\/wp-json\/wp\/v2\/product"}],"about":[{"href":"https:\/\/www.pharmacieparvais.com\/index.php\/wp-json\/wp\/v2\/types\/product"}],"wp:featuredmedia":[{"embeddable":true,"href":"https:\/\/www.pharmacieparvais.com\/index.php\/wp-json\/wp\/v2\/media\/9832"}],"wp:attachment":[{"href":"https:\/\/www.pharmacieparvais.com\/index.php\/wp-json\/wp\/v2\/media?parent=8837"}],"wp:term":[{"taxonomy":"product_brand","embeddable":true,"href":"https:\/\/www.pharmacieparvais.com\/index.php\/wp-json\/wp\/v2\/product_brand?post=8837"},{"taxonomy":"product_cat","embeddable":true,"href":"https:\/\/www.pharmacieparvais.com\/index.php\/wp-json\/wp\/v2\/product_cat?post=8837"},{"taxonomy":"product_tag","embeddable":true,"href":"https:\/\/www.pharmacieparvais.com\/index.php\/wp-json\/wp\/v2\/product_tag?post=8837"}],"curies":[{"name":"wp","href":"https:\/\/api.w.org\/{rel}","templated":true}]}}