{"id":8835,"date":"2020-04-13T18:33:34","date_gmt":"2020-04-13T16:33:34","guid":{"rendered":"https:\/\/www.pharmacieparvais.com\/?post_type=product&#038;p=8835"},"modified":"2020-07-19T20:17:05","modified_gmt":"2020-07-19T18:17:05","slug":"solution-contre-abces-dentaire-aux-huiles-essentielles","status":"publish","type":"product","link":"https:\/\/www.pharmacieparvais.com\/index.php\/product\/solution-contre-abces-dentaire-aux-huiles-essentielles\/","title":{"rendered":"Solution abc\u00e8s dentaire"},"content":{"rendered":"","protected":false},"excerpt":{"rendered":"<p><strong><span lang=\"FR\">Indication :<\/span><\/strong><span lang=\"FR\">\u00a0Compos\u00e9e de 2 huiles essentielles, elle est conseill\u00e9e en cas d&#8217;infection de la gencive ou d&#8217;abc\u00e8s dentaire en attentant un rendez-vous chez le dentiste. Elle assainit et anesth\u00e9sie localement<br \/>\n<\/span><span lang=\"FR\"><br \/>\n<strong>Posologie :<\/strong>\u00a0appliquer 3 \u00e0 4 fois par jour localement, avec un coton-tige ou une compresse impr\u00e9gn\u00e9e <\/span><\/p>\n<p><span lang=\"FR\"><strong>Pr\u00e9cautions d\u2019usage :<\/strong>\u00a0agitez avant usage.\u00a0 Go\u00fbt fort li\u00e9 \u00e0 la pr\u00e9sence d\u2019huiles essentielles.\u00a0 Consultez rapidement un m\u00e9decin ou un dentiste<\/span><\/p>\n","protected":false},"featured_media":9622,"template":"","meta":[],"product_brand":[],"product_cat":[42],"product_tag":[],"class_list":{"0":"post-8835","1":"product","2":"type-product","3":"status-publish","4":"has-post-thumbnail","6":"product_cat-infections-orl","8":"first","9":"instock","10":"shipping-taxable","11":"product-type-simple"},"_links":{"self":[{"href":"https:\/\/www.pharmacieparvais.com\/index.php\/wp-json\/wp\/v2\/product\/8835","targetHints":{"allow":["GET"]}}],"collection":[{"href":"https:\/\/www.pharmacieparvais.com\/index.php\/wp-json\/wp\/v2\/product"}],"about":[{"href":"https:\/\/www.pharmacieparvais.com\/index.php\/wp-json\/wp\/v2\/types\/product"}],"wp:featuredmedia":[{"embeddable":true,"href":"https:\/\/www.pharmacieparvais.com\/index.php\/wp-json\/wp\/v2\/media\/9622"}],"wp:attachment":[{"href":"https:\/\/www.pharmacieparvais.com\/index.php\/wp-json\/wp\/v2\/media?parent=8835"}],"wp:term":[{"taxonomy":"product_brand","embeddable":true,"href":"https:\/\/www.pharmacieparvais.com\/index.php\/wp-json\/wp\/v2\/product_brand?post=8835"},{"taxonomy":"product_cat","embeddable":true,"href":"https:\/\/www.pharmacieparvais.com\/index.php\/wp-json\/wp\/v2\/product_cat?post=8835"},{"taxonomy":"product_tag","embeddable":true,"href":"https:\/\/www.pharmacieparvais.com\/index.php\/wp-json\/wp\/v2\/product_tag?post=8835"}],"curies":[{"name":"wp","href":"https:\/\/api.w.org\/{rel}","templated":true}]}}