{"id":8833,"date":"2020-04-13T18:31:34","date_gmt":"2020-04-13T16:31:34","guid":{"rendered":"https:\/\/www.pharmacieparvais.com\/?post_type=product&#038;p=8833"},"modified":"2020-07-06T18:43:49","modified_gmt":"2020-07-06T16:43:49","slug":"gel-buccal-anti-aphtes","status":"publish","type":"product","link":"https:\/\/www.pharmacieparvais.com\/index.php\/product\/gel-buccal-anti-aphtes\/","title":{"rendered":"Gel buccal anti-aphtes"},"content":{"rendered":"","protected":false},"excerpt":{"rendered":"<p><strong>Indication :<\/strong>\u00a0il soigne les aphtes ou\/et toutes les ulc\u00e9rations ou blessures buccales gr\u00e2ce \u00e0 ses 4 huiles essentielles et sa texture protectrice, r\u00e9paratrice et son pouvoir anti inflammatoire<\/p>\n<p><strong>Posologie :<\/strong>\u00a0appliquez \u00e0 l\u2019aide d\u2019un coton-tige 4 \u00e0 6 fois par jour apr\u00e8s le repas ou apr\u00e8s avoir bu. La zone trait\u00e9e doit \u00eatre ass\u00e9ch\u00e9e au pr\u00e9alable avec une compresse ou un essuie tout. Laissez durcir le gel pendant quelques secondes avant de fermer la bouche.<\/p>\n<p><strong>Pr\u00e9cautions d\u2019usage :<\/strong>\u00a0appliquez le produit localement pour \u00e9viter d\u2019endormir la totalit\u00e9 de la bouche. Ne pas utiliser sur herp\u00e8s ou mycose buccale. Nous sommes l\u00e0 pour vous conseiller si vous avez le moindre doute sur l\u2019utilisation de notre gel.<\/p>\n","protected":false},"featured_media":9438,"template":"","meta":[],"product_brand":[],"product_cat":[40,42],"product_tag":[],"class_list":{"0":"post-8833","1":"product","2":"type-product","3":"status-publish","4":"has-post-thumbnail","6":"product_cat-dermatologie","7":"product_cat-infections-orl","9":"first","10":"instock","11":"shipping-taxable","12":"product-type-simple"},"_links":{"self":[{"href":"https:\/\/www.pharmacieparvais.com\/index.php\/wp-json\/wp\/v2\/product\/8833","targetHints":{"allow":["GET"]}}],"collection":[{"href":"https:\/\/www.pharmacieparvais.com\/index.php\/wp-json\/wp\/v2\/product"}],"about":[{"href":"https:\/\/www.pharmacieparvais.com\/index.php\/wp-json\/wp\/v2\/types\/product"}],"wp:featuredmedia":[{"embeddable":true,"href":"https:\/\/www.pharmacieparvais.com\/index.php\/wp-json\/wp\/v2\/media\/9438"}],"wp:attachment":[{"href":"https:\/\/www.pharmacieparvais.com\/index.php\/wp-json\/wp\/v2\/media?parent=8833"}],"wp:term":[{"taxonomy":"product_brand","embeddable":true,"href":"https:\/\/www.pharmacieparvais.com\/index.php\/wp-json\/wp\/v2\/product_brand?post=8833"},{"taxonomy":"product_cat","embeddable":true,"href":"https:\/\/www.pharmacieparvais.com\/index.php\/wp-json\/wp\/v2\/product_cat?post=8833"},{"taxonomy":"product_tag","embeddable":true,"href":"https:\/\/www.pharmacieparvais.com\/index.php\/wp-json\/wp\/v2\/product_tag?post=8833"}],"curies":[{"name":"wp","href":"https:\/\/api.w.org\/{rel}","templated":true}]}}