{"id":8831,"date":"2020-04-13T18:29:00","date_gmt":"2020-04-13T16:29:00","guid":{"rendered":"https:\/\/www.pharmacieparvais.com\/?post_type=product&#038;p=8831"},"modified":"2020-08-27T17:44:34","modified_gmt":"2020-08-27T15:44:34","slug":"pommade-contre-lherpes-aux-7-huiles-essentielles","status":"publish","type":"product","link":"https:\/\/www.pharmacieparvais.com\/index.php\/product\/pommade-contre-lherpes-aux-7-huiles-essentielles\/","title":{"rendered":"Pommade contre l\u2019herp\u00e8s"},"content":{"rendered":"","protected":false},"excerpt":{"rendered":"<p><strong>Indication:<\/strong>\u00a0aide \u00e0 emp\u00eacher le d\u00e9veloppement et la propagation du virus de l&#8217;herp\u00e8s.<br \/>\n<strong>Posologie:<\/strong>\u00a0\u00e0 appliquer localement 5 x\/jour. Bien se laver les mains apr\u00e8s usage.<br \/>\n<strong>Pr\u00e9cautions d&#8217;usage:<\/strong>\u00a0peut picoter en raison de la pr\u00e9sence d&#8217;huiles essentielles; herp\u00e8s contagieux donc contact direct \u00e0 \u00e9viter.<\/p>\n<p>Bien prot\u00e9ger les l\u00e8vres avec un \u00e9cran anti UV \u00e0 usage personnel.<\/p>\n","protected":false},"featured_media":9524,"template":"","meta":[],"product_brand":[],"product_cat":[40,42,41],"product_tag":[],"class_list":{"0":"post-8831","1":"product","2":"type-product","3":"status-publish","4":"has-post-thumbnail","6":"product_cat-dermatologie","7":"product_cat-infections-orl","8":"product_cat-produits-ete","10":"first","11":"instock","12":"shipping-taxable","13":"product-type-simple"},"_links":{"self":[{"href":"https:\/\/www.pharmacieparvais.com\/index.php\/wp-json\/wp\/v2\/product\/8831","targetHints":{"allow":["GET"]}}],"collection":[{"href":"https:\/\/www.pharmacieparvais.com\/index.php\/wp-json\/wp\/v2\/product"}],"about":[{"href":"https:\/\/www.pharmacieparvais.com\/index.php\/wp-json\/wp\/v2\/types\/product"}],"wp:featuredmedia":[{"embeddable":true,"href":"https:\/\/www.pharmacieparvais.com\/index.php\/wp-json\/wp\/v2\/media\/9524"}],"wp:attachment":[{"href":"https:\/\/www.pharmacieparvais.com\/index.php\/wp-json\/wp\/v2\/media?parent=8831"}],"wp:term":[{"taxonomy":"product_brand","embeddable":true,"href":"https:\/\/www.pharmacieparvais.com\/index.php\/wp-json\/wp\/v2\/product_brand?post=8831"},{"taxonomy":"product_cat","embeddable":true,"href":"https:\/\/www.pharmacieparvais.com\/index.php\/wp-json\/wp\/v2\/product_cat?post=8831"},{"taxonomy":"product_tag","embeddable":true,"href":"https:\/\/www.pharmacieparvais.com\/index.php\/wp-json\/wp\/v2\/product_tag?post=8831"}],"curies":[{"name":"wp","href":"https:\/\/api.w.org\/{rel}","templated":true}]}}