{"id":8829,"date":"2020-04-13T18:14:55","date_gmt":"2020-04-13T16:14:55","guid":{"rendered":"https:\/\/www.pharmacieparvais.com\/?post_type=product&#038;p=8829"},"modified":"2020-07-20T09:29:37","modified_gmt":"2020-07-20T07:29:37","slug":"gouttes-nasales-huileuses-aux-huiles-essentielles","status":"publish","type":"product","link":"https:\/\/www.pharmacieparvais.com\/index.php\/product\/gouttes-nasales-huileuses-aux-huiles-essentielles\/","title":{"rendered":"Gouttes nasales aromatiques"},"content":{"rendered":"","protected":false},"excerpt":{"rendered":"<p><strong><span lang=\"FR\">Indication :<\/span><\/strong><span lang=\"FR\">\u00a0compos\u00e9es de 10 huiles essentielles et v\u00e9g\u00e9tales, elles d\u00e9sinfectent le nez et la gorge. Tr\u00e8s efficaces pour soigner la sinusite aigue ou chronique<\/span><\/p>\n<p><strong><span lang=\"FR\">Posologie :<\/span><\/strong><span lang=\"FR\">\u00a04 fois par jour un demi compte-gouttes dans chaque narine<\/span><\/p>\n<p><strong><span lang=\"FR\">Pr\u00e9cautions d\u2019usage :<\/span><\/strong><span lang=\"FR\">\u00a0penchez la t\u00eate en arri\u00e8re car gouttes huileuses. Picotements possibles si muqueuses sensibles. Si pas d&#8217;am\u00e9lioration de la sinusite dans les 3 jours, consultez votre m\u00e9decin.<\/span><\/p>\n","protected":false},"featured_media":9458,"template":"","meta":[],"product_brand":[],"product_cat":[40,42],"product_tag":[],"class_list":{"0":"post-8829","1":"product","2":"type-product","3":"status-publish","4":"has-post-thumbnail","6":"product_cat-dermatologie","7":"product_cat-infections-orl","9":"first","10":"instock","11":"shipping-taxable","12":"product-type-simple"},"_links":{"self":[{"href":"https:\/\/www.pharmacieparvais.com\/index.php\/wp-json\/wp\/v2\/product\/8829","targetHints":{"allow":["GET"]}}],"collection":[{"href":"https:\/\/www.pharmacieparvais.com\/index.php\/wp-json\/wp\/v2\/product"}],"about":[{"href":"https:\/\/www.pharmacieparvais.com\/index.php\/wp-json\/wp\/v2\/types\/product"}],"wp:featuredmedia":[{"embeddable":true,"href":"https:\/\/www.pharmacieparvais.com\/index.php\/wp-json\/wp\/v2\/media\/9458"}],"wp:attachment":[{"href":"https:\/\/www.pharmacieparvais.com\/index.php\/wp-json\/wp\/v2\/media?parent=8829"}],"wp:term":[{"taxonomy":"product_brand","embeddable":true,"href":"https:\/\/www.pharmacieparvais.com\/index.php\/wp-json\/wp\/v2\/product_brand?post=8829"},{"taxonomy":"product_cat","embeddable":true,"href":"https:\/\/www.pharmacieparvais.com\/index.php\/wp-json\/wp\/v2\/product_cat?post=8829"},{"taxonomy":"product_tag","embeddable":true,"href":"https:\/\/www.pharmacieparvais.com\/index.php\/wp-json\/wp\/v2\/product_tag?post=8829"}],"curies":[{"name":"wp","href":"https:\/\/api.w.org\/{rel}","templated":true}]}}