{"id":8825,"date":"2020-04-11T16:30:30","date_gmt":"2020-04-11T14:30:30","guid":{"rendered":"https:\/\/www.pharmacieparvais.com\/?post_type=product&#038;p=8825"},"modified":"2020-06-20T21:07:46","modified_gmt":"2020-06-20T19:07:46","slug":"huile-de-massage-relaxante-aux-huiles-essentielles","status":"publish","type":"product","link":"https:\/\/www.pharmacieparvais.com\/index.php\/product\/huile-de-massage-relaxante-aux-huiles-essentielles\/","title":{"rendered":"Huile de massage relaxante"},"content":{"rendered":"","protected":false},"excerpt":{"rendered":"<p><strong>Indication :<\/strong><strong>\u00a0<\/strong>compos\u00e9e de 3 huiles essentielles et d&#8217;1 huile v\u00e9g\u00e9tale bio. A utiliser pour un massage relaxant et apaisant.<br \/>\n<strong>Posologie :<\/strong>\u00a0massez la zone contract\u00e9e pour d\u00e9tendre puis appliquer au choix le long de la colonne vert\u00e9brale, du plexus ou de la vo\u00fbte plantaire.<br \/>\n<strong>Pr\u00e9cautions d\u2019usage :<\/strong>\u00a0Attention \u00e0 ne pas en mettre dans les yeux.<\/p>\n<p><span style=\"color: #ff0000;\"><strong>Usage Externe<\/strong><\/span><\/p>\n","protected":false},"featured_media":9449,"template":"","meta":[],"product_brand":[],"product_cat":[15],"product_tag":[],"class_list":{"0":"post-8825","1":"product","2":"type-product","3":"status-publish","4":"has-post-thumbnail","6":"product_cat-beaute-bien-etre","8":"first","9":"instock","10":"shipping-taxable","11":"product-type-simple"},"_links":{"self":[{"href":"https:\/\/www.pharmacieparvais.com\/index.php\/wp-json\/wp\/v2\/product\/8825","targetHints":{"allow":["GET"]}}],"collection":[{"href":"https:\/\/www.pharmacieparvais.com\/index.php\/wp-json\/wp\/v2\/product"}],"about":[{"href":"https:\/\/www.pharmacieparvais.com\/index.php\/wp-json\/wp\/v2\/types\/product"}],"wp:featuredmedia":[{"embeddable":true,"href":"https:\/\/www.pharmacieparvais.com\/index.php\/wp-json\/wp\/v2\/media\/9449"}],"wp:attachment":[{"href":"https:\/\/www.pharmacieparvais.com\/index.php\/wp-json\/wp\/v2\/media?parent=8825"}],"wp:term":[{"taxonomy":"product_brand","embeddable":true,"href":"https:\/\/www.pharmacieparvais.com\/index.php\/wp-json\/wp\/v2\/product_brand?post=8825"},{"taxonomy":"product_cat","embeddable":true,"href":"https:\/\/www.pharmacieparvais.com\/index.php\/wp-json\/wp\/v2\/product_cat?post=8825"},{"taxonomy":"product_tag","embeddable":true,"href":"https:\/\/www.pharmacieparvais.com\/index.php\/wp-json\/wp\/v2\/product_tag?post=8825"}],"curies":[{"name":"wp","href":"https:\/\/api.w.org\/{rel}","templated":true}]}}