{"id":8823,"date":"2020-04-11T16:28:19","date_gmt":"2020-04-11T14:28:19","guid":{"rendered":"https:\/\/www.pharmacieparvais.com\/?post_type=product&#038;p=8823"},"modified":"2020-06-20T21:08:38","modified_gmt":"2020-06-20T19:08:38","slug":"huile-visage-essentielle","status":"publish","type":"product","link":"https:\/\/www.pharmacieparvais.com\/index.php\/product\/huile-visage-essentielle\/","title":{"rendered":"Huile visage Essentielle"},"content":{"rendered":"","protected":false},"excerpt":{"rendered":"<p><strong>Indications :<\/strong>\u00a0huile r\u00e9g\u00e9n\u00e9rante, anti-rides et hydratante 100% naturelle aux 6 huiles v\u00e9g\u00e9tales bios et 6 huiles essentielles.<br \/>\n<strong>Posologie :<\/strong>\u00a0en soin de jour ou de nuit, \u00e0 appliquer seule ou dans la cr\u00e8me de soin. Quelques gouttes suffisent.<br \/>\n<strong>Pr\u00e9cautions d\u2019usage :<\/strong>\u00a0\u00e9vitez l\u2019application sur les paupi\u00e8res et dans les yeux. En cas d\u2019application accidentelle, rincez les yeux \u00e0 l\u2019huile d\u2019amande douce puis abondamment \u00e0 l\u2019aide de s\u00e9rum physiologique.<\/p>\n<p><span style=\"color: #ff0000;\"><strong>Usage Externe<\/strong><\/span><\/p>\n","protected":false},"featured_media":9456,"template":"","meta":[],"product_brand":[],"product_cat":[15],"product_tag":[],"class_list":{"0":"post-8823","1":"product","2":"type-product","3":"status-publish","4":"has-post-thumbnail","6":"product_cat-beaute-bien-etre","8":"first","9":"instock","10":"shipping-taxable","11":"product-type-simple"},"_links":{"self":[{"href":"https:\/\/www.pharmacieparvais.com\/index.php\/wp-json\/wp\/v2\/product\/8823","targetHints":{"allow":["GET"]}}],"collection":[{"href":"https:\/\/www.pharmacieparvais.com\/index.php\/wp-json\/wp\/v2\/product"}],"about":[{"href":"https:\/\/www.pharmacieparvais.com\/index.php\/wp-json\/wp\/v2\/types\/product"}],"wp:featuredmedia":[{"embeddable":true,"href":"https:\/\/www.pharmacieparvais.com\/index.php\/wp-json\/wp\/v2\/media\/9456"}],"wp:attachment":[{"href":"https:\/\/www.pharmacieparvais.com\/index.php\/wp-json\/wp\/v2\/media?parent=8823"}],"wp:term":[{"taxonomy":"product_brand","embeddable":true,"href":"https:\/\/www.pharmacieparvais.com\/index.php\/wp-json\/wp\/v2\/product_brand?post=8823"},{"taxonomy":"product_cat","embeddable":true,"href":"https:\/\/www.pharmacieparvais.com\/index.php\/wp-json\/wp\/v2\/product_cat?post=8823"},{"taxonomy":"product_tag","embeddable":true,"href":"https:\/\/www.pharmacieparvais.com\/index.php\/wp-json\/wp\/v2\/product_tag?post=8823"}],"curies":[{"name":"wp","href":"https:\/\/api.w.org\/{rel}","templated":true}]}}