{"id":8821,"date":"2020-06-11T16:25:49","date_gmt":"2020-06-11T14:25:49","guid":{"rendered":"https:\/\/www.pharmacieparvais.com\/?post_type=product&#038;p=8821"},"modified":"2020-07-21T20:16:10","modified_gmt":"2020-07-21T18:16:10","slug":"creme-mains","status":"publish","type":"product","link":"https:\/\/www.pharmacieparvais.com\/index.php\/product\/creme-mains\/","title":{"rendered":"Cr\u00e8me r\u00e9paratrice pour les mains"},"content":{"rendered":"","protected":false},"excerpt":{"rendered":"<p><strong>Indication :<\/strong>\u00a0apaise, r\u00e9pare et hydrate intens\u00e9ment les mains tout en les prot\u00e9geant du <span lang=\"FR\">dess\u00e8chement <\/span> cutan\u00e9.<br \/>\nElle p\u00e9n\u00e8tre rapidement et laisse un film protecteur. D\u00e9licatement parfum\u00e9e \u00e0 l\u2019huile essentielle de noyaux d\u2019abricot.<\/p>\n<p>Conseill\u00e9e en pr\u00e9vention pour les mains soumises aux gros travaux (m\u00e9tiers du b\u00e2timent, jardinage, &#8230;) ou soumises \u00e0 des nettoyages fr\u00e9quents (infirmi\u00e8res, kin\u00e9s &#8230;)<\/p>\n<p><strong>Posologie :<\/strong>\u00a0quantit\u00e9 et fr\u00e9quence en fonction de l\u2019\u00e9tat de s\u00e9cheresse.<\/p>\n<p><strong>Aussi disponible en format poche<\/strong><\/p>\n<p><span style=\"color: #ff0000;\"><strong>Usage externe<\/strong><\/span><\/p>\n","protected":false},"featured_media":9826,"template":"","meta":[],"product_brand":[],"product_cat":[15,40],"product_tag":[],"class_list":{"0":"post-8821","1":"product","2":"type-product","3":"status-publish","4":"has-post-thumbnail","6":"product_cat-beaute-bien-etre","7":"product_cat-dermatologie","9":"first","10":"instock","11":"shipping-taxable","12":"product-type-simple"},"_links":{"self":[{"href":"https:\/\/www.pharmacieparvais.com\/index.php\/wp-json\/wp\/v2\/product\/8821","targetHints":{"allow":["GET"]}}],"collection":[{"href":"https:\/\/www.pharmacieparvais.com\/index.php\/wp-json\/wp\/v2\/product"}],"about":[{"href":"https:\/\/www.pharmacieparvais.com\/index.php\/wp-json\/wp\/v2\/types\/product"}],"wp:featuredmedia":[{"embeddable":true,"href":"https:\/\/www.pharmacieparvais.com\/index.php\/wp-json\/wp\/v2\/media\/9826"}],"wp:attachment":[{"href":"https:\/\/www.pharmacieparvais.com\/index.php\/wp-json\/wp\/v2\/media?parent=8821"}],"wp:term":[{"taxonomy":"product_brand","embeddable":true,"href":"https:\/\/www.pharmacieparvais.com\/index.php\/wp-json\/wp\/v2\/product_brand?post=8821"},{"taxonomy":"product_cat","embeddable":true,"href":"https:\/\/www.pharmacieparvais.com\/index.php\/wp-json\/wp\/v2\/product_cat?post=8821"},{"taxonomy":"product_tag","embeddable":true,"href":"https:\/\/www.pharmacieparvais.com\/index.php\/wp-json\/wp\/v2\/product_tag?post=8821"}],"curies":[{"name":"wp","href":"https:\/\/api.w.org\/{rel}","templated":true}]}}