{"id":8706,"date":"2020-04-01T15:19:22","date_gmt":"2020-04-01T13:19:22","guid":{"rendered":"https:\/\/www.pharmacieparvais.com\/?post_type=product&#038;p=8706"},"modified":"2020-07-14T20:13:22","modified_gmt":"2020-07-14T18:13:22","slug":"huile-de-massage-confort-sciatique-aux-huiles-essentielles","status":"publish","type":"product","link":"https:\/\/www.pharmacieparvais.com\/index.php\/product\/huile-de-massage-confort-sciatique-aux-huiles-essentielles\/","title":{"rendered":"Huile de massage confort sciatique"},"content":{"rendered":"","protected":false},"excerpt":{"rendered":"<p><strong>Indication : <\/strong>cette huile contient 8 huiles essentielles et 4 huiles v\u00e9g\u00e9tales antalgiques et anti-inflammatoires. \u00a0Elle permet de r\u00e9duire les douleurs nerveuses.<\/p>\n<p><strong>Posologie :<\/strong>\u00a0massez 2 \u00e0 3 fois par jour la zone d\u2019origine du probl\u00e8me et non toute la zone d\u2019irradiation de la douleur.<\/p>\n<p><strong>Pr\u00e9cautions d\u2019usage :<\/strong>\u00a0\u00e9vitez le contact avec les yeux. Elle est tr\u00e8s efficace en compl\u00e9ment de s\u00e9ances de kin\u00e9sith\u00e9rapie appropri\u00e9e.<\/p>\n","protected":false},"featured_media":9572,"template":"","meta":[],"product_brand":[],"product_cat":[43,49],"product_tag":[],"class_list":{"0":"post-8706","1":"product","2":"type-product","3":"status-publish","4":"has-post-thumbnail","6":"product_cat-preparations-pour-pathologies-diverses","7":"product_cat-sport","9":"first","10":"instock","11":"shipping-taxable","12":"product-type-simple"},"_links":{"self":[{"href":"https:\/\/www.pharmacieparvais.com\/index.php\/wp-json\/wp\/v2\/product\/8706","targetHints":{"allow":["GET"]}}],"collection":[{"href":"https:\/\/www.pharmacieparvais.com\/index.php\/wp-json\/wp\/v2\/product"}],"about":[{"href":"https:\/\/www.pharmacieparvais.com\/index.php\/wp-json\/wp\/v2\/types\/product"}],"wp:featuredmedia":[{"embeddable":true,"href":"https:\/\/www.pharmacieparvais.com\/index.php\/wp-json\/wp\/v2\/media\/9572"}],"wp:attachment":[{"href":"https:\/\/www.pharmacieparvais.com\/index.php\/wp-json\/wp\/v2\/media?parent=8706"}],"wp:term":[{"taxonomy":"product_brand","embeddable":true,"href":"https:\/\/www.pharmacieparvais.com\/index.php\/wp-json\/wp\/v2\/product_brand?post=8706"},{"taxonomy":"product_cat","embeddable":true,"href":"https:\/\/www.pharmacieparvais.com\/index.php\/wp-json\/wp\/v2\/product_cat?post=8706"},{"taxonomy":"product_tag","embeddable":true,"href":"https:\/\/www.pharmacieparvais.com\/index.php\/wp-json\/wp\/v2\/product_tag?post=8706"}],"curies":[{"name":"wp","href":"https:\/\/api.w.org\/{rel}","templated":true}]}}