{"id":8702,"date":"2020-04-01T15:17:01","date_gmt":"2020-04-01T13:17:01","guid":{"rendered":"https:\/\/www.pharmacieparvais.com\/?post_type=product&#038;p=8702"},"modified":"2020-07-19T20:32:09","modified_gmt":"2020-07-19T18:32:09","slug":"huile-de-massage-confort-articulations-aux-huiles-essentielles","status":"publish","type":"product","link":"https:\/\/www.pharmacieparvais.com\/index.php\/product\/huile-de-massage-confort-articulations-aux-huiles-essentielles\/","title":{"rendered":"Huile de massage confort articulations"},"content":{"rendered":"","protected":false},"excerpt":{"rendered":"<p><strong><span lang=\"FR\">Indication :<\/span><\/strong><span lang=\"FR\">\u00a0cette huile de massage est compos\u00e9e de 4 huiles essentielles et d\u20191 huile v\u00e9g\u00e9tale bio. Id\u00e9ale en cas d\u2019arthrose et de douleurs articulaires afin d\u2019am\u00e9liorer la mobilit\u00e9 et de calmer la douleur.<br \/>\n<strong>Posologie :<\/strong>\u00a0massez pr\u00e9alablement \u00e0 \u201csec\u201d pour assouplir l\u2019articulation douloureuse et activer la circulation. Ensuite, mettez quelques gouttes de l\u2019huile de massage et massez du bout des doigts. Appliquez 2 \u00e0 3 fois par jour.<\/span><\/p>\n<p><strong><span lang=\"FR\">Pr\u00e9cautions d\u2019usage :<\/span><\/strong><span lang=\"FR\">\u00a0\u00e9vitez le contact avec les yeux<\/span><\/p>\n<p><span style=\"color: #ff0000;\"><strong>Usage Externe<\/strong><\/span><\/p>\n","protected":false},"featured_media":9570,"template":"","meta":[],"product_brand":[],"product_cat":[43,49],"product_tag":[],"class_list":{"0":"post-8702","1":"product","2":"type-product","3":"status-publish","4":"has-post-thumbnail","6":"product_cat-preparations-pour-pathologies-diverses","7":"product_cat-sport","9":"first","10":"instock","11":"shipping-taxable","12":"product-type-simple"},"_links":{"self":[{"href":"https:\/\/www.pharmacieparvais.com\/index.php\/wp-json\/wp\/v2\/product\/8702","targetHints":{"allow":["GET"]}}],"collection":[{"href":"https:\/\/www.pharmacieparvais.com\/index.php\/wp-json\/wp\/v2\/product"}],"about":[{"href":"https:\/\/www.pharmacieparvais.com\/index.php\/wp-json\/wp\/v2\/types\/product"}],"wp:featuredmedia":[{"embeddable":true,"href":"https:\/\/www.pharmacieparvais.com\/index.php\/wp-json\/wp\/v2\/media\/9570"}],"wp:attachment":[{"href":"https:\/\/www.pharmacieparvais.com\/index.php\/wp-json\/wp\/v2\/media?parent=8702"}],"wp:term":[{"taxonomy":"product_brand","embeddable":true,"href":"https:\/\/www.pharmacieparvais.com\/index.php\/wp-json\/wp\/v2\/product_brand?post=8702"},{"taxonomy":"product_cat","embeddable":true,"href":"https:\/\/www.pharmacieparvais.com\/index.php\/wp-json\/wp\/v2\/product_cat?post=8702"},{"taxonomy":"product_tag","embeddable":true,"href":"https:\/\/www.pharmacieparvais.com\/index.php\/wp-json\/wp\/v2\/product_tag?post=8702"}],"curies":[{"name":"wp","href":"https:\/\/api.w.org\/{rel}","templated":true}]}}