{"id":8694,"date":"2020-04-01T14:20:18","date_gmt":"2020-04-01T12:20:18","guid":{"rendered":"https:\/\/www.pharmacieparvais.com\/?post_type=product&#038;p=8694"},"modified":"2020-07-06T18:14:09","modified_gmt":"2020-07-06T16:14:09","slug":"huile-de-massage-contractures-musculaires-aux-huiles-essentielles","status":"publish","type":"product","link":"https:\/\/www.pharmacieparvais.com\/index.php\/product\/huile-de-massage-contractures-musculaires-aux-huiles-essentielles\/","title":{"rendered":"Huile de massage contractures musculaires"},"content":{"rendered":"","protected":false},"excerpt":{"rendered":"<p><strong>Indication :\u00a0<\/strong>compos\u00e9e de 6 huiles essentielles et d&#8217;1 huile v\u00e9g\u00e9tale, elle d\u00e9tend les courbatures musculaires, contractures et torticolis.<\/p>\n<p><strong>Posologie :<\/strong>\u00a0massez 2 \u00e0 3 fois par jour. Gardez le muscle \u00ab\u00a0au chaud\u00a0\u00bb afin de stimuler le rel\u00e2chement<\/p>\n<p><strong>Pr\u00e9cautions d\u2019usage :<\/strong>\u00a0\u00e9vitez le contact avec les yeux<\/p>\n<p><span style=\"color: #ff0000;\"><strong>Usage Externe<\/strong><\/span><\/p>\n","protected":false},"featured_media":9575,"template":"","meta":[],"product_brand":[],"product_cat":[43,49],"product_tag":[],"class_list":{"0":"post-8694","1":"product","2":"type-product","3":"status-publish","4":"has-post-thumbnail","6":"product_cat-preparations-pour-pathologies-diverses","7":"product_cat-sport","9":"first","10":"instock","11":"shipping-taxable","12":"product-type-simple"},"_links":{"self":[{"href":"https:\/\/www.pharmacieparvais.com\/index.php\/wp-json\/wp\/v2\/product\/8694","targetHints":{"allow":["GET"]}}],"collection":[{"href":"https:\/\/www.pharmacieparvais.com\/index.php\/wp-json\/wp\/v2\/product"}],"about":[{"href":"https:\/\/www.pharmacieparvais.com\/index.php\/wp-json\/wp\/v2\/types\/product"}],"wp:featuredmedia":[{"embeddable":true,"href":"https:\/\/www.pharmacieparvais.com\/index.php\/wp-json\/wp\/v2\/media\/9575"}],"wp:attachment":[{"href":"https:\/\/www.pharmacieparvais.com\/index.php\/wp-json\/wp\/v2\/media?parent=8694"}],"wp:term":[{"taxonomy":"product_brand","embeddable":true,"href":"https:\/\/www.pharmacieparvais.com\/index.php\/wp-json\/wp\/v2\/product_brand?post=8694"},{"taxonomy":"product_cat","embeddable":true,"href":"https:\/\/www.pharmacieparvais.com\/index.php\/wp-json\/wp\/v2\/product_cat?post=8694"},{"taxonomy":"product_tag","embeddable":true,"href":"https:\/\/www.pharmacieparvais.com\/index.php\/wp-json\/wp\/v2\/product_tag?post=8694"}],"curies":[{"name":"wp","href":"https:\/\/api.w.org\/{rel}","templated":true}]}}