{"id":8690,"date":"2020-04-01T14:08:24","date_gmt":"2020-04-01T12:08:24","guid":{"rendered":"https:\/\/www.pharmacieparvais.com\/?post_type=product&#038;p=8690"},"modified":"2020-06-20T21:36:05","modified_gmt":"2020-06-20T19:36:05","slug":"spry-gorge-miel-propolis","status":"publish","type":"product","link":"https:\/\/www.pharmacieparvais.com\/index.php\/product\/spry-gorge-miel-propolis\/","title":{"rendered":"Spray gorge miel-propolis"},"content":{"rendered":"","protected":false},"excerpt":{"rendered":"<p><strong><span lang=\"FR\">Indication :<\/span><\/strong><span lang=\"FR\">\u00a0il d\u00e9sinfecte et soulage le mal de gorge gr\u00e2ce \u00e0 la synergie des produits de la ruche<\/span><\/p>\n<p><strong><span lang=\"FR\">Posologie :<\/span><\/strong><span lang=\"FR\">\u00a03 \u00e0 5 pulv\u00e9risations par jour apr\u00e8s le repas ou apr\u00e8s avoir bu<\/span><\/p>\n<p><strong><span lang=\"FR\">Pr\u00e9cautions d\u2019usage :<\/span><\/strong><span lang=\"FR\">\u00a0agitez avant usage. Pas en dessous de 12 ans et contre indiqu\u00e9 pour la femme enceinte<\/span><\/p>\n","protected":false},"featured_media":8691,"template":"","meta":[],"product_brand":[],"product_cat":[42],"product_tag":[],"class_list":{"0":"post-8690","1":"product","2":"type-product","3":"status-publish","4":"has-post-thumbnail","6":"product_cat-infections-orl","8":"first","9":"instock","10":"shipping-taxable","11":"product-type-simple"},"_links":{"self":[{"href":"https:\/\/www.pharmacieparvais.com\/index.php\/wp-json\/wp\/v2\/product\/8690","targetHints":{"allow":["GET"]}}],"collection":[{"href":"https:\/\/www.pharmacieparvais.com\/index.php\/wp-json\/wp\/v2\/product"}],"about":[{"href":"https:\/\/www.pharmacieparvais.com\/index.php\/wp-json\/wp\/v2\/types\/product"}],"wp:featuredmedia":[{"embeddable":true,"href":"https:\/\/www.pharmacieparvais.com\/index.php\/wp-json\/wp\/v2\/media\/8691"}],"wp:attachment":[{"href":"https:\/\/www.pharmacieparvais.com\/index.php\/wp-json\/wp\/v2\/media?parent=8690"}],"wp:term":[{"taxonomy":"product_brand","embeddable":true,"href":"https:\/\/www.pharmacieparvais.com\/index.php\/wp-json\/wp\/v2\/product_brand?post=8690"},{"taxonomy":"product_cat","embeddable":true,"href":"https:\/\/www.pharmacieparvais.com\/index.php\/wp-json\/wp\/v2\/product_cat?post=8690"},{"taxonomy":"product_tag","embeddable":true,"href":"https:\/\/www.pharmacieparvais.com\/index.php\/wp-json\/wp\/v2\/product_tag?post=8690"}],"curies":[{"name":"wp","href":"https:\/\/api.w.org\/{rel}","templated":true}]}}