{"id":8688,"date":"2020-04-01T12:40:45","date_gmt":"2020-04-01T10:40:45","guid":{"rendered":"https:\/\/www.pharmacieparvais.com\/?post_type=product&#038;p=8688"},"modified":"2020-06-28T16:59:25","modified_gmt":"2020-06-28T14:59:25","slug":"creme-irritations-piqures-dinsectes","status":"publish","type":"product","link":"https:\/\/www.pharmacieparvais.com\/index.php\/product\/creme-irritations-piqures-dinsectes\/","title":{"rendered":"Cr\u00e8me irritations &#8211; piq\u00fbres d\u2019insectes"},"content":{"rendered":"","protected":false},"excerpt":{"rendered":"<p><strong>Indication :<\/strong>\u00a0elle agit contre les d\u00e9mangeaisons et \u00e9ryth\u00e8mes caus\u00e9s par les piq\u00fbres d\u2019insectes et de plantes<br \/>\n<strong>Posologie :<\/strong>\u00a0appliquez toutes les 2 heures si n\u00e9cessaire et couvrez avec un sparadrap pour prot\u00e9ger la peau du soleil car la cr\u00e8me peut \u00eatre photosensibilisante<br \/>\n<strong>Pr\u00e9cautions d\u2019usage :<\/strong>\u00a0conservez la cr\u00e8me au frigo ou \u00e0 d\u00e9faut dans un endroit frais. Evitez le contact avec les yeux et les plaies ouvertes. N&#8217;exposez pas les piq\u00fbres au soleil pour ne pas renforcer l\u2019\u0153d\u00e8me. Vous am\u00e9liorerez ainsi la cicatrisation. Ne pas appliquez chez les enfants en dessous de 6 ans.<\/p>\n","protected":false},"featured_media":9584,"template":"","meta":[],"product_brand":[],"product_cat":[41],"product_tag":[],"class_list":{"0":"post-8688","1":"product","2":"type-product","3":"status-publish","4":"has-post-thumbnail","6":"product_cat-produits-ete","8":"first","9":"instock","10":"shipping-taxable","11":"product-type-simple"},"_links":{"self":[{"href":"https:\/\/www.pharmacieparvais.com\/index.php\/wp-json\/wp\/v2\/product\/8688","targetHints":{"allow":["GET"]}}],"collection":[{"href":"https:\/\/www.pharmacieparvais.com\/index.php\/wp-json\/wp\/v2\/product"}],"about":[{"href":"https:\/\/www.pharmacieparvais.com\/index.php\/wp-json\/wp\/v2\/types\/product"}],"wp:featuredmedia":[{"embeddable":true,"href":"https:\/\/www.pharmacieparvais.com\/index.php\/wp-json\/wp\/v2\/media\/9584"}],"wp:attachment":[{"href":"https:\/\/www.pharmacieparvais.com\/index.php\/wp-json\/wp\/v2\/media?parent=8688"}],"wp:term":[{"taxonomy":"product_brand","embeddable":true,"href":"https:\/\/www.pharmacieparvais.com\/index.php\/wp-json\/wp\/v2\/product_brand?post=8688"},{"taxonomy":"product_cat","embeddable":true,"href":"https:\/\/www.pharmacieparvais.com\/index.php\/wp-json\/wp\/v2\/product_cat?post=8688"},{"taxonomy":"product_tag","embeddable":true,"href":"https:\/\/www.pharmacieparvais.com\/index.php\/wp-json\/wp\/v2\/product_tag?post=8688"}],"curies":[{"name":"wp","href":"https:\/\/api.w.org\/{rel}","templated":true}]}}