{"id":8680,"date":"2020-03-22T15:54:40","date_gmt":"2020-03-22T14:54:40","guid":{"rendered":"https:\/\/www.pharmacieparvais.com\/?post_type=product&#038;p=8680"},"modified":"2020-06-20T21:39:45","modified_gmt":"2020-06-20T19:39:45","slug":"suppositoires-confort-respiratoire-adultes-aux-huiles-essentielles-sans-prescription","status":"publish","type":"product","link":"https:\/\/www.pharmacieparvais.com\/index.php\/product\/suppositoires-confort-respiratoire-adultes-aux-huiles-essentielles-sans-prescription\/","title":{"rendered":"Suppositoires confort respiratoire adultes"},"content":{"rendered":"","protected":false},"excerpt":{"rendered":"<p><strong>Indication :<\/strong>\u00a0riche de 12 huiles essentielles, ils sont tr\u00e8s efficaces pour fluidifier les s\u00e9cr\u00e9tions et d\u00e9sinfecter les voies respiratoires et les sinus.<br \/>\n<strong>Posologie :\u00a0<\/strong>1 le matin et\/ou le soir, id\u00e9alement apr\u00e8s d\u00e9f\u00e9cation.<br \/>\n<strong>Pr\u00e9cautions d\u2019usage :\u00a0<\/strong>convient uniquement aux adultes<strong>.\u00a0<\/strong> Consultez un m\u00e9decin si pas d\u2019am\u00e9lioration\u00a0dans les 48h00.<\/p>\n","protected":false},"featured_media":9454,"template":"","meta":[],"product_brand":[],"product_cat":[42],"product_tag":[],"class_list":{"0":"post-8680","1":"product","2":"type-product","3":"status-publish","4":"has-post-thumbnail","6":"product_cat-infections-orl","8":"first","9":"instock","10":"shipping-taxable","11":"product-type-simple"},"_links":{"self":[{"href":"https:\/\/www.pharmacieparvais.com\/index.php\/wp-json\/wp\/v2\/product\/8680","targetHints":{"allow":["GET"]}}],"collection":[{"href":"https:\/\/www.pharmacieparvais.com\/index.php\/wp-json\/wp\/v2\/product"}],"about":[{"href":"https:\/\/www.pharmacieparvais.com\/index.php\/wp-json\/wp\/v2\/types\/product"}],"wp:featuredmedia":[{"embeddable":true,"href":"https:\/\/www.pharmacieparvais.com\/index.php\/wp-json\/wp\/v2\/media\/9454"}],"wp:attachment":[{"href":"https:\/\/www.pharmacieparvais.com\/index.php\/wp-json\/wp\/v2\/media?parent=8680"}],"wp:term":[{"taxonomy":"product_brand","embeddable":true,"href":"https:\/\/www.pharmacieparvais.com\/index.php\/wp-json\/wp\/v2\/product_brand?post=8680"},{"taxonomy":"product_cat","embeddable":true,"href":"https:\/\/www.pharmacieparvais.com\/index.php\/wp-json\/wp\/v2\/product_cat?post=8680"},{"taxonomy":"product_tag","embeddable":true,"href":"https:\/\/www.pharmacieparvais.com\/index.php\/wp-json\/wp\/v2\/product_tag?post=8680"}],"curies":[{"name":"wp","href":"https:\/\/api.w.org\/{rel}","templated":true}]}}