{"id":8678,"date":"2020-03-22T15:53:12","date_gmt":"2020-03-22T14:53:12","guid":{"rendered":"https:\/\/www.pharmacieparvais.com\/?post_type=product&#038;p=8678"},"modified":"2020-06-20T21:40:45","modified_gmt":"2020-06-20T19:40:45","slug":"suppositoires-expectorants-aux-huiles-essentielles-sur-prescription-medicale","status":"publish","type":"product","link":"https:\/\/www.pharmacieparvais.com\/index.php\/product\/suppositoires-expectorants-aux-huiles-essentielles-sur-prescription-medicale\/","title":{"rendered":"Suppositoires expectorants (sur prescription)"},"content":{"rendered":"","protected":false},"excerpt":{"rendered":"<p><strong><span lang=\"FR\">Indication :<\/span><\/strong><span lang=\"FR\">\u00a0ils agissent contre la toux grasse d\u00e8s l&#8217;\u00e2ge de 3 mois gr\u00e2ce \u00e0 la synergie de 12 huiles essentielles. Ils sont efficaces pour d\u00e9sinfecter les voies respiratoires et fluidifier les secr\u00e9tions. Ils sont d\u00e9livr\u00e9s en accord avec votre p\u00e9diatre ou g\u00e9n\u00e9raliste sur prescription m\u00e9dicale.<\/span><\/p>\n<p><strong><span lang=\"FR\">Posologie :<\/span><\/strong><span lang=\"FR\">\u00a01 le matin et\/ou 1 le soir, id\u00e9alement apr\u00e8s d\u00e9f\u00e9cation.<\/span><\/p>\n<p><strong><span lang=\"FR\">Pr\u00e9cautions d\u2019usage :<\/span><\/strong><span lang=\"FR\">\u00a0(re)consultez un m\u00e9decin si pas d\u2019am\u00e9lioration dans les 48h00. Conservez dans une boite herm\u00e9tique au frigo au pr\u00e9nom du patient (pour \u00e9viter les confusions de dosage entre enfants)<\/span><\/p>\n","protected":false},"featured_media":9443,"template":"","meta":[],"product_brand":[],"product_cat":[42],"product_tag":[],"class_list":{"0":"post-8678","1":"product","2":"type-product","3":"status-publish","4":"has-post-thumbnail","6":"product_cat-infections-orl","8":"first","9":"instock","10":"shipping-taxable","11":"product-type-simple"},"_links":{"self":[{"href":"https:\/\/www.pharmacieparvais.com\/index.php\/wp-json\/wp\/v2\/product\/8678","targetHints":{"allow":["GET"]}}],"collection":[{"href":"https:\/\/www.pharmacieparvais.com\/index.php\/wp-json\/wp\/v2\/product"}],"about":[{"href":"https:\/\/www.pharmacieparvais.com\/index.php\/wp-json\/wp\/v2\/types\/product"}],"wp:featuredmedia":[{"embeddable":true,"href":"https:\/\/www.pharmacieparvais.com\/index.php\/wp-json\/wp\/v2\/media\/9443"}],"wp:attachment":[{"href":"https:\/\/www.pharmacieparvais.com\/index.php\/wp-json\/wp\/v2\/media?parent=8678"}],"wp:term":[{"taxonomy":"product_brand","embeddable":true,"href":"https:\/\/www.pharmacieparvais.com\/index.php\/wp-json\/wp\/v2\/product_brand?post=8678"},{"taxonomy":"product_cat","embeddable":true,"href":"https:\/\/www.pharmacieparvais.com\/index.php\/wp-json\/wp\/v2\/product_cat?post=8678"},{"taxonomy":"product_tag","embeddable":true,"href":"https:\/\/www.pharmacieparvais.com\/index.php\/wp-json\/wp\/v2\/product_tag?post=8678"}],"curies":[{"name":"wp","href":"https:\/\/api.w.org\/{rel}","templated":true}]}}