{"id":8675,"date":"2020-03-22T15:51:40","date_gmt":"2020-03-22T14:51:40","guid":{"rendered":"https:\/\/www.pharmacieparvais.com\/?post_type=product&#038;p=8675"},"modified":"2020-06-20T21:36:51","modified_gmt":"2020-06-20T19:36:51","slug":"suppositoires-a-leucalyptus-radiata-de-0-a-2ans-et-2-a-8ans","status":"publish","type":"product","link":"https:\/\/www.pharmacieparvais.com\/index.php\/product\/suppositoires-a-leucalyptus-radiata-de-0-a-2ans-et-2-a-8ans\/","title":{"rendered":"Suppositoires \u00e0 l\u2019Eucalyptus Radiata"},"content":{"rendered":"","protected":false},"excerpt":{"rendered":"<p><strong>Indication :\u00a0<\/strong>ils facilitent l&#8217;expectoration et fluidifient les s\u00e9cr\u00e9tions. Sur conseil de votre pharmacien et en accord avec votre p\u00e9diatre, d\u00e8s les premiers sympt\u00f4mes<\/p>\n<p><strong>Posologie :\u00a0<\/strong>1 suppositoire le matin et\/ou 1 le soir, id\u00e9alement apr\u00e8s d\u00e9f\u00e9cation. Suppositoires \u00e0 60 mg pour les b\u00e9b\u00e9s de 0 \u00e0 2 ans et suppositoires \u00e0 80 mg pour les enfants de 2 \u00e0 8 ans.<\/p>\n<p><strong>Pr\u00e9cautions d\u2019usage : <\/strong>Consultez un m\u00e9decin si pas d\u2019am\u00e9lioration dans les 48h ou si fi\u00e8vre. Conservez dans une boite herm\u00e9tique au frigo.<\/p>\n","protected":false},"featured_media":9442,"template":"","meta":[],"product_brand":[],"product_cat":[42],"product_tag":[],"class_list":{"0":"post-8675","1":"product","2":"type-product","3":"status-publish","4":"has-post-thumbnail","6":"product_cat-infections-orl","8":"first","9":"instock","10":"shipping-taxable","11":"product-type-simple"},"_links":{"self":[{"href":"https:\/\/www.pharmacieparvais.com\/index.php\/wp-json\/wp\/v2\/product\/8675","targetHints":{"allow":["GET"]}}],"collection":[{"href":"https:\/\/www.pharmacieparvais.com\/index.php\/wp-json\/wp\/v2\/product"}],"about":[{"href":"https:\/\/www.pharmacieparvais.com\/index.php\/wp-json\/wp\/v2\/types\/product"}],"wp:featuredmedia":[{"embeddable":true,"href":"https:\/\/www.pharmacieparvais.com\/index.php\/wp-json\/wp\/v2\/media\/9442"}],"wp:attachment":[{"href":"https:\/\/www.pharmacieparvais.com\/index.php\/wp-json\/wp\/v2\/media?parent=8675"}],"wp:term":[{"taxonomy":"product_brand","embeddable":true,"href":"https:\/\/www.pharmacieparvais.com\/index.php\/wp-json\/wp\/v2\/product_brand?post=8675"},{"taxonomy":"product_cat","embeddable":true,"href":"https:\/\/www.pharmacieparvais.com\/index.php\/wp-json\/wp\/v2\/product_cat?post=8675"},{"taxonomy":"product_tag","embeddable":true,"href":"https:\/\/www.pharmacieparvais.com\/index.php\/wp-json\/wp\/v2\/product_tag?post=8675"}],"curies":[{"name":"wp","href":"https:\/\/api.w.org\/{rel}","templated":true}]}}