{"id":8673,"date":"2020-03-22T15:50:17","date_gmt":"2020-03-22T14:50:17","guid":{"rendered":"https:\/\/www.pharmacieparvais.com\/?post_type=product&#038;p=8673"},"modified":"2020-06-20T21:38:36","modified_gmt":"2020-06-20T19:38:36","slug":"suppositoires-anti-toux-aux-huiles-essentielles-3-ans-a-adulte-et-sous-prescription-medicale","status":"publish","type":"product","link":"https:\/\/www.pharmacieparvais.com\/index.php\/product\/suppositoires-anti-toux-aux-huiles-essentielles-3-ans-a-adulte-et-sous-prescription-medicale\/","title":{"rendered":"Suppositoires anti-toux (sur prescription)"},"content":{"rendered":"","protected":false},"excerpt":{"rendered":"<p><strong>Indication :<\/strong>\u00a0Compos\u00e9s de 12 huiles essentielles, ils traitent la toux s\u00e8che, irritative sans expectorations et avec \u00e9coulement nasal. A utiliser d\u00e8s le d\u00e9but des sympt\u00f4mes.<\/p>\n<p><strong>\u00a0<\/strong><strong>Posologie :\u00a0<\/strong>1 le matin et\/ou 1 le soir,\u00a0id\u00e9alement apr\u00e8s d\u00e9f\u00e9cation. Nous proposons 3 dosages diff\u00e9rents en fonction des \u00e2ges : 3 \u00e0 7 ans, 7 \u00e0 14 ans et adultes<\/p>\n<p><strong>Pr\u00e9cautions<\/strong> <strong>d\u2019usage :<\/strong><\/p>\n<p>&#8211; \u00a0Ne convient pas aux enfants de moins de 3 ans<\/p>\n<p>&#8211; \u00a0Si pas d\u2019am\u00e9lioration dans les 24h00, reconsultez le m\u00e9decin.<\/p>\n<p>&#8211; \u00a0Ne pas combiner avec un anti-histaminique. Peut provoquer de la somnolence.<\/p>\n<p>&#8211; A conserver dans une boite herm\u00e9tique au frigo avec le nom du patient dessus pour \u00e9viter les confusions de patients<\/p>\n","protected":false},"featured_media":9436,"template":"","meta":[],"product_brand":[],"product_cat":[42],"product_tag":[],"class_list":{"0":"post-8673","1":"product","2":"type-product","3":"status-publish","4":"has-post-thumbnail","6":"product_cat-infections-orl","8":"first","9":"instock","10":"shipping-taxable","11":"product-type-simple"},"_links":{"self":[{"href":"https:\/\/www.pharmacieparvais.com\/index.php\/wp-json\/wp\/v2\/product\/8673","targetHints":{"allow":["GET"]}}],"collection":[{"href":"https:\/\/www.pharmacieparvais.com\/index.php\/wp-json\/wp\/v2\/product"}],"about":[{"href":"https:\/\/www.pharmacieparvais.com\/index.php\/wp-json\/wp\/v2\/types\/product"}],"wp:featuredmedia":[{"embeddable":true,"href":"https:\/\/www.pharmacieparvais.com\/index.php\/wp-json\/wp\/v2\/media\/9436"}],"wp:attachment":[{"href":"https:\/\/www.pharmacieparvais.com\/index.php\/wp-json\/wp\/v2\/media?parent=8673"}],"wp:term":[{"taxonomy":"product_brand","embeddable":true,"href":"https:\/\/www.pharmacieparvais.com\/index.php\/wp-json\/wp\/v2\/product_brand?post=8673"},{"taxonomy":"product_cat","embeddable":true,"href":"https:\/\/www.pharmacieparvais.com\/index.php\/wp-json\/wp\/v2\/product_cat?post=8673"},{"taxonomy":"product_tag","embeddable":true,"href":"https:\/\/www.pharmacieparvais.com\/index.php\/wp-json\/wp\/v2\/product_tag?post=8673"}],"curies":[{"name":"wp","href":"https:\/\/api.w.org\/{rel}","templated":true}]}}