{"id":8671,"date":"2020-03-22T15:47:05","date_gmt":"2020-03-22T14:47:05","guid":{"rendered":"https:\/\/www.pharmacieparvais.com\/?post_type=product&#038;p=8671"},"modified":"2020-07-21T20:35:25","modified_gmt":"2020-07-21T18:35:25","slug":"gelules-refroidissements","status":"publish","type":"product","link":"https:\/\/www.pharmacieparvais.com\/index.php\/product\/gelules-refroidissements\/","title":{"rendered":"G\u00e9lules \u00ab refroidissements \u00bb"},"content":{"rendered":"","protected":false},"excerpt":{"rendered":"<p><strong><span lang=\"FR\">Indication :<\/span><\/strong><span lang=\"FR\">\u00a0elles traitent les premiers sympt\u00f4mes d&#8217;un refroidissement : courbatures, maux de t\u00eate, \u00e9coulements ou congestion nasale. <\/span><\/p>\n<p><span lang=\"FR\"><strong>Posologie :<\/strong>\u00a0 2 g\u00e9lules 4 fois par jour d\u00e8s les premiers sympt\u00f4mes. <\/span><\/p>\n<p><span lang=\"FR\"><strong>Pr\u00e9cautions d\u2019usage :<\/strong>\u00a0ne peuvent \u00eatre associ\u00e9es qu\u2019\u00e0 un antitussif simple car la formule est tr\u00e8s compl\u00e8te. Contiennent du parac\u00e9tamol. Peuvent augmenter l\u00e9g\u00e8rement la tension art\u00e9rielle.<br \/>\n<\/span><span lang=\"FR\">Pour adultes uniquement. <\/span><span lang=\"FR\">Pas pour les femmes enceintes ou allaitantes <\/span><\/p>\n","protected":false},"featured_media":9836,"template":"","meta":[],"product_brand":[],"product_cat":[42],"product_tag":[],"class_list":{"0":"post-8671","1":"product","2":"type-product","3":"status-publish","4":"has-post-thumbnail","6":"product_cat-infections-orl","8":"first","9":"instock","10":"shipping-taxable","11":"product-type-simple"},"_links":{"self":[{"href":"https:\/\/www.pharmacieparvais.com\/index.php\/wp-json\/wp\/v2\/product\/8671","targetHints":{"allow":["GET"]}}],"collection":[{"href":"https:\/\/www.pharmacieparvais.com\/index.php\/wp-json\/wp\/v2\/product"}],"about":[{"href":"https:\/\/www.pharmacieparvais.com\/index.php\/wp-json\/wp\/v2\/types\/product"}],"wp:featuredmedia":[{"embeddable":true,"href":"https:\/\/www.pharmacieparvais.com\/index.php\/wp-json\/wp\/v2\/media\/9836"}],"wp:attachment":[{"href":"https:\/\/www.pharmacieparvais.com\/index.php\/wp-json\/wp\/v2\/media?parent=8671"}],"wp:term":[{"taxonomy":"product_brand","embeddable":true,"href":"https:\/\/www.pharmacieparvais.com\/index.php\/wp-json\/wp\/v2\/product_brand?post=8671"},{"taxonomy":"product_cat","embeddable":true,"href":"https:\/\/www.pharmacieparvais.com\/index.php\/wp-json\/wp\/v2\/product_cat?post=8671"},{"taxonomy":"product_tag","embeddable":true,"href":"https:\/\/www.pharmacieparvais.com\/index.php\/wp-json\/wp\/v2\/product_tag?post=8671"}],"curies":[{"name":"wp","href":"https:\/\/api.w.org\/{rel}","templated":true}]}}