{"id":8665,"date":"2020-03-22T15:36:48","date_gmt":"2020-03-22T14:36:48","guid":{"rendered":"https:\/\/www.pharmacieparvais.com\/?post_type=product&#038;p=8665"},"modified":"2020-07-14T20:14:49","modified_gmt":"2020-07-14T18:14:49","slug":"vitamine-c-100-naturelle-en-comprimes-a-sucer","status":"publish","type":"product","link":"https:\/\/www.pharmacieparvais.com\/index.php\/product\/vitamine-c-100-naturelle-en-comprimes-a-sucer\/","title":{"rendered":"Vitamine C 100% naturelle"},"content":{"rendered":"","protected":false},"excerpt":{"rendered":"<p><strong>Indication :<\/strong>\u00a0augmente l&#8217;immunit\u00e9 et renforce les d\u00e9fenses face aux infections virales. Vitamines anti-oxydantes \u27a1\ufe0f int\u00e9r\u00eat pour les sportifs<br \/>\n<strong>Posologie :<\/strong>\u00a01 \u00e0 6 comprim\u00e9s \u00e0 sucer par jour, de pr\u00e9f\u00e9rence le matin.<\/p>\n","protected":false},"featured_media":8666,"template":"","meta":[],"product_brand":[],"product_cat":[44,49],"product_tag":[],"class_list":{"0":"post-8665","1":"product","2":"type-product","3":"status-publish","4":"has-post-thumbnail","6":"product_cat-complements-alimentaires","7":"product_cat-sport","9":"first","10":"instock","11":"shipping-taxable","12":"product-type-simple"},"_links":{"self":[{"href":"https:\/\/www.pharmacieparvais.com\/index.php\/wp-json\/wp\/v2\/product\/8665","targetHints":{"allow":["GET"]}}],"collection":[{"href":"https:\/\/www.pharmacieparvais.com\/index.php\/wp-json\/wp\/v2\/product"}],"about":[{"href":"https:\/\/www.pharmacieparvais.com\/index.php\/wp-json\/wp\/v2\/types\/product"}],"wp:featuredmedia":[{"embeddable":true,"href":"https:\/\/www.pharmacieparvais.com\/index.php\/wp-json\/wp\/v2\/media\/8666"}],"wp:attachment":[{"href":"https:\/\/www.pharmacieparvais.com\/index.php\/wp-json\/wp\/v2\/media?parent=8665"}],"wp:term":[{"taxonomy":"product_brand","embeddable":true,"href":"https:\/\/www.pharmacieparvais.com\/index.php\/wp-json\/wp\/v2\/product_brand?post=8665"},{"taxonomy":"product_cat","embeddable":true,"href":"https:\/\/www.pharmacieparvais.com\/index.php\/wp-json\/wp\/v2\/product_cat?post=8665"},{"taxonomy":"product_tag","embeddable":true,"href":"https:\/\/www.pharmacieparvais.com\/index.php\/wp-json\/wp\/v2\/product_tag?post=8665"}],"curies":[{"name":"wp","href":"https:\/\/api.w.org\/{rel}","templated":true}]}}