{"id":8663,"date":"2020-03-22T15:34:49","date_gmt":"2020-03-22T14:34:49","guid":{"rendered":"https:\/\/www.pharmacieparvais.com\/?post_type=product&#038;p=8663"},"modified":"2020-06-24T15:38:14","modified_gmt":"2020-06-24T13:38:14","slug":"gelules-blocus-examens-concentration-memoire","status":"publish","type":"product","link":"https:\/\/www.pharmacieparvais.com\/index.php\/product\/gelules-blocus-examens-concentration-memoire\/","title":{"rendered":"G\u00e9lules examens concentration-m\u00e9moire"},"content":{"rendered":"","protected":false},"excerpt":{"rendered":"<p><strong>Indication :<\/strong>\u00a0am\u00e9lioration de la m\u00e9moire et de la concentration \u27a1\ufe0f id\u00e9ales pour la pr\u00e9paration aux examens<br \/>\n<strong>Posologie :<\/strong>\u00a01 g\u00e9lule jaune et 1 g\u00e9lule blanche le matin et 1 g\u00e9lule jaune \u00e0 midi<br \/>\n<strong>Pr\u00e9cautions d&#8217;usage :<\/strong>\u00a0contiennent du Gingko biloba qui peut fluidifier le sang.<\/p>\n","protected":false},"featured_media":8664,"template":"","meta":[],"product_brand":[],"product_cat":[44],"product_tag":[],"class_list":{"0":"post-8663","1":"product","2":"type-product","3":"status-publish","4":"has-post-thumbnail","6":"product_cat-complements-alimentaires","8":"first","9":"instock","10":"shipping-taxable","11":"product-type-simple"},"_links":{"self":[{"href":"https:\/\/www.pharmacieparvais.com\/index.php\/wp-json\/wp\/v2\/product\/8663","targetHints":{"allow":["GET"]}}],"collection":[{"href":"https:\/\/www.pharmacieparvais.com\/index.php\/wp-json\/wp\/v2\/product"}],"about":[{"href":"https:\/\/www.pharmacieparvais.com\/index.php\/wp-json\/wp\/v2\/types\/product"}],"wp:featuredmedia":[{"embeddable":true,"href":"https:\/\/www.pharmacieparvais.com\/index.php\/wp-json\/wp\/v2\/media\/8664"}],"wp:attachment":[{"href":"https:\/\/www.pharmacieparvais.com\/index.php\/wp-json\/wp\/v2\/media?parent=8663"}],"wp:term":[{"taxonomy":"product_brand","embeddable":true,"href":"https:\/\/www.pharmacieparvais.com\/index.php\/wp-json\/wp\/v2\/product_brand?post=8663"},{"taxonomy":"product_cat","embeddable":true,"href":"https:\/\/www.pharmacieparvais.com\/index.php\/wp-json\/wp\/v2\/product_cat?post=8663"},{"taxonomy":"product_tag","embeddable":true,"href":"https:\/\/www.pharmacieparvais.com\/index.php\/wp-json\/wp\/v2\/product_tag?post=8663"}],"curies":[{"name":"wp","href":"https:\/\/api.w.org\/{rel}","templated":true}]}}