{"id":8628,"date":"2020-03-15T17:12:58","date_gmt":"2020-03-15T16:12:58","guid":{"rendered":"https:\/\/www.pharmacieparvais.com\/?post_type=product&#038;p=8628"},"modified":"2020-06-20T21:06:02","modified_gmt":"2020-06-20T19:06:02","slug":"huile-lumineuse-corporelle-100-naturelle-2","status":"publish","type":"product","link":"https:\/\/www.pharmacieparvais.com\/index.php\/product\/huile-lumineuse-corporelle-100-naturelle-2\/","title":{"rendered":"Huile Lumineuse visage et corps"},"content":{"rendered":"","protected":false},"excerpt":{"rendered":"<p><strong>Indication :<\/strong>\u00a0compos\u00e9e de 6 huiles v\u00e9g\u00e9tales bios et 2 huiles essentielles, elle hydrate et raffermit la peau en usage quotidien. Id\u00e9ale \u00e9galement comme huile apr\u00e8s solaire car elle apaise en cas de coup de soleil.<br \/>\n<strong>Posologie :<\/strong>\u00a0appliquez le matin et\/ou le soir apr\u00e8s le bain ou la douche sur la peau s\u00e8che. P\u00e9n\u00e8tre rapidement.<br \/>\n<strong>Pr\u00e9cautions d\u2019usage :<\/strong>\u00a0Evitez le contact avec les yeux.<\/p>\n<p><strong><span style=\"color: #ff0000;\">Usage Externe<\/span><\/strong><\/p>\n","protected":false},"featured_media":9448,"template":"","meta":[],"product_brand":[],"product_cat":[15,41],"product_tag":[],"class_list":{"0":"post-8628","1":"product","2":"type-product","3":"status-publish","4":"has-post-thumbnail","6":"product_cat-beaute-bien-etre","7":"product_cat-produits-ete","9":"first","10":"instock","11":"shipping-taxable","12":"product-type-simple"},"_links":{"self":[{"href":"https:\/\/www.pharmacieparvais.com\/index.php\/wp-json\/wp\/v2\/product\/8628","targetHints":{"allow":["GET"]}}],"collection":[{"href":"https:\/\/www.pharmacieparvais.com\/index.php\/wp-json\/wp\/v2\/product"}],"about":[{"href":"https:\/\/www.pharmacieparvais.com\/index.php\/wp-json\/wp\/v2\/types\/product"}],"wp:featuredmedia":[{"embeddable":true,"href":"https:\/\/www.pharmacieparvais.com\/index.php\/wp-json\/wp\/v2\/media\/9448"}],"wp:attachment":[{"href":"https:\/\/www.pharmacieparvais.com\/index.php\/wp-json\/wp\/v2\/media?parent=8628"}],"wp:term":[{"taxonomy":"product_brand","embeddable":true,"href":"https:\/\/www.pharmacieparvais.com\/index.php\/wp-json\/wp\/v2\/product_brand?post=8628"},{"taxonomy":"product_cat","embeddable":true,"href":"https:\/\/www.pharmacieparvais.com\/index.php\/wp-json\/wp\/v2\/product_cat?post=8628"},{"taxonomy":"product_tag","embeddable":true,"href":"https:\/\/www.pharmacieparvais.com\/index.php\/wp-json\/wp\/v2\/product_tag?post=8628"}],"curies":[{"name":"wp","href":"https:\/\/api.w.org\/{rel}","templated":true}]}}