{"id":8626,"date":"2020-03-15T16:49:11","date_gmt":"2020-03-15T15:49:11","guid":{"rendered":"https:\/\/www.pharmacieparvais.com\/?post_type=product&#038;p=8626"},"modified":"2020-06-20T21:11:03","modified_gmt":"2020-06-20T19:11:03","slug":"huile-de-massage-aux-he-cellulite-circulation","status":"publish","type":"product","link":"https:\/\/www.pharmacieparvais.com\/index.php\/product\/huile-de-massage-aux-he-cellulite-circulation\/","title":{"rendered":"Huile de massage cellulite-circulation"},"content":{"rendered":"","protected":false},"excerpt":{"rendered":"<p><strong><span lang=\"FR\">Indication :<\/span><\/strong><span class=\"apple-converted-space\"><b><span lang=\"FR\">\u00a0<\/span><\/b><\/span><span lang=\"FR\">stimule la circulation veineuse, tonifie les vaisseaux et aide \u00e0 la r\u00e9duction de la cellulite gr\u00e2ce \u00e0 l&#8217;action des 9 huiles v\u00e9g\u00e9tales bios et essentielles<br \/>\n<strong>Posologie :<\/strong>\u00a0apr\u00e8s une douche froide, massez les jambes de bas en haut (environ 25 pulv\u00e9risations\/jambe). Buvez minimum 1,5 litre d\u2019eau par jour. Augmentez votre activit\u00e9 physique pour intensifier l\u2019effet qui se manifeste apr\u00e8s 4 \u00e0 6 semaines de traitement.<br \/>\n<strong>Pr\u00e9cautions d\u2019usage :<\/strong>\u00a0pas d\u2019exposition au soleil pendant les 4 heures qui suivent l\u2019application.<\/span><\/p>\n<p><span style=\"color: #ff0000;\"><strong><span lang=\"FR\">Usage externe<\/span><\/strong><\/span><\/p>\n","protected":false},"featured_media":9439,"template":"","meta":[],"product_brand":[],"product_cat":[15],"product_tag":[],"class_list":{"0":"post-8626","1":"product","2":"type-product","3":"status-publish","4":"has-post-thumbnail","6":"product_cat-beaute-bien-etre","8":"first","9":"instock","10":"shipping-taxable","11":"product-type-simple"},"_links":{"self":[{"href":"https:\/\/www.pharmacieparvais.com\/index.php\/wp-json\/wp\/v2\/product\/8626","targetHints":{"allow":["GET"]}}],"collection":[{"href":"https:\/\/www.pharmacieparvais.com\/index.php\/wp-json\/wp\/v2\/product"}],"about":[{"href":"https:\/\/www.pharmacieparvais.com\/index.php\/wp-json\/wp\/v2\/types\/product"}],"wp:featuredmedia":[{"embeddable":true,"href":"https:\/\/www.pharmacieparvais.com\/index.php\/wp-json\/wp\/v2\/media\/9439"}],"wp:attachment":[{"href":"https:\/\/www.pharmacieparvais.com\/index.php\/wp-json\/wp\/v2\/media?parent=8626"}],"wp:term":[{"taxonomy":"product_brand","embeddable":true,"href":"https:\/\/www.pharmacieparvais.com\/index.php\/wp-json\/wp\/v2\/product_brand?post=8626"},{"taxonomy":"product_cat","embeddable":true,"href":"https:\/\/www.pharmacieparvais.com\/index.php\/wp-json\/wp\/v2\/product_cat?post=8626"},{"taxonomy":"product_tag","embeddable":true,"href":"https:\/\/www.pharmacieparvais.com\/index.php\/wp-json\/wp\/v2\/product_tag?post=8626"}],"curies":[{"name":"wp","href":"https:\/\/api.w.org\/{rel}","templated":true}]}}