{"id":8449,"date":"2020-03-08T17:35:57","date_gmt":"2020-03-08T16:35:57","guid":{"rendered":"https:\/\/www.pharmacieparvais.com\/?post_type=product&#038;p=8449"},"modified":"2020-06-20T21:29:24","modified_gmt":"2020-06-20T19:29:24","slug":"sirop-pectoral","status":"publish","type":"product","link":"https:\/\/www.pharmacieparvais.com\/index.php\/product\/sirop-pectoral\/","title":{"rendered":"Sirop pectoral aux 6 plantes"},"content":{"rendered":"","protected":false},"excerpt":{"rendered":"<p><strong>Indication :<\/strong>\u00a0Gr\u00e2ce \u00e0 l&#8217;action adoucissante et fluidifiante de ses 6 plantes et du sirop de sureau, il agit sur la toux grasse, notamment du fumeur. Il favorise l\u2019expectoration.<\/p>\n<p><strong>Posologie :<\/strong> \u2192 5 ml &#8211; 3 fois par jour de 6 mois \u00e0 10 kilos<\/p>\n<p>\u2192 5 ml &#8211; 4 fois par jour de 10 \u00e0 15 kilos<\/p>\n<p>\u2192 7,5 ml &#8211; 4 fois par jour de 15 \u00e0 30 kilos<\/p>\n<p>\u2192 10 ml &#8211; 4 fois par jour de 30 \u00e0 45 kilos<\/p>\n<p>\u2192 15 ml &#8211; 5 fois par jour pour les adultes<\/p>\n<p><strong>Pr\u00e9cautions d\u2019usage :<\/strong>\u00a0adapt\u00e9 \u00e0 tous les \u00e2ges y compris la femme enceinte et allaitante. Ne convient pas aux diab\u00e9tiques. Agitez \u00e9nergiquement le flacon avant usage. Boire suffisamment d\u2019eau pour favoriser l\u2019\u00e9vacuation des s\u00e9cr\u00e9tions bronchiques. En cas de toux persistante pendant plus de 48h00, consultez votre m\u00e9decin<\/p>\n","protected":false},"featured_media":9463,"template":"","meta":[],"product_brand":[],"product_cat":[42],"product_tag":[],"class_list":{"0":"post-8449","1":"product","2":"type-product","3":"status-publish","4":"has-post-thumbnail","6":"product_cat-infections-orl","8":"first","9":"instock","10":"shipping-taxable","11":"product-type-simple"},"_links":{"self":[{"href":"https:\/\/www.pharmacieparvais.com\/index.php\/wp-json\/wp\/v2\/product\/8449","targetHints":{"allow":["GET"]}}],"collection":[{"href":"https:\/\/www.pharmacieparvais.com\/index.php\/wp-json\/wp\/v2\/product"}],"about":[{"href":"https:\/\/www.pharmacieparvais.com\/index.php\/wp-json\/wp\/v2\/types\/product"}],"wp:featuredmedia":[{"embeddable":true,"href":"https:\/\/www.pharmacieparvais.com\/index.php\/wp-json\/wp\/v2\/media\/9463"}],"wp:attachment":[{"href":"https:\/\/www.pharmacieparvais.com\/index.php\/wp-json\/wp\/v2\/media?parent=8449"}],"wp:term":[{"taxonomy":"product_brand","embeddable":true,"href":"https:\/\/www.pharmacieparvais.com\/index.php\/wp-json\/wp\/v2\/product_brand?post=8449"},{"taxonomy":"product_cat","embeddable":true,"href":"https:\/\/www.pharmacieparvais.com\/index.php\/wp-json\/wp\/v2\/product_cat?post=8449"},{"taxonomy":"product_tag","embeddable":true,"href":"https:\/\/www.pharmacieparvais.com\/index.php\/wp-json\/wp\/v2\/product_tag?post=8449"}],"curies":[{"name":"wp","href":"https:\/\/api.w.org\/{rel}","templated":true}]}}