{"id":8447,"date":"2020-03-08T17:26:19","date_gmt":"2020-03-08T16:26:19","guid":{"rendered":"https:\/\/www.pharmacieparvais.com\/?post_type=product&#038;p=8447"},"modified":"2020-07-21T20:42:54","modified_gmt":"2020-07-21T18:42:54","slug":"gelules-coupe-faim","status":"publish","type":"product","link":"https:\/\/www.pharmacieparvais.com\/index.php\/product\/gelules-coupe-faim\/","title":{"rendered":"G\u00e9lules coupe-faim"},"content":{"rendered":"","protected":false},"excerpt":{"rendered":"<p><strong><span lang=\"FR\">Indication\u00a0: <\/span><\/strong><span lang=\"FR\">elles permettent de r\u00e9duire l\u2019app\u00e9tit en gonflant dans l\u2019estomac gr\u00e2ce \u00e0 l\u2019apport simultan\u00e9 d\u2019eau.<\/span><\/p>\n<p><strong><span lang=\"FR\">Posologie : <\/span><\/strong><span lang=\"FR\">avalez 2 g\u00e9lules avec<\/span><span lang=\"FR\"> un grand verre d\u2019eau 30 minutes avant les repas de midi et du soir afin de procurer la sensation de sati\u00e9t\u00e9.<br \/>\nSi vous \u00eates un grand mangeur et que vous souhaitez d\u00e9buter un r\u00e9gime, vous pouvez pendant 10 jours, prendre en plus 2 g\u00e9lules pendant le repas et 2 g\u00e9lules 30 minutes apr\u00e8s les repas du midi et du soir .<\/span><\/p>\n<p><strong>Pr\u00e9cautions d\u2019usage :<\/strong>\u00a0 essayez d&#8217;avoir une bonne hygi\u00e8ne de vie\u00a0: repas \u00e9quilibr\u00e9s, activit\u00e9s physiques quotidiennes en fonction des aptitudes personnelles afin d\u2019augmenter les d\u00e9penses \u00e9nerg\u00e9tiques &#8230; Buvez minimum 2 litres d&#8217;eau par jour et \u00a0diminuez les apports \u00e9nerg\u00e9tiques\u2026\u200f Ne pas prendre en continu plus d\u2019un mois.<\/p>\n<p><img loading=\"lazy\" decoding=\"async\" class=\"alignnone wp-image-9392\" src=\"https:\/\/testpharmacieparvais.mimaandcs.be\/wp-content\/uploads\/2020\/03\/picto-recycle-e1592058319438-150x150.png\" alt=\"\" width=\"60\" height=\"57\" srcset=\"https:\/\/www.pharmacieparvais.com\/wp-content\/uploads\/2020\/03\/picto-recycle-e1592058319438-300x284.png 300w, https:\/\/www.pharmacieparvais.com\/wp-content\/uploads\/2020\/03\/picto-recycle-e1592058319438-768x728.png 768w, https:\/\/www.pharmacieparvais.com\/wp-content\/uploads\/2020\/03\/picto-recycle-e1592058319438-600x568.png 600w, https:\/\/www.pharmacieparvais.com\/wp-content\/uploads\/2020\/03\/picto-recycle-e1592058319438.png 912w\" sizes=\"auto, (max-width: 60px) 100vw, 60px\" \/>Recharges en sachets disponibles<\/p>\n","protected":false},"featured_media":9841,"template":"","meta":[],"product_brand":[],"product_cat":[43],"product_tag":[],"class_list":{"0":"post-8447","1":"product","2":"type-product","3":"status-publish","4":"has-post-thumbnail","6":"product_cat-preparations-pour-pathologies-diverses","8":"first","9":"instock","10":"shipping-taxable","11":"product-type-simple"},"_links":{"self":[{"href":"https:\/\/www.pharmacieparvais.com\/index.php\/wp-json\/wp\/v2\/product\/8447","targetHints":{"allow":["GET"]}}],"collection":[{"href":"https:\/\/www.pharmacieparvais.com\/index.php\/wp-json\/wp\/v2\/product"}],"about":[{"href":"https:\/\/www.pharmacieparvais.com\/index.php\/wp-json\/wp\/v2\/types\/product"}],"wp:featuredmedia":[{"embeddable":true,"href":"https:\/\/www.pharmacieparvais.com\/index.php\/wp-json\/wp\/v2\/media\/9841"}],"wp:attachment":[{"href":"https:\/\/www.pharmacieparvais.com\/index.php\/wp-json\/wp\/v2\/media?parent=8447"}],"wp:term":[{"taxonomy":"product_brand","embeddable":true,"href":"https:\/\/www.pharmacieparvais.com\/index.php\/wp-json\/wp\/v2\/product_brand?post=8447"},{"taxonomy":"product_cat","embeddable":true,"href":"https:\/\/www.pharmacieparvais.com\/index.php\/wp-json\/wp\/v2\/product_cat?post=8447"},{"taxonomy":"product_tag","embeddable":true,"href":"https:\/\/www.pharmacieparvais.com\/index.php\/wp-json\/wp\/v2\/product_tag?post=8447"}],"curies":[{"name":"wp","href":"https:\/\/api.w.org\/{rel}","templated":true}]}}