{"id":8325,"date":"2020-03-06T18:51:27","date_gmt":"2020-03-06T17:51:27","guid":{"rendered":"https:\/\/www.pharmacieparvais.com\/?post_type=product&#038;p=8325"},"modified":"2020-08-27T17:45:07","modified_gmt":"2020-08-27T15:45:07","slug":"verrucide-externe","status":"publish","type":"product","link":"https:\/\/www.pharmacieparvais.com\/index.php\/product\/verrucide-externe\/","title":{"rendered":"Verrucide externe"},"content":{"rendered":"","protected":false},"excerpt":{"rendered":"<p><strong>Indication :<\/strong><span class=\"apple-converted-space\">\u00a0<\/span>soigne les verrues et les cors<\/p>\n<p><strong>Posologie :<\/strong><span class=\"apple-converted-space\">\u00a0ramollissez si possible <\/span>avec une douche ou un bain\u00a0<a name=\"OLE_LINK3\"><\/a><a name=\"OLE_LINK2\"><\/a>la zone \u00e0 traiter, appliquez le produit localement et laisser s\u00e9cher jusqu&#8217;\u00e0 l&#8217;apparition d&#8217;une pellicule blanche. Grattez la peau morte r\u00e9guli\u00e8rement au moyen d&#8217;une lime \u00e0 ongles ou d&#8217;un scalpel avant nouvelle application. Poursuivez\u00a0 le traitement jusqu\u2019\u00e0 disparition compl\u00e8te en profondeur<\/p>\n<p><strong>Pr\u00e9cautions d\u2019usage :<\/strong><span class=\"apple-converted-space\">\u00a0<\/span> Faites un pause dans le traitement si la peau est sanguinolente ou ulc\u00e9r\u00e9e. Refermez le flacon directement apr\u00e8s usage sinon le produit durcit.<\/p>\n<p><span style=\"color: #ff0000;\"><strong>Usage Externe<\/strong><\/span><\/p>\n<p><span style=\"color: #ff0000;\"><strong>Usage externe<\/strong><\/span><\/p>\n","protected":false},"featured_media":9358,"template":"","meta":[],"product_brand":[],"product_cat":[40,41],"product_tag":[],"class_list":{"0":"post-8325","1":"product","2":"type-product","3":"status-publish","4":"has-post-thumbnail","6":"product_cat-dermatologie","7":"product_cat-produits-ete","9":"first","10":"instock","11":"shipping-taxable","12":"product-type-simple"},"_links":{"self":[{"href":"https:\/\/www.pharmacieparvais.com\/index.php\/wp-json\/wp\/v2\/product\/8325","targetHints":{"allow":["GET"]}}],"collection":[{"href":"https:\/\/www.pharmacieparvais.com\/index.php\/wp-json\/wp\/v2\/product"}],"about":[{"href":"https:\/\/www.pharmacieparvais.com\/index.php\/wp-json\/wp\/v2\/types\/product"}],"wp:featuredmedia":[{"embeddable":true,"href":"https:\/\/www.pharmacieparvais.com\/index.php\/wp-json\/wp\/v2\/media\/9358"}],"wp:attachment":[{"href":"https:\/\/www.pharmacieparvais.com\/index.php\/wp-json\/wp\/v2\/media?parent=8325"}],"wp:term":[{"taxonomy":"product_brand","embeddable":true,"href":"https:\/\/www.pharmacieparvais.com\/index.php\/wp-json\/wp\/v2\/product_brand?post=8325"},{"taxonomy":"product_cat","embeddable":true,"href":"https:\/\/www.pharmacieparvais.com\/index.php\/wp-json\/wp\/v2\/product_cat?post=8325"},{"taxonomy":"product_tag","embeddable":true,"href":"https:\/\/www.pharmacieparvais.com\/index.php\/wp-json\/wp\/v2\/product_tag?post=8325"}],"curies":[{"name":"wp","href":"https:\/\/api.w.org\/{rel}","templated":true}]}}