{"id":8324,"date":"2020-06-10T18:51:00","date_gmt":"2020-06-10T16:51:00","guid":{"rendered":"https:\/\/www.pharmacieparvais.com\/?post_type=product&#038;p=8324"},"modified":"2020-06-20T08:57:37","modified_gmt":"2020-06-20T06:57:37","slug":"creme-anti-crevasses","status":"publish","type":"product","link":"https:\/\/www.pharmacieparvais.com\/index.php\/product\/creme-anti-crevasses\/","title":{"rendered":"Cr\u00e8me anti-crevasses"},"content":{"rendered":"","protected":false},"excerpt":{"rendered":"<p><span style=\"color: #339966;\"><strong>La r\u00e9f\u00e9rence pour les peaux abim\u00e9es et crevass\u00e9es.<\/strong><\/span><\/p>\n<p><strong>Indication : <\/strong>compos\u00e9e de propolis et de 5 huiles essentielles, elle hydrate et r\u00e9pare en profondeur les fissures et les crevasses cutan\u00e9es (pieds, mains, coudes &#8230;). Conseill\u00e9e pour les mains soumises aux gros travaux (m\u00e9tiers du b\u00e2timent, jardinage, &#8230;) ou soumises \u00e0 des nettoyages fr\u00e9quents (infirmi\u00e8res, kin\u00e9s &#8230;)<\/p>\n<p><strong>Posologie :<\/strong>\u00a0appliquez 2 \u00e0 3 fois par jour. Effet renforc\u00e9 avec sparadrap, gants ou chaussettes<\/p>\n<p><strong>Pr\u00e9cautions d\u2019usage :<\/strong>\u00a0 poursuivre l\u2019entretien avec notre cr\u00e8me r\u00e9paratrice pour les mains en pr\u00e9vention de r\u00e9cidives.<\/p>\n<p><span style=\"color: #ff0000;\"><strong>Usage externe<\/strong><\/span><\/p>\n","protected":false},"featured_media":9437,"template":"","meta":[],"product_brand":[],"product_cat":[40],"product_tag":[],"class_list":{"0":"post-8324","1":"product","2":"type-product","3":"status-publish","4":"has-post-thumbnail","6":"product_cat-dermatologie","8":"first","9":"instock","10":"shipping-taxable","11":"product-type-simple"},"_links":{"self":[{"href":"https:\/\/www.pharmacieparvais.com\/index.php\/wp-json\/wp\/v2\/product\/8324","targetHints":{"allow":["GET"]}}],"collection":[{"href":"https:\/\/www.pharmacieparvais.com\/index.php\/wp-json\/wp\/v2\/product"}],"about":[{"href":"https:\/\/www.pharmacieparvais.com\/index.php\/wp-json\/wp\/v2\/types\/product"}],"wp:featuredmedia":[{"embeddable":true,"href":"https:\/\/www.pharmacieparvais.com\/index.php\/wp-json\/wp\/v2\/media\/9437"}],"wp:attachment":[{"href":"https:\/\/www.pharmacieparvais.com\/index.php\/wp-json\/wp\/v2\/media?parent=8324"}],"wp:term":[{"taxonomy":"product_brand","embeddable":true,"href":"https:\/\/www.pharmacieparvais.com\/index.php\/wp-json\/wp\/v2\/product_brand?post=8324"},{"taxonomy":"product_cat","embeddable":true,"href":"https:\/\/www.pharmacieparvais.com\/index.php\/wp-json\/wp\/v2\/product_cat?post=8324"},{"taxonomy":"product_tag","embeddable":true,"href":"https:\/\/www.pharmacieparvais.com\/index.php\/wp-json\/wp\/v2\/product_tag?post=8324"}],"curies":[{"name":"wp","href":"https:\/\/api.w.org\/{rel}","templated":true}]}}