{"id":8322,"date":"2020-03-06T18:50:11","date_gmt":"2020-03-06T17:50:11","guid":{"rendered":"https:\/\/www.pharmacieparvais.com\/?post_type=product&#038;p=8322"},"modified":"2020-06-29T17:35:56","modified_gmt":"2020-06-29T15:35:56","slug":"solution-fongicide-ongles","status":"publish","type":"product","link":"https:\/\/www.pharmacieparvais.com\/index.php\/product\/solution-fongicide-ongles\/","title":{"rendered":"Solution fongicide ongles"},"content":{"rendered":"","protected":false},"excerpt":{"rendered":"<p><strong>Indication :<\/strong><span class=\"apple-converted-space\">\u00a0compos\u00e9e de 6 huiles essentielles et 2 huiles v\u00e9g\u00e9tales bios , <\/span>elle soigne les mycoses au niveau des ongles<\/p>\n<p><strong>Posologie :<\/strong><span class=\"apple-converted-space\">\u00a0<\/span>limez l\u2019ongle, ramollissez si possible la zone \u00e0 traiter avec un bain ou une douche pour favoriser la p\u00e9n\u00e9tration du produit et badigeonnez 2 fois par jour \u00e0 l\u2019aide d\u2019un coton-tige et pendant plusieurs mois si n\u00e9cessaire.<\/p>\n<p><strong>Pr\u00e9cautions d\u2019usage :<\/strong><span class=\"apple-converted-space\">\u00a0<\/span>si aucune am\u00e9lioration visible apr\u00e8s 3 mois, consultez le m\u00e9decin pour un \u00e9ventuel traitement par voie orale. Des photos sont toujours utiles pour visualiser l&#8217;\u00e9volution. Pathologie tr\u00e8s contagieuse.<\/p>\n<p><span style=\"color: #ff0000;\"><strong>Usage Externe<\/strong><\/span><\/p>\n","protected":false},"featured_media":9444,"template":"","meta":[],"product_brand":[],"product_cat":[40],"product_tag":[],"class_list":{"0":"post-8322","1":"product","2":"type-product","3":"status-publish","4":"has-post-thumbnail","6":"product_cat-dermatologie","8":"first","9":"instock","10":"shipping-taxable","11":"product-type-simple"},"_links":{"self":[{"href":"https:\/\/www.pharmacieparvais.com\/index.php\/wp-json\/wp\/v2\/product\/8322","targetHints":{"allow":["GET"]}}],"collection":[{"href":"https:\/\/www.pharmacieparvais.com\/index.php\/wp-json\/wp\/v2\/product"}],"about":[{"href":"https:\/\/www.pharmacieparvais.com\/index.php\/wp-json\/wp\/v2\/types\/product"}],"wp:featuredmedia":[{"embeddable":true,"href":"https:\/\/www.pharmacieparvais.com\/index.php\/wp-json\/wp\/v2\/media\/9444"}],"wp:attachment":[{"href":"https:\/\/www.pharmacieparvais.com\/index.php\/wp-json\/wp\/v2\/media?parent=8322"}],"wp:term":[{"taxonomy":"product_brand","embeddable":true,"href":"https:\/\/www.pharmacieparvais.com\/index.php\/wp-json\/wp\/v2\/product_brand?post=8322"},{"taxonomy":"product_cat","embeddable":true,"href":"https:\/\/www.pharmacieparvais.com\/index.php\/wp-json\/wp\/v2\/product_cat?post=8322"},{"taxonomy":"product_tag","embeddable":true,"href":"https:\/\/www.pharmacieparvais.com\/index.php\/wp-json\/wp\/v2\/product_tag?post=8322"}],"curies":[{"name":"wp","href":"https:\/\/api.w.org\/{rel}","templated":true}]}}