{"id":8320,"date":"2020-03-06T18:49:07","date_gmt":"2020-03-06T17:49:07","guid":{"rendered":"https:\/\/www.pharmacieparvais.com\/?post_type=product&#038;p=8320"},"modified":"2020-06-18T19:05:27","modified_gmt":"2020-06-18T17:05:27","slug":"poudre-anti-transpiration","status":"publish","type":"product","link":"https:\/\/www.pharmacieparvais.com\/index.php\/product\/poudre-anti-transpiration\/","title":{"rendered":"Poudre anti-transpiration"},"content":{"rendered":"","protected":false},"excerpt":{"rendered":"<p><strong>Indication :<\/strong>\u00a0\u00e0 titre pr\u00e9ventif pour \u00e9viter la transpiration excessive et les odeurs qui y sont associ\u00e9es<\/p>\n<p><strong>Posologie :<\/strong><span class=\"apple-converted-space\">\u00a0<\/span>appliquez 1 fois par jour le matin sur la zone \u00e0 traiter, pr\u00e9alablement lav\u00e9e et s\u00e9ch\u00e9e minutieusement ou dans les chaussures<\/p>\n<p><strong>Pr\u00e9cautions d\u2019usage :<\/strong><span class=\"apple-converted-space\">\u00a0<\/span> lavez et s\u00e9chez la zone \u00e0 traiter avant application<\/p>\n<p><span style=\"color: #ff0000;\"><strong>Usage externe<\/strong><\/span><\/p>\n","protected":false},"featured_media":8625,"template":"","meta":[],"product_brand":[],"product_cat":[40],"product_tag":[],"class_list":{"0":"post-8320","1":"product","2":"type-product","3":"status-publish","4":"has-post-thumbnail","6":"product_cat-dermatologie","8":"first","9":"instock","10":"shipping-taxable","11":"product-type-simple"},"_links":{"self":[{"href":"https:\/\/www.pharmacieparvais.com\/index.php\/wp-json\/wp\/v2\/product\/8320","targetHints":{"allow":["GET"]}}],"collection":[{"href":"https:\/\/www.pharmacieparvais.com\/index.php\/wp-json\/wp\/v2\/product"}],"about":[{"href":"https:\/\/www.pharmacieparvais.com\/index.php\/wp-json\/wp\/v2\/types\/product"}],"wp:featuredmedia":[{"embeddable":true,"href":"https:\/\/www.pharmacieparvais.com\/index.php\/wp-json\/wp\/v2\/media\/8625"}],"wp:attachment":[{"href":"https:\/\/www.pharmacieparvais.com\/index.php\/wp-json\/wp\/v2\/media?parent=8320"}],"wp:term":[{"taxonomy":"product_brand","embeddable":true,"href":"https:\/\/www.pharmacieparvais.com\/index.php\/wp-json\/wp\/v2\/product_brand?post=8320"},{"taxonomy":"product_cat","embeddable":true,"href":"https:\/\/www.pharmacieparvais.com\/index.php\/wp-json\/wp\/v2\/product_cat?post=8320"},{"taxonomy":"product_tag","embeddable":true,"href":"https:\/\/www.pharmacieparvais.com\/index.php\/wp-json\/wp\/v2\/product_tag?post=8320"}],"curies":[{"name":"wp","href":"https:\/\/api.w.org\/{rel}","templated":true}]}}