{"id":8318,"date":"2020-06-08T18:48:08","date_gmt":"2020-06-08T16:48:08","guid":{"rendered":"https:\/\/www.pharmacieparvais.com\/?post_type=product&#038;p=8318"},"modified":"2020-07-21T20:18:27","modified_gmt":"2020-07-21T18:18:27","slug":"creme-calendula","status":"publish","type":"product","link":"https:\/\/www.pharmacieparvais.com\/index.php\/product\/creme-calendula\/","title":{"rendered":"Cr\u00e8me Calendula"},"content":{"rendered":"","protected":false},"excerpt":{"rendered":"<p><strong>Indication :<\/strong><span class=\"apple-converted-space\">\u00a0<\/span>cr\u00e8me protectrice, adoucissante et d\u00e9sinfectante utilis\u00e9e pour traiter les irritations de la peau : crevasses, ger\u00e7ures, rougeurs, br\u00fblures l\u00e9g\u00e8res<\/p>\n<p><strong>Posologie :<\/strong><span class=\"apple-converted-space\">\u00a0appliquez la cr\u00e8me en massage l\u00e9ger, <\/span>2 \u00e0 3 fois par jour sur une peau propre et s\u00e8che<\/p>\n<p><span style=\"color: #ff0000;\"><strong>Usage externe<\/strong><\/span><\/p>\n","protected":false},"featured_media":9828,"template":"","meta":[],"product_brand":[],"product_cat":[40],"product_tag":[],"class_list":{"0":"post-8318","1":"product","2":"type-product","3":"status-publish","4":"has-post-thumbnail","6":"product_cat-dermatologie","8":"first","9":"instock","10":"shipping-taxable","11":"product-type-simple"},"_links":{"self":[{"href":"https:\/\/www.pharmacieparvais.com\/index.php\/wp-json\/wp\/v2\/product\/8318","targetHints":{"allow":["GET"]}}],"collection":[{"href":"https:\/\/www.pharmacieparvais.com\/index.php\/wp-json\/wp\/v2\/product"}],"about":[{"href":"https:\/\/www.pharmacieparvais.com\/index.php\/wp-json\/wp\/v2\/types\/product"}],"wp:featuredmedia":[{"embeddable":true,"href":"https:\/\/www.pharmacieparvais.com\/index.php\/wp-json\/wp\/v2\/media\/9828"}],"wp:attachment":[{"href":"https:\/\/www.pharmacieparvais.com\/index.php\/wp-json\/wp\/v2\/media?parent=8318"}],"wp:term":[{"taxonomy":"product_brand","embeddable":true,"href":"https:\/\/www.pharmacieparvais.com\/index.php\/wp-json\/wp\/v2\/product_brand?post=8318"},{"taxonomy":"product_cat","embeddable":true,"href":"https:\/\/www.pharmacieparvais.com\/index.php\/wp-json\/wp\/v2\/product_cat?post=8318"},{"taxonomy":"product_tag","embeddable":true,"href":"https:\/\/www.pharmacieparvais.com\/index.php\/wp-json\/wp\/v2\/product_tag?post=8318"}],"curies":[{"name":"wp","href":"https:\/\/api.w.org\/{rel}","templated":true}]}}