{"id":8317,"date":"2020-06-09T18:47:38","date_gmt":"2020-06-09T16:47:38","guid":{"rendered":"https:\/\/www.pharmacieparvais.com\/?post_type=product&#038;p=8317"},"modified":"2020-07-21T20:17:20","modified_gmt":"2020-07-21T18:17:20","slug":"creme-arnica","status":"publish","type":"product","link":"https:\/\/www.pharmacieparvais.com\/index.php\/product\/creme-arnica\/","title":{"rendered":"Cr\u00e8me Arnica+"},"content":{"rendered":"","protected":false},"excerpt":{"rendered":"<p><strong>Indication :<\/strong>\u00a0cr\u00e8me contre h\u00e9matomes, contusions . . . Contient des teintures m\u00e8res d&#8217;Arnica et de Camomille. Convient aux peaux sensibles des b\u00e9b\u00e9s et des enfants.<\/p>\n<p><strong>Posologie :<\/strong>\u00a0appliquez rapidement apr\u00e8s le choc, plusieurs fois par jour.<\/p>\n<p><strong>Pr\u00e9cautions d\u2019usage :<\/strong>\u00a0\u00e9vitez le contact avec les yeux.<\/p>\n<p><span style=\"color: #ff0000;\"><strong>Usage externe<\/strong><\/span><\/p>\n","protected":false},"featured_media":9827,"template":"","meta":[],"product_brand":[],"product_cat":[40],"product_tag":[],"class_list":{"0":"post-8317","1":"product","2":"type-product","3":"status-publish","4":"has-post-thumbnail","6":"product_cat-dermatologie","8":"first","9":"instock","10":"shipping-taxable","11":"product-type-simple"},"_links":{"self":[{"href":"https:\/\/www.pharmacieparvais.com\/index.php\/wp-json\/wp\/v2\/product\/8317","targetHints":{"allow":["GET"]}}],"collection":[{"href":"https:\/\/www.pharmacieparvais.com\/index.php\/wp-json\/wp\/v2\/product"}],"about":[{"href":"https:\/\/www.pharmacieparvais.com\/index.php\/wp-json\/wp\/v2\/types\/product"}],"wp:featuredmedia":[{"embeddable":true,"href":"https:\/\/www.pharmacieparvais.com\/index.php\/wp-json\/wp\/v2\/media\/9827"}],"wp:attachment":[{"href":"https:\/\/www.pharmacieparvais.com\/index.php\/wp-json\/wp\/v2\/media?parent=8317"}],"wp:term":[{"taxonomy":"product_brand","embeddable":true,"href":"https:\/\/www.pharmacieparvais.com\/index.php\/wp-json\/wp\/v2\/product_brand?post=8317"},{"taxonomy":"product_cat","embeddable":true,"href":"https:\/\/www.pharmacieparvais.com\/index.php\/wp-json\/wp\/v2\/product_cat?post=8317"},{"taxonomy":"product_tag","embeddable":true,"href":"https:\/\/www.pharmacieparvais.com\/index.php\/wp-json\/wp\/v2\/product_tag?post=8317"}],"curies":[{"name":"wp","href":"https:\/\/api.w.org\/{rel}","templated":true}]}}