{"id":8316,"date":"2020-03-06T18:47:09","date_gmt":"2020-03-06T17:47:09","guid":{"rendered":"https:\/\/www.pharmacieparvais.com\/?post_type=product&#038;p=8316"},"modified":"2020-06-20T08:59:16","modified_gmt":"2020-06-20T06:59:16","slug":"pommade-eczema","status":"publish","type":"product","link":"https:\/\/www.pharmacieparvais.com\/index.php\/product\/pommade-eczema\/","title":{"rendered":"Pommade anti-ecz\u00e9ma"},"content":{"rendered":"","protected":false},"excerpt":{"rendered":"<p><strong>Indication :<\/strong><span class=\"apple-converted-space\">\u00a0compos\u00e9e de 5 huiles essentielles, elle <\/span>soigne l&#8217;ecz\u00e9ma sec avec l\u00e9sions. Ne contient pas de cortisone<\/p>\n<p><strong>Posologie :<\/strong><span class=\"apple-converted-space\">\u00a0<\/span>1 \u00e0 2 fois par jour et ce jusqu\u2019\u00e0 disparition des sympt\u00f4mes. Si pas d\u2019am\u00e9liorations dans les 3 jours, consultez votre m\u00e9decin.<\/p>\n<p><strong>Pr\u00e9cautions d\u2019usage :<\/strong><span class=\"apple-converted-space\">\u00a0<\/span>appliquez de petites quantit\u00e9s sur la zone \u00e0 traiter. D\u00e8s que la l\u00e9sion est gu\u00e9rie, passez \u00e0 un soin d\u2019hydratation pour peau atopique afin de limiter l\u2019apparition de r\u00e9cidives. Utilisez un soin lavant adapt\u00e9 de fa\u00e7on \u00e0 ne pas irriter la zone. Nos judicieux conseils vous aideront.<\/p>\n<p><span style=\"color: #ff0000;\"><strong>Usage externe<\/strong><\/span><\/p>\n","protected":false},"featured_media":9434,"template":"","meta":[],"product_brand":[],"product_cat":[40],"product_tag":[],"class_list":{"0":"post-8316","1":"product","2":"type-product","3":"status-publish","4":"has-post-thumbnail","6":"product_cat-dermatologie","8":"first","9":"instock","10":"shipping-taxable","11":"product-type-simple"},"_links":{"self":[{"href":"https:\/\/www.pharmacieparvais.com\/index.php\/wp-json\/wp\/v2\/product\/8316","targetHints":{"allow":["GET"]}}],"collection":[{"href":"https:\/\/www.pharmacieparvais.com\/index.php\/wp-json\/wp\/v2\/product"}],"about":[{"href":"https:\/\/www.pharmacieparvais.com\/index.php\/wp-json\/wp\/v2\/types\/product"}],"wp:featuredmedia":[{"embeddable":true,"href":"https:\/\/www.pharmacieparvais.com\/index.php\/wp-json\/wp\/v2\/media\/9434"}],"wp:attachment":[{"href":"https:\/\/www.pharmacieparvais.com\/index.php\/wp-json\/wp\/v2\/media?parent=8316"}],"wp:term":[{"taxonomy":"product_brand","embeddable":true,"href":"https:\/\/www.pharmacieparvais.com\/index.php\/wp-json\/wp\/v2\/product_brand?post=8316"},{"taxonomy":"product_cat","embeddable":true,"href":"https:\/\/www.pharmacieparvais.com\/index.php\/wp-json\/wp\/v2\/product_cat?post=8316"},{"taxonomy":"product_tag","embeddable":true,"href":"https:\/\/www.pharmacieparvais.com\/index.php\/wp-json\/wp\/v2\/product_tag?post=8316"}],"curies":[{"name":"wp","href":"https:\/\/api.w.org\/{rel}","templated":true}]}}