{"id":8308,"date":"2020-03-06T18:38:56","date_gmt":"2020-03-06T17:38:56","guid":{"rendered":"https:\/\/www.pharmacieparvais.com\/?post_type=product&#038;p=8308"},"modified":"2020-07-21T20:48:41","modified_gmt":"2020-07-21T18:48:41","slug":"tisane-colite-nerveuse-et-diarrhee-sur-demande","status":"publish","type":"product","link":"https:\/\/www.pharmacieparvais.com\/index.php\/product\/tisane-colite-nerveuse-et-diarrhee-sur-demande\/","title":{"rendered":"Tisane contre la colite nerveuse &#038; diarrh\u00e9e"},"content":{"rendered":"","protected":false},"excerpt":{"rendered":"<p><strong>Indication : <\/strong>un d\u00e9licieux m\u00e9lange de 6 plantes qui apaisent les spasmes et inflammations des intestins li\u00e9s au stress.<\/p>\n<p><strong>Posologie :<\/strong>\u00a0mettez une cuill\u00e8re \u00e0 soupe par tasse. Infusez 15 minutes. Buvez 2 \u00e0 3 tasses par jour apr\u00e8s les repas.<\/p>\n<p><strong>Pr\u00e9cautions d\u2019usage :<\/strong>\u00a0si le probl\u00e8me persiste dans les 48 heures, contactez le m\u00e9decin et veillez \u00e0 \u00e9viter la d\u00e9shydratation.<\/p>\n<p><strong>Composition<\/strong>\u00a0: Camomille allemande herbe (Matricaria recutita) \u2013 Coquelicot fleurs (papaver rhoeas) \u2013 M\u00e9lisse feuilles (Melissa officinalis) &#8211;\u00a0 Myrtille baies (Vaccinium myrtillus) \u00a0\u2013 Oranger boutons (Citrus aurantium var. amara) \u2013 Tilleul de Carpentras fleurs (Tiliae cordata \u00a0flos Carpentras)<\/p>\n","protected":false},"featured_media":9845,"template":"","meta":[],"product_brand":[],"product_cat":[46],"product_tag":[],"class_list":{"0":"post-8308","1":"product","2":"type-product","3":"status-publish","4":"has-post-thumbnail","6":"product_cat-tisanes","8":"first","9":"instock","10":"shipping-taxable","11":"product-type-simple"},"_links":{"self":[{"href":"https:\/\/www.pharmacieparvais.com\/index.php\/wp-json\/wp\/v2\/product\/8308","targetHints":{"allow":["GET"]}}],"collection":[{"href":"https:\/\/www.pharmacieparvais.com\/index.php\/wp-json\/wp\/v2\/product"}],"about":[{"href":"https:\/\/www.pharmacieparvais.com\/index.php\/wp-json\/wp\/v2\/types\/product"}],"wp:featuredmedia":[{"embeddable":true,"href":"https:\/\/www.pharmacieparvais.com\/index.php\/wp-json\/wp\/v2\/media\/9845"}],"wp:attachment":[{"href":"https:\/\/www.pharmacieparvais.com\/index.php\/wp-json\/wp\/v2\/media?parent=8308"}],"wp:term":[{"taxonomy":"product_brand","embeddable":true,"href":"https:\/\/www.pharmacieparvais.com\/index.php\/wp-json\/wp\/v2\/product_brand?post=8308"},{"taxonomy":"product_cat","embeddable":true,"href":"https:\/\/www.pharmacieparvais.com\/index.php\/wp-json\/wp\/v2\/product_cat?post=8308"},{"taxonomy":"product_tag","embeddable":true,"href":"https:\/\/www.pharmacieparvais.com\/index.php\/wp-json\/wp\/v2\/product_tag?post=8308"}],"curies":[{"name":"wp","href":"https:\/\/api.w.org\/{rel}","templated":true}]}}