{"id":8304,"date":"2020-03-06T18:36:26","date_gmt":"2020-03-06T17:36:26","guid":{"rendered":"https:\/\/www.pharmacieparvais.com\/?post_type=product&#038;p=8304"},"modified":"2020-07-06T18:15:40","modified_gmt":"2020-07-06T16:15:40","slug":"tisane-voies-urinaires","status":"publish","type":"product","link":"https:\/\/www.pharmacieparvais.com\/index.php\/product\/tisane-voies-urinaires\/","title":{"rendered":"Tisane voies urinaires"},"content":{"rendered":"","protected":false},"excerpt":{"rendered":"<p><strong>Indication :<\/strong>\u00a0d\u00e9sinfection l\u00e9g\u00e8re des voies urinaires en cas de cystite des voies basses gr\u00e2ce \u00e0 l\u2019action cumul\u00e9e de la bruy\u00e8re et de la busserole. Elle constitue un traitement compl\u00e9mentaire \u00e0 la prise de nos g\u00e9lules \u201cvoies urinaires aux huiles essentielles\u201d ou d\u2019un antibiotique d\u00e9livr\u00e9 sur avis m\u00e9dical.<\/p>\n<p><strong>Posologie :<\/strong>\u00a01 cuill\u00e8re \u00e0 soupe par tasse. Infusez 5 minutes. Buvez 4 \u00e0 5 tasses par jour. Consultez le m\u00e9decin si pas d\u2019am\u00e9lioration dans les 24 \u00e0 48h00.<\/p>\n<p><strong>Pr\u00e9cautions d\u2019usage :<\/strong>\u00a0consultez votre m\u00e9decin si traces de sang dans les urines, cystite r\u00e9cidivante ou sympt\u00f4mes tels que fi\u00e8vre, douleurs lombaires ou abdominales, frissons ou si pas d\u2019am\u00e9lioration apr\u00e8s 2 jours.<\/p>\n<p><strong>Composition\u00a0<\/strong>: Bruy\u00e8re herbe (Calluna vulgaris) &#8211; Busserole feuilles (Uva Ursi)<\/p>\n","protected":false},"featured_media":8559,"template":"","meta":[],"product_brand":[],"product_cat":[46],"product_tag":[],"class_list":{"0":"post-8304","1":"product","2":"type-product","3":"status-publish","4":"has-post-thumbnail","6":"product_cat-tisanes","8":"first","9":"instock","10":"shipping-taxable","11":"product-type-simple"},"_links":{"self":[{"href":"https:\/\/www.pharmacieparvais.com\/index.php\/wp-json\/wp\/v2\/product\/8304","targetHints":{"allow":["GET"]}}],"collection":[{"href":"https:\/\/www.pharmacieparvais.com\/index.php\/wp-json\/wp\/v2\/product"}],"about":[{"href":"https:\/\/www.pharmacieparvais.com\/index.php\/wp-json\/wp\/v2\/types\/product"}],"wp:featuredmedia":[{"embeddable":true,"href":"https:\/\/www.pharmacieparvais.com\/index.php\/wp-json\/wp\/v2\/media\/8559"}],"wp:attachment":[{"href":"https:\/\/www.pharmacieparvais.com\/index.php\/wp-json\/wp\/v2\/media?parent=8304"}],"wp:term":[{"taxonomy":"product_brand","embeddable":true,"href":"https:\/\/www.pharmacieparvais.com\/index.php\/wp-json\/wp\/v2\/product_brand?post=8304"},{"taxonomy":"product_cat","embeddable":true,"href":"https:\/\/www.pharmacieparvais.com\/index.php\/wp-json\/wp\/v2\/product_cat?post=8304"},{"taxonomy":"product_tag","embeddable":true,"href":"https:\/\/www.pharmacieparvais.com\/index.php\/wp-json\/wp\/v2\/product_tag?post=8304"}],"curies":[{"name":"wp","href":"https:\/\/api.w.org\/{rel}","templated":true}]}}