{"id":8302,"date":"2020-03-06T18:35:11","date_gmt":"2020-03-06T17:35:11","guid":{"rendered":"https:\/\/www.pharmacieparvais.com\/?post_type=product&#038;p=8302"},"modified":"2020-07-06T18:20:59","modified_gmt":"2020-07-06T16:20:59","slug":"tisane-insomnies-aux-7-plantes","status":"publish","type":"product","link":"https:\/\/www.pharmacieparvais.com\/index.php\/product\/tisane-insomnies-aux-7-plantes\/","title":{"rendered":"Tisane &#8220;bonne nuit&#8221;"},"content":{"rendered":"","protected":false},"excerpt":{"rendered":"<p><strong><span lang=\"FR\">Indication : <\/span><\/strong><span lang=\"FR\">id\u00e9ale pour contrer les<\/span><span class=\"apple-converted-space\"><span lang=\"FR\">\u00a0<\/span><\/span><span lang=\"FR\">insomnies et les difficult\u00e9s d\u2019endormissement gr\u00e2ce \u00e0 l\u2019association de 7 plantes aux propri\u00e9t\u00e9s relaxantes.<\/span><\/p>\n<p><strong><span lang=\"FR\">Posologie :<\/span><\/strong><span class=\"apple-converted-space\"><span lang=\"FR\">\u00a0<\/span><\/span><span lang=\"FR\">1 cuill\u00e8re \u00e0 soupe bomb\u00e9e par tasse d\u2019eau bouillante. Infusez 10 min et savourez une tasse apr\u00e8s le souper. N\u2019h\u00e9sitez pas \u00e0 ajouter une cuill\u00e8re \u00e0 caf\u00e9 de miel d\u2019oranger ou de tilleul de chez Nectar &amp; C\u00b0 lorsque votre tisane a une temp\u00e9rature inf\u00e9rieure \u00e0 40 \u00b0<\/span><\/p>\n<p><strong><span lang=\"FR\">Composition : <\/span><\/strong><span lang=\"FR\">Aub\u00e9pine fleurs (Cratae<\/span><span lang=\"FR\">gus oxyacantha) <\/span><span lang=\"FR\">\u2013 Camomille romaine fleurs (chamaemelum nobile) \u2013 Lavande officinale fleurs (Lavandula officinalis) \u2013 M\u00e9lisse feuilles (Melissa officinalis) \u2013 <\/span><span lang=\"FR\">Oranger p\u00e9tales (Citrus aurantium dulce) <\/span><span lang=\"FR\">\u2013 Passiflore herbe (Passiflora incarnata) \u2013 Tilleul <\/span><span lang=\"FR\">fleurs (Tiliae cordata flos Carpentras)<\/span><b><\/b><\/p>\n","protected":false},"featured_media":9625,"template":"","meta":[],"product_brand":[],"product_cat":[46],"product_tag":[],"class_list":{"0":"post-8302","1":"product","2":"type-product","3":"status-publish","4":"has-post-thumbnail","6":"product_cat-tisanes","8":"first","9":"instock","10":"shipping-taxable","11":"product-type-simple"},"_links":{"self":[{"href":"https:\/\/www.pharmacieparvais.com\/index.php\/wp-json\/wp\/v2\/product\/8302","targetHints":{"allow":["GET"]}}],"collection":[{"href":"https:\/\/www.pharmacieparvais.com\/index.php\/wp-json\/wp\/v2\/product"}],"about":[{"href":"https:\/\/www.pharmacieparvais.com\/index.php\/wp-json\/wp\/v2\/types\/product"}],"wp:featuredmedia":[{"embeddable":true,"href":"https:\/\/www.pharmacieparvais.com\/index.php\/wp-json\/wp\/v2\/media\/9625"}],"wp:attachment":[{"href":"https:\/\/www.pharmacieparvais.com\/index.php\/wp-json\/wp\/v2\/media?parent=8302"}],"wp:term":[{"taxonomy":"product_brand","embeddable":true,"href":"https:\/\/www.pharmacieparvais.com\/index.php\/wp-json\/wp\/v2\/product_brand?post=8302"},{"taxonomy":"product_cat","embeddable":true,"href":"https:\/\/www.pharmacieparvais.com\/index.php\/wp-json\/wp\/v2\/product_cat?post=8302"},{"taxonomy":"product_tag","embeddable":true,"href":"https:\/\/www.pharmacieparvais.com\/index.php\/wp-json\/wp\/v2\/product_tag?post=8302"}],"curies":[{"name":"wp","href":"https:\/\/api.w.org\/{rel}","templated":true}]}}