{"id":8299,"date":"2020-03-06T18:29:09","date_gmt":"2020-03-06T17:29:09","guid":{"rendered":"https:\/\/www.pharmacieparvais.com\/?post_type=product&#038;p=8299"},"modified":"2020-07-06T18:48:14","modified_gmt":"2020-07-06T16:48:14","slug":"tisane-lactation-aux-6-plantes-favorise-la-montee-de-lait","status":"publish","type":"product","link":"https:\/\/www.pharmacieparvais.com\/index.php\/product\/tisane-lactation-aux-6-plantes-favorise-la-montee-de-lait\/","title":{"rendered":"Tisane lactation"},"content":{"rendered":"","protected":false},"excerpt":{"rendered":"<p><strong><span lang=\"FR\">Indication : <\/span><\/strong><span lang=\"FR\">6 esp\u00e8ces v\u00e9g\u00e9tales<\/span><span class=\"apple-converted-space\"><span lang=\"FR\">\u00a0en m\u00e9lange pour <\/span><\/span><span lang=\"FR\">favoriser la mont\u00e9e de lait chez les femmes allaitantes et r\u00e9duire les coliques chez le nourrisson nourri au lait maternel.<\/span><\/p>\n<p><strong><span lang=\"FR\">Posologie :<\/span><\/strong><span class=\"apple-converted-space\"><span lang=\"FR\">\u00a0d\u00e9posez <\/span><\/span><span lang=\"FR\">1 cuill\u00e8re \u00e0 soupe de tisane dans une tasse d\u2019eau bouillante. Infusez 5 minutes et buvez 3 \u00e0 4 tasses par jour.<\/span><\/p>\n<p><strong><span lang=\"FR\">Composition : <\/span><\/strong><span lang=\"FR\">Anis badiane fruits (Illicium verum) &#8211; Anis vert fruits (Pimpinella anisum) \u2013 Cumin fruits (Cuminum cyminum) \u2013 Fenouil fruits (Foeniculum vulgare) \u2013 Houblon c\u00f4nes (Humulus lupulus) &#8211; Ortie blanche herbe (Lamium album)<\/span><b><\/b><\/p>\n","protected":false},"featured_media":8563,"template":"","meta":[],"product_brand":[],"product_cat":[50,46],"product_tag":[],"class_list":{"0":"post-8299","1":"product","2":"type-product","3":"status-publish","4":"has-post-thumbnail","6":"product_cat-maman-bebe","7":"product_cat-tisanes","9":"first","10":"instock","11":"shipping-taxable","12":"product-type-simple"},"_links":{"self":[{"href":"https:\/\/www.pharmacieparvais.com\/index.php\/wp-json\/wp\/v2\/product\/8299","targetHints":{"allow":["GET"]}}],"collection":[{"href":"https:\/\/www.pharmacieparvais.com\/index.php\/wp-json\/wp\/v2\/product"}],"about":[{"href":"https:\/\/www.pharmacieparvais.com\/index.php\/wp-json\/wp\/v2\/types\/product"}],"wp:featuredmedia":[{"embeddable":true,"href":"https:\/\/www.pharmacieparvais.com\/index.php\/wp-json\/wp\/v2\/media\/8563"}],"wp:attachment":[{"href":"https:\/\/www.pharmacieparvais.com\/index.php\/wp-json\/wp\/v2\/media?parent=8299"}],"wp:term":[{"taxonomy":"product_brand","embeddable":true,"href":"https:\/\/www.pharmacieparvais.com\/index.php\/wp-json\/wp\/v2\/product_brand?post=8299"},{"taxonomy":"product_cat","embeddable":true,"href":"https:\/\/www.pharmacieparvais.com\/index.php\/wp-json\/wp\/v2\/product_cat?post=8299"},{"taxonomy":"product_tag","embeddable":true,"href":"https:\/\/www.pharmacieparvais.com\/index.php\/wp-json\/wp\/v2\/product_tag?post=8299"}],"curies":[{"name":"wp","href":"https:\/\/api.w.org\/{rel}","templated":true}]}}