{"id":8291,"date":"2020-03-06T17:25:19","date_gmt":"2020-03-06T16:25:19","guid":{"rendered":"https:\/\/www.pharmacieparvais.com\/?post_type=product&#038;p=8291"},"modified":"2020-07-06T18:47:56","modified_gmt":"2020-07-06T16:47:56","slug":"pommade-anti-rougeurs","status":"publish","type":"product","link":"https:\/\/www.pharmacieparvais.com\/index.php\/product\/pommade-anti-rougeurs\/","title":{"rendered":"Pommade anti-rougeurs"},"content":{"rendered":"","protected":false},"excerpt":{"rendered":"<p><strong>Indications :<\/strong><span class=\"apple-converted-space\">\u00a0riche de 8 huiles essentielles aux vertus cicatrisantes, elle est particuli\u00e8rement efficace <\/span>contre les rougeurs fessi\u00e8res ou de la vulve du b\u00e9b\u00e9, de l\u2019enfant et de l\u2019adulte. Peut \u00e9galement s&#8217;utiliser en pr\u00e9vention d\u2019escarres ou de frottements d\u00e8s les premi\u00e8res rougeurs. Elle peut \u00eatre utile \u00e9galement contre toutes rougeurs ou inflammations cutan\u00e9es. Demandez nous conseil.<\/p>\n<p><strong>Posologie :<\/strong><span class=\"apple-converted-space\">\u00a0<\/span>appliquez plusieurs fois par jour d\u00e8s l&#8217;apparition de rougeurs et jusqu&#8217;\u00e0 gu\u00e9rison des sympt\u00f4mes.<\/p>\n<p><strong>Pr\u00e9cautions d\u2019usage :<\/strong><span class=\"apple-converted-space\">\u00a0<\/span>Ne pas appliquer sur une plaie suintante ni comme cr\u00e8me d\u2019entretien.<\/p>\n<p><span style=\"color: #ff0000;\"><strong>Usage externe<\/strong><\/span><\/p>\n","protected":false},"featured_media":9435,"template":"","meta":[],"product_brand":[],"product_cat":[50,40],"product_tag":[],"class_list":{"0":"post-8291","1":"product","2":"type-product","3":"status-publish","4":"has-post-thumbnail","6":"product_cat-maman-bebe","7":"product_cat-dermatologie","9":"first","10":"instock","11":"shipping-taxable","12":"product-type-simple"},"_links":{"self":[{"href":"https:\/\/www.pharmacieparvais.com\/index.php\/wp-json\/wp\/v2\/product\/8291","targetHints":{"allow":["GET"]}}],"collection":[{"href":"https:\/\/www.pharmacieparvais.com\/index.php\/wp-json\/wp\/v2\/product"}],"about":[{"href":"https:\/\/www.pharmacieparvais.com\/index.php\/wp-json\/wp\/v2\/types\/product"}],"wp:featuredmedia":[{"embeddable":true,"href":"https:\/\/www.pharmacieparvais.com\/index.php\/wp-json\/wp\/v2\/media\/9435"}],"wp:attachment":[{"href":"https:\/\/www.pharmacieparvais.com\/index.php\/wp-json\/wp\/v2\/media?parent=8291"}],"wp:term":[{"taxonomy":"product_brand","embeddable":true,"href":"https:\/\/www.pharmacieparvais.com\/index.php\/wp-json\/wp\/v2\/product_brand?post=8291"},{"taxonomy":"product_cat","embeddable":true,"href":"https:\/\/www.pharmacieparvais.com\/index.php\/wp-json\/wp\/v2\/product_cat?post=8291"},{"taxonomy":"product_tag","embeddable":true,"href":"https:\/\/www.pharmacieparvais.com\/index.php\/wp-json\/wp\/v2\/product_tag?post=8291"}],"curies":[{"name":"wp","href":"https:\/\/api.w.org\/{rel}","templated":true}]}}