{"id":9748,"date":"2021-02-27T10:00:49","date_gmt":"2021-02-27T09:00:49","guid":{"rendered":"https:\/\/www.pharmacieparvais.com\/?page_id=9748"},"modified":"2023-04-03T14:22:10","modified_gmt":"2023-04-03T12:22:10","slug":"gardes-2","status":"publish","type":"page","link":"https:\/\/www.pharmacieparvais.com\/index.php\/infos-pratiques\/gardes-2\/","title":{"rendered":"Gardes"},"content":{"rendered":"<div id=\"pl-9748\"  class=\"panel-layout\" ><div id=\"pg-9748-0\"  class=\"panel-grid panel-no-style\" ><div id=\"pgc-9748-0-0\"  class=\"panel-grid-cell\" ><div id=\"panel-9748-0-0-0\" class=\"so-panel widget widget_sow-editor panel-first-child panel-last-child\" data-index=\"0\" ><div\n\t\t\t\n\t\t\tclass=\"so-widget-sow-editor so-widget-sow-editor-base\"\n\t\t\t\n\t\t>\n<div class=\"siteorigin-widget-tinymce textwidget\">\n\t<h3>Pharmacies de garde du samedi 18 f\u00e9vrier au vendredi 24 f\u00e9vrier<\/h3>\n<p>Du lundi au samedi de 18h30 au lendemain 8h30<br \/>\nLe samedi de 12h30 \u00e0 9h00 le dimanche matin<br \/>\nLe dimanche de 9h00 \u00e0 8h30 le lundi matin<\/p>\n<p>&nbsp;<\/p>\n<div dir=\"auto\">\n<div class=\"l7ghb35v kjdc1dyq kmwttqpk gh25dzvf jikcssrz n3t5jt4f\">\n<div dir=\"auto\">\n<div class=\"l7ghb35v kjdc1dyq kmwttqpk gh25dzvf jikcssrz n3t5jt4f\">\n<div dir=\"auto\">\n<div class=\"l7ghb35v kjdc1dyq kmwttqpk gh25dzvf jikcssrz n3t5jt4f\">\n<div dir=\"auto\">\n<div class=\"x11i5rnm xat24cr x1mh8g0r x1vvkbs xtlvy1s x126k92a\">\n<div dir=\"auto\">\n<div class=\"x11i5rnm xat24cr x1mh8g0r x1vvkbs xtlvy1s x126k92a\">\n<div dir=\"auto\">\n<div class=\"x11i5rnm xat24cr x1mh8g0r x1vvkbs xtlvy1s x126k92a\">\n<div dir=\"auto\">\n<div class=\"x11i5rnm xat24cr x1mh8g0r x1vvkbs xtlvy1s x126k92a\">\n<div dir=\"auto\">\n<div class=\"x11i5rnm xat24cr x1mh8g0r x1vvkbs xtlvy1s x126k92a\">\n<div dir=\"auto\">Samedi 18 : Pharmacie Servais Mt St Pont - Ch\u00e9e d'Alsemberg, 577 1420 Braine l'Alleud- 02\/386 45 00<\/div>\n<\/div>\n<div class=\"x11i5rnm xat24cr x1mh8g0r x1vvkbs xtlvy1s x126k92a\">\n<div dir=\"auto\">Dimanche 19 : Pharmacie Williame - Rue des Combattants , 39 -1421 Ophain - 02\/384 29 57<\/div>\n<\/div>\n<div class=\"x11i5rnm xat24cr x1mh8g0r x1vvkbs xtlvy1s x126k92a\">\n<div dir=\"auto\">Lundi 20 : Pharmacie de l'Alliance - Avenue A. Allard, 136 - 1420 Braine l'Alleud - 02\/384 36 44<\/div>\n<\/div>\n<div class=\"x11i5rnm xat24cr x1mh8g0r x1vvkbs xtlvy1s x126k92a\">\n<div dir=\"auto\">Mardi 21 : Pharmacie du Chenois - Rue Emile Dury, 2 - 1410 Waterloo - 02\/354 96 94<\/div>\n<\/div>\n<div class=\"x11i5rnm xat24cr x1mh8g0r x1vvkbs xtlvy1s x126k92a\">\n<div dir=\"auto\">Mercredi 22 : Pharmacie Servais Woo Diane - Ch\u00e9e de Bruxelles, 102A - 1410 Waterloo - 02\/353 12 41<\/div>\n<\/div>\n<div class=\"x11i5rnm xat24cr x1mh8g0r x1vvkbs xtlvy1s x126k92a\">\n<div dir=\"auto\">Jeudi 23 :Pharmacie Guisset - Chauss\u00e9e de Bruxelles, 387 - 1410 Waterloo - 02\/354 73 23<\/div>\n<\/div>\n<div class=\"x11i5rnm xat24cr x1mh8g0r x1vvkbs xtlvy1s x126k92a\">\n<div dir=\"auto\">Vendredi 24 Pharmacie Gare - Rue de la Station, 119 - 1410 Waterloo - 02\/354 73 72<\/div>\n<\/div>\n<\/div>\n<\/div>\n<\/div>\n<\/div>\n<\/div>\n<\/div>\n<\/div>\n<\/div>\n<\/div>\n<\/div>\n<\/div>\n<\/div>\n<\/div>\n<\/div>\n<\/div>\n<\/div>\n<\/div><\/div><\/div><\/div><\/div>","protected":false},"excerpt":{"rendered":"<p>Pharmacies de garde du samedi 18 f\u00e9vrier au vendredi 24 f\u00e9vrier Du lundi au samedi de 18h30 au lendemain 8h30 Le samedi de 12h30 \u00e0 9h00 le dimanche matin Le dimanche de 9h00 \u00e0 8h30 le lundi matin &nbsp; Samedi 18 : Pharmacie Servais Mt St Pont &#8211; Ch\u00e9e d&#8217;Alsemberg, 577 1420 Braine l&#8217;Alleud- 02\/386 [&hellip;]<\/p>\n","protected":false},"author":1,"featured_media":8536,"parent":9474,"menu_order":0,"comment_status":"closed","ping_status":"closed","template":"","meta":{"footnotes":""},"class_list":["post-9748","page","type-page","status-publish","has-post-thumbnail","hentry"],"_links":{"self":[{"href":"https:\/\/www.pharmacieparvais.com\/index.php\/wp-json\/wp\/v2\/pages\/9748","targetHints":{"allow":["GET"]}}],"collection":[{"href":"https:\/\/www.pharmacieparvais.com\/index.php\/wp-json\/wp\/v2\/pages"}],"about":[{"href":"https:\/\/www.pharmacieparvais.com\/index.php\/wp-json\/wp\/v2\/types\/page"}],"author":[{"embeddable":true,"href":"https:\/\/www.pharmacieparvais.com\/index.php\/wp-json\/wp\/v2\/users\/1"}],"replies":[{"embeddable":true,"href":"https:\/\/www.pharmacieparvais.com\/index.php\/wp-json\/wp\/v2\/comments?post=9748"}],"version-history":[{"count":62,"href":"https:\/\/www.pharmacieparvais.com\/index.php\/wp-json\/wp\/v2\/pages\/9748\/revisions"}],"predecessor-version":[{"id":10207,"href":"https:\/\/www.pharmacieparvais.com\/index.php\/wp-json\/wp\/v2\/pages\/9748\/revisions\/10207"}],"up":[{"embeddable":true,"href":"https:\/\/www.pharmacieparvais.com\/index.php\/wp-json\/wp\/v2\/pages\/9474"}],"wp:featuredmedia":[{"embeddable":true,"href":"https:\/\/www.pharmacieparvais.com\/index.php\/wp-json\/wp\/v2\/media\/8536"}],"wp:attachment":[{"href":"https:\/\/www.pharmacieparvais.com\/index.php\/wp-json\/wp\/v2\/media?parent=9748"}],"curies":[{"name":"wp","href":"https:\/\/api.w.org\/{rel}","templated":true}]}}