{"id":9717,"date":"2020-07-19T20:11:21","date_gmt":"2020-07-19T18:11:21","guid":{"rendered":"https:\/\/www.pharmacieparvais.com\/?page_id=9717"},"modified":"2020-07-22T22:52:37","modified_gmt":"2020-07-22T20:52:37","slug":"phytotherapie-2","status":"publish","type":"page","link":"https:\/\/www.pharmacieparvais.com\/index.php\/nos-specialites\/phytotherapie-2\/","title":{"rendered":"Phytoth\u00e9rapie"},"content":{"rendered":"<div id=\"pl-9717\"  class=\"panel-layout\" ><div id=\"pg-9717-0\"  class=\"panel-grid panel-no-style\" ><div id=\"pgc-9717-0-0\"  class=\"panel-grid-cell\" ><div id=\"panel-9717-0-0-0\" class=\"so-panel widget widget_sow-editor panel-first-child panel-last-child\" data-index=\"0\" ><div\n\t\t\t\n\t\t\tclass=\"so-widget-sow-editor so-widget-sow-editor-base\"\n\t\t\t\n\t\t>\n<div class=\"siteorigin-widget-tinymce textwidget\">\n\t<p><span lang=\"FR\">Se soigner par les plantes n\u00e9cessite les conseils avis\u00e9s d'un scientifique exp\u00e9riment\u00e9 : d'une part pour garantir la qualit\u00e9 des produits utilis\u00e9s et d'autre part pour les utiliser au mieux et ne pas interf\u00e9rer avec les traitements chroniques suivis.\u00a0<\/span><\/p>\n<p><span lang=\"FR\">Depuis pr\u00e8s de 50 ans, nous r\u00e9alisons la majeure partie de nos pr\u00e9parations \"maison\" au d\u00e9part d'extraits naturels. Ils sont tous analys\u00e9s et\u00a0certifi\u00e9s.\u00a0<\/span><\/p>\n<p><span lang=\"FR\">Ces mati\u00e8res premi\u00e8res r\u00e9pondant aux normes les plus strictes sont\u00a0utilis\u00e9es dans les pr\u00e9parations prescrites par votre m\u00e9decin que nous vous pr\u00e9parons.<\/span><\/p>\n<p><span lang=\"FR\">Nous avons de stock \u00e0 la pharmacie :<\/span><\/p>\n<ul>\n<li><span lang=\"FR\">plus de 30 extraits\u00a0secs et poudres v\u00e9g\u00e9tales\u00a0<\/span><\/li>\n<li><span lang=\"FR\">20 teintures m\u00e8res et mac\u00e9rats glyc\u00e9rin\u00e9s la plupart en grand volume et prix comp\u00e9titifs<\/span><\/li>\n<li><span lang=\"FR\">toutes les fleurs de Bach et \u00e9lixirs floraux\u00a0<\/span><span lang=\"FR\">\u00a0<\/span><\/li>\n<li><span lang=\"FR\">plus de 80 esp\u00e8ces v\u00e9g\u00e9tales sous forme de tisanes dont 12 formules originales pr\u00e9parations \"maison\" <a href=\"\/index.php\/product-category\/tisanes\/\">(Voir rubriques TISANES dans nos sp\u00e9cialit\u00e9s : pr\u00e9parations maison)<\/a><\/span><\/li>\n<\/ul>\n<p><span lang=\"FR\">N'h\u00e9sitez\u00a0pas \u00e0 nous contacter ...<\/span><\/p>\n<\/div>\n<\/div><\/div><\/div><\/div><\/div>","protected":false},"excerpt":{"rendered":"<p>Se soigner par les plantes n\u00e9cessite les conseils avis\u00e9s d&#8217;un scientifique exp\u00e9riment\u00e9 : d&#8217;une part pour garantir la qualit\u00e9 des produits utilis\u00e9s et d&#8217;autre part pour les utiliser au mieux et ne pas interf\u00e9rer avec les traitements chroniques suivis.\u00a0 Depuis pr\u00e8s de 50 ans, nous r\u00e9alisons la majeure partie de nos pr\u00e9parations &#8220;maison&#8221; au d\u00e9part [&hellip;]<\/p>\n","protected":false},"author":1,"featured_media":9792,"parent":9471,"menu_order":0,"comment_status":"closed","ping_status":"closed","template":"","meta":{"footnotes":""},"class_list":["post-9717","page","type-page","status-publish","has-post-thumbnail","hentry"],"_links":{"self":[{"href":"https:\/\/www.pharmacieparvais.com\/index.php\/wp-json\/wp\/v2\/pages\/9717","targetHints":{"allow":["GET"]}}],"collection":[{"href":"https:\/\/www.pharmacieparvais.com\/index.php\/wp-json\/wp\/v2\/pages"}],"about":[{"href":"https:\/\/www.pharmacieparvais.com\/index.php\/wp-json\/wp\/v2\/types\/page"}],"author":[{"embeddable":true,"href":"https:\/\/www.pharmacieparvais.com\/index.php\/wp-json\/wp\/v2\/users\/1"}],"replies":[{"embeddable":true,"href":"https:\/\/www.pharmacieparvais.com\/index.php\/wp-json\/wp\/v2\/comments?post=9717"}],"version-history":[{"count":12,"href":"https:\/\/www.pharmacieparvais.com\/index.php\/wp-json\/wp\/v2\/pages\/9717\/revisions"}],"predecessor-version":[{"id":9900,"href":"https:\/\/www.pharmacieparvais.com\/index.php\/wp-json\/wp\/v2\/pages\/9717\/revisions\/9900"}],"up":[{"embeddable":true,"href":"https:\/\/www.pharmacieparvais.com\/index.php\/wp-json\/wp\/v2\/pages\/9471"}],"wp:featuredmedia":[{"embeddable":true,"href":"https:\/\/www.pharmacieparvais.com\/index.php\/wp-json\/wp\/v2\/media\/9792"}],"wp:attachment":[{"href":"https:\/\/www.pharmacieparvais.com\/index.php\/wp-json\/wp\/v2\/media?parent=9717"}],"curies":[{"name":"wp","href":"https:\/\/api.w.org\/{rel}","templated":true}]}}