{"id":9490,"date":"2020-06-20T14:50:19","date_gmt":"2020-06-20T12:50:19","guid":{"rendered":"https:\/\/www.pharmacieparvais.com\/?page_id=9490"},"modified":"2020-07-21T09:29:37","modified_gmt":"2020-07-21T07:29:37","slug":"numeros-durgence","status":"publish","type":"page","link":"https:\/\/www.pharmacieparvais.com\/index.php\/infos-pratiques\/numeros-durgence\/","title":{"rendered":"Num\u00e9ros d&#8217;urgence"},"content":{"rendered":"<div id=\"pl-9490\"  class=\"panel-layout\" ><div id=\"pg-9490-0\"  class=\"panel-grid panel-no-style\" ><div id=\"pgc-9490-0-0\"  class=\"panel-grid-cell\" ><div id=\"panel-9490-0-0-0\" class=\"so-panel widget widget_sow-editor panel-first-child panel-last-child\" data-index=\"0\" ><div\n\t\t\t\n\t\t\tclass=\"so-widget-sow-editor so-widget-sow-editor-base\"\n\t\t\t\n\t\t>\n<div class=\"siteorigin-widget-tinymce textwidget\">\n\t<p><strong><span lang=\"FR\"><span style=\"color: #ff0000;\">M\u00e9decins g\u00e9n\u00e9ralistes de garde en Belgique<\/span><br \/>\n<\/span><\/strong><span lang=\"FR\">si vous avez besoin d\u2019une aide m\u00e9dicale le weekend et les jours f\u00e9ri\u00e9s<br \/>\n<\/span><span lang=\"FR\"><span class=\"q9uorilb tbxw36s4 knj5qynh kvgmc6g5 ditlmg2l oygrvhab nvdbi5me fgm26odu gl3lb2sf hhz5lgdu\"><img loading=\"lazy\" decoding=\"async\" src=\"https:\/\/static.xx.fbcdn.net\/images\/emoji.php\/v9\/t22\/1\/16\/260e.png\" alt=\"\u260e\ufe0f\" width=\"16\" height=\"16\" \/><\/span>\u00a0<\/span><span style=\"color: #ff0000; font-size: 21px;\"><b><span lang=\"FR\">1733<\/span><\/b><\/span><b><\/b><\/p>\n<div dir=\"auto\">\n<p><span style=\"color: #ff0000;\"><strong>Pour Braine l'alleud et Waterloo :<\/strong><\/span><\/p>\n<ul>\n<li>Garde de <strong>NUIT<\/strong> du lundi au vendredi de 22h00 \u00e0 8h00 : urgences du Chirec Braine l'Alleud<br \/>\n<span lang=\"FR\"><span class=\"q9uorilb tbxw36s4 knj5qynh kvgmc6g5 ditlmg2l oygrvhab nvdbi5me fgm26odu gl3lb2sf hhz5lgdu\"><img loading=\"lazy\" decoding=\"async\" src=\"https:\/\/static.xx.fbcdn.net\/images\/emoji.php\/v9\/t22\/1\/16\/260e.png\" alt=\"\u260e\ufe0f\" width=\"16\" height=\"16\" \/><\/span>\u00a0<\/span><span style=\"color: #ff0000; font-size: 21px;\"><strong>02\/434 93 22<\/strong><\/span><\/li>\n<\/ul>\n<ul>\n<li>M\u00e9decins de garde le <strong>WEEK-END<\/strong> du samedi 8h00 au lundi 8h00 &amp; les jours f\u00e9ri\u00e9s : poste m\u00e9dical de garde sur rendez-vous<br \/>\nRue du Paradis 1 \u00e0 Braine l'alleud - Maison de Repos \"Le Vignoble\" (apportez votre carte d'identit\u00e9, paiement Bancontact uniquement)<br \/>\n<span lang=\"FR\"><span class=\"q9uorilb tbxw36s4 knj5qynh kvgmc6g5 ditlmg2l oygrvhab nvdbi5me fgm26odu gl3lb2sf hhz5lgdu\"><img loading=\"lazy\" decoding=\"async\" src=\"https:\/\/static.xx.fbcdn.net\/images\/emoji.php\/v9\/t22\/1\/16\/260e.png\" alt=\"\u260e\ufe0f\" width=\"16\" height=\"16\" \/><\/span><span style=\"color: #ff0000; font-size: 21px;\">\u00a0<\/span><\/span><span style=\"color: #ff0000; font-size: 21px;\"><strong>02 \/385 05 00<\/strong><\/span><\/li>\n<\/ul>\n<p><span style=\"color: #ff0000;\"><strong>P\u00e9diatres de garde \u00a0\u00a0\u00a0\u00a0\u00a0\u00a0\u00a0\u00a0\u00a0\u00a0\u00a0\u00a0\u00a0\u00a0\u00a0\u00a0\u00a0\u00a0\u00a0\u00a0\u00a0\u00a0\u00a0\u00a0\u00a0\u00a0\u00a0\u00a0\u00a0\u00a0\u00a0\u00a0\u00a0\u00a0\u00a0\u00a0\u00a0\u00a0\u00a0\u00a0\u00a0\u00a0\u00a0\u00a0\u00a0\u00a0\u00a0\u00a0\u00a0\u00a0\u00a0<\/strong><\/span><\/p>\n<p>Pour la r\u00e9gion de Braine-l'Alleud - Waterloo - Rhode-Saint-Gen\u00e8se<br \/>\n\ud83d\udcbb <a href=\"http:\/\/www.premierage.be\/\">www.premierage.be<\/a><\/p>\n<p><b><span lang=\"FR\"><span style=\"color: #ff0000;\">Dentistes de Garde en Brabant Wallon \u00a0\u00a0\u00a0\u00a0\u00a0\u00a0\u00a0\u00a0\u00a0\u00a0\u00a0\u00a0\u00a0\u00a0\u00a0\u00a0\u00a0\u00a0<\/span> <\/span><\/b><\/p>\n<p><span lang=\"FR\">Semaine : de 9h00 \u00e0 18h00 \u00a0<\/span><\/p>\n<p><span lang=\"FR\">Samedi, dimanche et jours f\u00e9ri\u00e9s\u00a0: de 9h00 \u00e0 17h00<br \/>\n<span class=\"q9uorilb tbxw36s4 knj5qynh kvgmc6g5 ditlmg2l oygrvhab nvdbi5me fgm26odu gl3lb2sf hhz5lgdu\"><img loading=\"lazy\" decoding=\"async\" src=\"https:\/\/static.xx.fbcdn.net\/images\/emoji.php\/v9\/t22\/1\/16\/260e.png\" alt=\"\u260e\ufe0f\" width=\"16\" height=\"16\" \/><\/span><span style=\"color: #ff0000; font-size: 21px;\">\u00a0<\/span><\/span><span style=\"font-size: 21px; color: #ff0000;\"><b><span lang=\"FR\">02 375 70 27 <span style=\"color: #000000;\">\u2022<\/span>\u00a0<\/span><\/b><\/span><b><span lang=\"FR\">\ud83d\udcbb <\/span><\/b><span lang=\"FR\"><a href=\"http:\/\/www.dentistedegarde.be\/\">www.dentistedegarde.be<\/a><\/span><\/p>\n<p><strong><span style=\"color: #ff0000;\">Orthodontistes de garde \u00a0\u00a0\u00a0\u00a0\u00a0\u00a0\u00a0\u00a0\u00a0\u00a0\u00a0\u00a0\u00a0\u00a0\u00a0\u00a0\u00a0\u00a0\u00a0\u00a0\u00a0\u00a0\u00a0\u00a0\u00a0\u00a0\u00a0\u00a0\u00a0<\/span> <\/strong><\/p>\n<p>La garde orthodontique est assur\u00e9e les week-ends et jours f\u00e9ri\u00e9s de 10h00 \u00e0 12h00<br \/>\n<strong style=\"font-family: Nunito, Helvetica, Arial, sans-serif;\"><span lang=\"FR\"><span class=\"q9uorilb tbxw36s4 knj5qynh kvgmc6g5 ditlmg2l oygrvhab nvdbi5me fgm26odu gl3lb2sf hhz5lgdu\"><img loading=\"lazy\" decoding=\"async\" src=\"https:\/\/static.xx.fbcdn.net\/images\/emoji.php\/v9\/t22\/1\/16\/260e.png\" alt=\"\u260e\ufe0f\" width=\"16\" height=\"16\" \/><\/span><span style=\"color: #ff0000; font-size: 21px;\">\u00a0<\/span><\/span><span style=\"color: #ff0000; font-size: 21px;\">070 22 20 88<b><span lang=\"FR\"> <span style=\"color: #000000;\">\u2022<\/span>\u00a0<\/span><\/b><b><span lang=\"FR\">\ud83d\udcbb <\/span><\/b><\/span><\/strong><a style=\"font-family: Nunito, Helvetica, Arial, sans-serif;\" href=\"http:\/\/www.orthodontiste.be\/service-de-garde\"><strong>www.orthodontiste.be\/service-de-garde<\/strong><\/a><strong style=\"font-family: Nunito, Helvetica, Arial, sans-serif;\">\u00a0 \u00a0 \u00a0 \u00a0 \u00a0 \u00a0<\/strong><\/p>\n<p><strong><span style=\"color: #ff0000;\"><span lang=\"FR\">V\u00e9t\u00e9rinaires de garde<\/span><span lang=\"FR\"><br \/>\n<\/span><\/span><\/strong><span lang=\"NL-BE\"><span lang=\"FR\">Animaux de compagnies et n.a.c.\u00a0 <\/span>(24h\/24 \u2013 7j\/7) \u00a0<\/span><span lang=\"NL-BE\"><br \/>\n<\/span><span lang=\"NL-BE\"><strong style=\"font-family: Nunito, Helvetica, Arial, sans-serif;\"><span lang=\"FR\"><span class=\"q9uorilb tbxw36s4 knj5qynh kvgmc6g5 ditlmg2l oygrvhab nvdbi5me fgm26odu gl3lb2sf hhz5lgdu\"><img loading=\"lazy\" decoding=\"async\" src=\"https:\/\/static.xx.fbcdn.net\/images\/emoji.php\/v9\/t22\/1\/16\/260e.png\" alt=\"\u260e\ufe0f\" width=\"16\" height=\"16\" \/><\/span><span style=\"color: #ff0000; font-size: 21px;\">\u00a0<\/span><\/span><\/strong><span style=\"color: #ff0000; font-size: 21px;\"><strong>0497 55 22 55<\/strong>\u00a0<strong style=\"font-family: Nunito, Helvetica, Arial, sans-serif;\"><b><span lang=\"FR\"><span style=\"color: #000000;\">\u2022<\/span>\u00a0<\/span><\/b><b><span lang=\"FR\">\ud83d\udcbb <\/span><\/b><\/strong><\/span><\/span><span lang=\"FR\"><a href=\"http:\/\/www.veterinaire-urgence.be\/veterinaire-de-garde-brabant-wallon.htm\"><b><span lang=\"NL-BE\">http:\/\/www.veterinaire-urgence.be\/veterinaire-de-garde-brabant-wallon.htm<\/span><\/b><\/a><\/span><b><\/b><\/p>\n<p><span style=\"color: #ff0000;\"><strong>R\u00e9paration de dentiers\u00a0<\/strong><\/span><\/p>\n<p>Fabrice ANCIAUX \u00e0 Braine-l\u2019Alleud<br \/>\n<strong><span lang=\"NL-BE\"><strong style=\"font-family: Nunito, Helvetica, Arial, sans-serif;\"><span lang=\"FR\"><span class=\"q9uorilb tbxw36s4 knj5qynh kvgmc6g5 ditlmg2l oygrvhab nvdbi5me fgm26odu gl3lb2sf hhz5lgdu\"><img loading=\"lazy\" decoding=\"async\" src=\"https:\/\/static.xx.fbcdn.net\/images\/emoji.php\/v9\/t22\/1\/16\/260e.png\" alt=\"\u260e\ufe0f\" width=\"16\" height=\"16\" \/><\/span><span style=\"color: #ff0000; font-size: 21px;\">\u00a0<\/span><\/span><\/strong><\/span><span style=\"font-size: 21px; color: #ff0000;\">0475 31 02 01<\/span><\/strong><\/p>\n<p><span style=\"color: #ff0000;\"><strong style=\"font-family: Nunito, Helvetica, Arial, sans-serif;\"><b><span lang=\"FR\">Urgences <\/span><\/b><span lang=\"FR\">\u00a0<\/span><span lang=\"FR\">pompiers et \u00a0ambulances (gratuit, 24h\/24)<\/span><br \/>\n<\/strong><\/span><img loading=\"lazy\" decoding=\"async\" class=\"alignnone wp-image-9800\" src=\"https:\/\/testpharmacieparvais.mimaandcs.be\/wp-content\/uploads\/2020\/07\/112.jpg\" alt=\"\" width=\"48\" height=\"46\" \/>\u00a0<strong><span lang=\"NL-BE\"><strong style=\"font-family: Nunito, Helvetica, Arial, sans-serif;\"><span lang=\"FR\"><span class=\"q9uorilb tbxw36s4 knj5qynh kvgmc6g5 ditlmg2l oygrvhab nvdbi5me fgm26odu gl3lb2sf hhz5lgdu\"><img loading=\"lazy\" decoding=\"async\" src=\"https:\/\/static.xx.fbcdn.net\/images\/emoji.php\/v9\/t22\/1\/16\/260e.png\" alt=\"\u260e\ufe0f\" width=\"16\" height=\"16\" \/><\/span><span style=\"color: #ff0000; font-size: 21px;\">\u00a0112<\/span><\/span><\/strong><\/span><\/strong><\/p>\n<p><span style=\"color: #ff0000;\"><b><span lang=\"FR\">Police<\/span><\/b><\/span><span lang=\"FR\"> (gratuit, 24h\/24)<br \/>\n<img loading=\"lazy\" decoding=\"async\" class=\"alignnone wp-image-9801\" src=\"https:\/\/testpharmacieparvais.mimaandcs.be\/wp-content\/uploads\/2020\/07\/police.jpg\" alt=\"\" width=\"51\" height=\"46\" \/><strong><span lang=\"NL-BE\"><strong style=\"font-family: Nunito, Helvetica, Arial, sans-serif;\"><span class=\"q9uorilb tbxw36s4 knj5qynh kvgmc6g5 ditlmg2l oygrvhab nvdbi5me fgm26odu gl3lb2sf hhz5lgdu\"><img loading=\"lazy\" decoding=\"async\" src=\"https:\/\/static.xx.fbcdn.net\/images\/emoji.php\/v9\/t22\/1\/16\/260e.png\" alt=\"\u260e\ufe0f\" width=\"16\" height=\"16\" \/><\/span><span style=\"color: #ff0000; font-size: 21px;\">\u00a0101<\/span><\/strong><\/span><\/strong><br \/>\n<\/span><\/p>\n<p><span style=\"color: #ff0000;\"><strong>Centre anti-poisons <\/strong><\/span>(gratuit, 24h\/24)<br \/>\n<img loading=\"lazy\" decoding=\"async\" class=\"alignnone size-full wp-image-9802\" src=\"https:\/\/testpharmacieparvais.mimaandcs.be\/wp-content\/uploads\/2020\/07\/antipoison.jpg\" alt=\"\" width=\"96\" height=\"50\" \/><br \/>\n<span lang=\"NL-BE\"><span style=\"color: #ff0000; font-size: 21px;\"><strong style=\"font-family: Nunito, Helvetica, Arial, sans-serif;\"><b><span lang=\"FR\">\ud83d\udcbb<\/span><\/b><\/strong><\/span><\/span> <strong><a href=\"https:\/\/www.centreantipoisons.be\/\">centreantipoisons.be<\/a> <span lang=\"NL-BE\"><span style=\"color: #ff0000; font-size: 21px;\"><strong style=\"font-family: Nunito, Helvetica, Arial, sans-serif;\"><b><span lang=\"FR\"><span style=\"color: #000000;\">\u2022<\/span> <span class=\"q9uorilb tbxw36s4 knj5qynh kvgmc6g5 ditlmg2l oygrvhab nvdbi5me fgm26odu gl3lb2sf hhz5lgdu\"><img loading=\"lazy\" decoding=\"async\" src=\"https:\/\/static.xx.fbcdn.net\/images\/emoji.php\/v9\/t22\/1\/16\/260e.png\" alt=\"\u260e\ufe0f\" width=\"16\" height=\"16\" \/><\/span>\u00a0<\/span><\/b><\/strong><\/span><\/span><\/strong>\u00a0<span style=\"color: #ff0000; font-size: 21px;\"><strong>070\/245 245<\/strong><\/span><\/p>\n<p><span style=\"color: #ff0000;\"><strong>Centre pour les grands br\u00fbles de Neder-over-Heembeek<br \/>\n<span lang=\"NL-BE\"><span style=\"color: #ff0000; font-size: 21px;\"><strong style=\"font-family: Nunito, Helvetica, Arial, sans-serif;\"><b><span lang=\"FR\">\ud83d\udcbb<\/span><\/b><\/strong><\/span><\/span> <\/strong><\/span><a href=\"https:\/\/www.hopitalmilitaire.be\/\">https:\/\/www.hopitalmilitaire.be<\/a>\u00a0\u00a0<strong><span lang=\"NL-BE\"><span style=\"color: #ff0000; font-size: 21px;\"><strong style=\"font-family: Nunito, Helvetica, Arial, sans-serif;\"><b><span lang=\"FR\"><span style=\"color: #000000;\">\u2022<\/span> <span class=\"q9uorilb tbxw36s4 knj5qynh kvgmc6g5 ditlmg2l oygrvhab nvdbi5me fgm26odu gl3lb2sf hhz5lgdu\"><img loading=\"lazy\" decoding=\"async\" src=\"https:\/\/static.xx.fbcdn.net\/images\/emoji.php\/v9\/t22\/1\/16\/260e.png\" alt=\"\u260e\ufe0f\" width=\"16\" height=\"16\" \/><\/span>\u00a0<\/span><\/b><\/strong><\/span><\/span><\/strong><span style=\"color: #ff0000; font-size: 21px;\"><strong>02\/268 62 00<\/strong><\/span><\/p>\n<p><span style=\"color: #ff0000;\"><strong>Interventions non-urgentes<\/strong> <\/span>des pompiers. Seulement activ\u00e9 en cas de temp\u00eate\/inondation<br \/>\n<strong><span lang=\"NL-BE\"><span style=\"color: #ff0000; font-size: 21px;\"><strong style=\"font-family: Nunito, Helvetica, Arial, sans-serif;\"><b><span lang=\"FR\"><span class=\"q9uorilb tbxw36s4 knj5qynh kvgmc6g5 ditlmg2l oygrvhab nvdbi5me fgm26odu gl3lb2sf hhz5lgdu\"><img loading=\"lazy\" decoding=\"async\" src=\"https:\/\/static.xx.fbcdn.net\/images\/emoji.php\/v9\/t22\/1\/16\/260e.png\" alt=\"\u260e\ufe0f\" width=\"16\" height=\"16\" \/><\/span>\u00a0<\/span><\/b><\/strong><\/span><\/span><\/strong><span style=\"font-size: 21px; color: #ff0000;\"><strong>1722<\/strong><\/span><\/p>\n<\/div>\n<\/div>\n<\/div><\/div><\/div><\/div><\/div>","protected":false},"excerpt":{"rendered":"<p>M\u00e9decins g\u00e9n\u00e9ralistes de garde en Belgique si vous avez besoin d\u2019une aide m\u00e9dicale le weekend et les jours f\u00e9ri\u00e9s \u00a01733 Pour Braine l&#8217;alleud et Waterloo : Garde de NUIT du lundi au vendredi de 22h00 \u00e0 8h00 : urgences du Chirec Braine l&#8217;Alleud \u00a002\/434 93 22 M\u00e9decins de garde le WEEK-END du samedi 8h00 au [&hellip;]<\/p>\n","protected":false},"author":1,"featured_media":9797,"parent":9474,"menu_order":0,"comment_status":"closed","ping_status":"closed","template":"","meta":{"footnotes":""},"class_list":["post-9490","page","type-page","status-publish","has-post-thumbnail","hentry"],"_links":{"self":[{"href":"https:\/\/www.pharmacieparvais.com\/index.php\/wp-json\/wp\/v2\/pages\/9490","targetHints":{"allow":["GET"]}}],"collection":[{"href":"https:\/\/www.pharmacieparvais.com\/index.php\/wp-json\/wp\/v2\/pages"}],"about":[{"href":"https:\/\/www.pharmacieparvais.com\/index.php\/wp-json\/wp\/v2\/types\/page"}],"author":[{"embeddable":true,"href":"https:\/\/www.pharmacieparvais.com\/index.php\/wp-json\/wp\/v2\/users\/1"}],"replies":[{"embeddable":true,"href":"https:\/\/www.pharmacieparvais.com\/index.php\/wp-json\/wp\/v2\/comments?post=9490"}],"version-history":[{"count":10,"href":"https:\/\/www.pharmacieparvais.com\/index.php\/wp-json\/wp\/v2\/pages\/9490\/revisions"}],"predecessor-version":[{"id":9805,"href":"https:\/\/www.pharmacieparvais.com\/index.php\/wp-json\/wp\/v2\/pages\/9490\/revisions\/9805"}],"up":[{"embeddable":true,"href":"https:\/\/www.pharmacieparvais.com\/index.php\/wp-json\/wp\/v2\/pages\/9474"}],"wp:featuredmedia":[{"embeddable":true,"href":"https:\/\/www.pharmacieparvais.com\/index.php\/wp-json\/wp\/v2\/media\/9797"}],"wp:attachment":[{"href":"https:\/\/www.pharmacieparvais.com\/index.php\/wp-json\/wp\/v2\/media?parent=9490"}],"curies":[{"name":"wp","href":"https:\/\/api.w.org\/{rel}","templated":true}]}}