{"id":9482,"date":"2020-06-20T14:48:05","date_gmt":"2020-06-20T12:48:05","guid":{"rendered":"https:\/\/www.pharmacieparvais.com\/?page_id=9482"},"modified":"2020-08-27T18:01:47","modified_gmt":"2020-08-27T16:01:47","slug":"aromatherapie","status":"publish","type":"page","link":"https:\/\/www.pharmacieparvais.com\/index.php\/nos-specialites\/aromatherapie\/","title":{"rendered":"Aromath\u00e9rapie"},"content":{"rendered":"<div id=\"pl-9482\"  class=\"panel-layout\" ><div id=\"pg-9482-0\"  class=\"panel-grid panel-no-style\" ><div id=\"pgc-9482-0-0\"  class=\"panel-grid-cell\" ><div id=\"panel-9482-0-0-0\" class=\"so-panel widget widget_sow-editor panel-first-child panel-last-child\" data-index=\"0\" ><div\n\t\t\t\n\t\t\tclass=\"so-widget-sow-editor so-widget-sow-editor-base\"\n\t\t\t\n\t\t><h3 class=\"widget-title\">Aromath\u00e9rapie\u00a0: faites appel \u00e0 de vrais sp\u00e9cialistes.<\/h3>\n<div class=\"siteorigin-widget-tinymce textwidget\">\n\t<p><span style=\"color: #5fb844;\"><u>La pharmacie Parvais et les huiles essentielles\u00a0: une longue histoire d\u2019amour\u00a0!<\/u><\/span><\/p>\n<p>Nous travaillons avec les huiles essentielles et v\u00e9g\u00e9tales depuis plus de 30 ans et nous avons \u00e0 c\u0153ur de mettre en \u0153uvre les meilleurs produits en phase avec les plus r\u00e9centes avanc\u00e9es scientifiques.<\/p>\n<p>Notre stock est riche de plus de 100 huiles essentielles, avec des teneurs certifi\u00e9es en principes actifs et de 15 huiles v\u00e9g\u00e9tales bios. \u00a0Nous les d\u00e9livrons en vrac et en conditionnements de 2 ml \u00e0 1 litre \u00e0 un prix tr\u00e8s comp\u00e9titif. \u00a0Elles entrent \u00e9galement dans la composition de tr\u00e8s nombreuses pr\u00e9parations \u00ab\u00a0maison\u00a0\u00bb.<\/p>\n<p>Nous vous proposons \u00e9galement nos complexes aromatiques (m\u00e9lange de diff\u00e9rentes huiles essentielles) pour diffuseurs :<\/p>\n<p>- Complexe Anti-Tabac, Anti-Odeurs<\/p>\n<p>- Complexe\u00a0Assainissant<\/p>\n<p>- Complexe Douce nuit<\/p>\n<p>- Complexe M\u00e9ditation<\/p>\n<p>- Complexe Cocoon<\/p>\n<p>- Complexe sensuel<\/p>\n<p>- Complexe Respire<\/p>\n<p>- Complexe Tonic<\/p>\n<p>Nous vous proposons diff\u00e9rents mod\u00e8les de diffuseurs ultrasoniques de haute qualit\u00e9 pr\u00e9sentant un excellent rapport qualit\u00e9\/prix\u00a0avec en permanence au minimum 20 % de remise sur le prix officiel.<\/p>\n<p><img loading=\"lazy\" decoding=\"async\" class=\"alignnone wp-image-9649 size-full\" src=\"https:\/\/testpharmacieparvais.mimaandcs.be\/wp-content\/uploads\/2020\/07\/pour-txt-aroma.jpg\" alt=\"\" width=\"352\" height=\"189\" srcset=\"https:\/\/www.pharmacieparvais.com\/wp-content\/uploads\/2020\/07\/pour-txt-aroma.jpg 352w, https:\/\/www.pharmacieparvais.com\/wp-content\/uploads\/2020\/07\/pour-txt-aroma-300x161.jpg 300w\" sizes=\"auto, (max-width: 352px) 100vw, 352px\" \/><\/p>\n<p><span style=\"color: #5fb844; font-size: 16px;\"><strong>Utiliser une huile essentielle n\u2019est pas anodin, profitez de nos judicieux conseils et formules originales \u00ab\u00a0sur-mesure\u00a0\u00bb. \u00a0Demandez nous conseil ...<\/strong><\/span><\/p>\n<p><strong><u>Des huiles essentielles de qualit\u00e9 irr\u00e9prochable :<\/u><\/strong><\/p>\n<p>Nous travaillons principalement avec <span style=\"color: #5fb844;\">Herba Helvetica<\/span>, marque du laboratoire belge sp\u00e9cialis\u00e9 dans le bien-\u00eatre et la sant\u00e9 au naturel\u00a0: EODIS.<\/p>\n<p>Ce laboratoire concentre ses efforts de recherche sur les huiles essentielles et v\u00e9g\u00e9tales, de la mati\u00e8re premi\u00e8re (chaque partie de plantes utilis\u00e9es) au produit final.<\/p>\n<p>Du d\u00e9but \u00e0 la fin de la cha\u00eene de production et de commercialisation, le laboratoire se porte garant d'un degr\u00e9 d'exigence unique. Le r\u00e9sultat est \u00e0 la hauteur : des huiles d'une qualit\u00e9 irr\u00e9prochable et une tra\u00e7abilit\u00e9 extr\u00eamement contr\u00f4l\u00e9e, fiches d'analyse individuelle \u00e0 l'appui, \u00e0 votre disposition \u00e0 la pharmacie.<\/p>\n<p>Le choix des plantes distill\u00e9es, leur provenance et la composition des produits sont particuli\u00e8rement soign\u00e9s, ce qui leur offre notamment des qualit\u00e9s olfactives et th\u00e9rapeutiques exceptionnelles.<\/p>\n<p>L'identification et la tra\u00e7abilit\u00e9 des produits sont au c\u0153ur des pr\u00e9occupations du laboratoire belge nich\u00e9 \u00e0 Wauthier-Braine, ce qui nous permet une rapidit\u00e9 d\u2019approvisionnement in\u00e9galable.<\/p>\n<p><span style=\"color: #5fb844;\"><strong>Herba Helvetica<\/strong><\/span> garantit la qualit\u00e9 et la parfaite identification de ses huiles essentielles gr\u00e2ce \u00e0 2 labels :<\/p>\n<ul>\n<li><u>Le label O.B.B.D.\u00ae Quality Assurance<\/u> (Essential Oils Botanically and Biochemically Defined), qui offre des garanties strictes portant sur plusieurs crit\u00e8res :<\/li>\n<li>\u00a0l'esp\u00e8ce botanique de la plante : genre, esp\u00e8ce, sous-esp\u00e8ce \u00e9ventuelle<\/li>\n<li>son origine g\u00e9ographique et son biotope naturel<\/li>\n<li>le stade de d\u00e9veloppement auquel elle est collect\u00e9e<\/li>\n<li>le mode de culture et de r\u00e9colte de la plante<\/li>\n<li>la partie utilis\u00e9e car les feuilles d'une plante n'ont pas n\u00e9cessairement les m\u00eames propri\u00e9t\u00e9s que ses fleurs ou ses graines.<\/li>\n<\/ul>\n<ul>\n<li>la sp\u00e9cificit\u00e9 biochimique de l'huile essentielle : fruit de la combinaison de tous les facteurs pr\u00e9c\u00e9dents, c'est elle qui d\u00e9termine les propri\u00e9t\u00e9s th\u00e9rapeutiques du produit fini.<\/li>\n<\/ul>\n<ul>\n<li><u>Le label Pesticide Free\u00ae<\/u>\u00a0: <span style=\"color: #5fb844;\"><strong>Herba Helvetica<\/strong><\/span> est le premier laboratoire \u00e0 s\u2019\u00eatre engag\u00e9 dans la lutte contre l\u2019utilisation des pesticides en agriculture en syst\u00e9matisant leur analyse et en cr\u00e9ant ce label Pesticide Free\u00ae. Cet engagement constitue la garantie qu'aucun herbicide, fongicide ou insecticide n'a \u00e9t\u00e9 employ\u00e9 durant la culture de la plante, notamment pour des essences qui ne sont pas disponibles en qualit\u00e9 biologique sur le march\u00e9 telles que les huiles essentielles des grands conif\u00e8res. Cela participe \u00e0 l\u2019excellence du produit final.<\/li>\n<\/ul>\n<p><span style=\"color: #5fb844;\"><strong>Herba Helvetica<\/strong><\/span> mise sur une information pointue. C'est l'un des rares fabricants \u00e0 pr\u00e9ciser le pourcentage des principes actifs dans chaque huile essentielle, ce qui permet une utilisation tr\u00e8s pr\u00e9cise en fonction des indications th\u00e9rapeutiques recherch\u00e9es.<\/p>\n<p><a href=\"https:\/\/www.facebook.com\/EODIS.EU\/posts\/1971971499603211?__tn__=K-R\"><strong>https:\/\/www.facebook.com\/EODIS.EU\/posts\/1971971499603211?__tn__=K-R<\/strong><\/a><\/p>\n<p>Nous avons \u00e9galement en stock toutes les sp\u00e9cialit\u00e9s des laboratoires<\/p>\n<p><img loading=\"lazy\" decoding=\"async\" class=\"wp-image-9700  alignright\" src=\"https:\/\/testpharmacieparvais.mimaandcs.be\/wp-content\/uploads\/2020\/07\/logo-puressentielle.jpg\" alt=\"\" width=\"91\" height=\"36\" srcset=\"https:\/\/www.pharmacieparvais.com\/wp-content\/uploads\/2020\/07\/logo-puressentielle.jpg 512w, https:\/\/www.pharmacieparvais.com\/wp-content\/uploads\/2020\/07\/logo-puressentielle-300x118.jpg 300w\" sizes=\"auto, (max-width: 91px) 100vw, 91px\" \/><\/p>\n<p>et <img loading=\"lazy\" decoding=\"async\" class=\"alignnone wp-image-9701\" src=\"https:\/\/testpharmacieparvais.mimaandcs.be\/wp-content\/uploads\/2020\/07\/Pranaromlogo.jpg\" alt=\"\" width=\"106\" height=\"22\" srcset=\"https:\/\/www.pharmacieparvais.com\/wp-content\/uploads\/2020\/07\/Pranaromlogo.jpg 454w, https:\/\/www.pharmacieparvais.com\/wp-content\/uploads\/2020\/07\/Pranaromlogo-300x62.jpg 300w\" sizes=\"auto, (max-width: 106px) 100vw, 106px\" \/>.<\/p>\n<\/div>\n<\/div><\/div><\/div><\/div><\/div>","protected":false},"excerpt":{"rendered":"<p>La pharmacie Parvais et les huiles essentielles\u00a0: une longue histoire d\u2019amour\u00a0! Nous travaillons avec les huiles essentielles et v\u00e9g\u00e9tales depuis plus de 30 ans et nous avons \u00e0 c\u0153ur de mettre en \u0153uvre les meilleurs produits en phase avec les plus r\u00e9centes avanc\u00e9es scientifiques. Notre stock est riche de plus de 100 huiles essentielles, avec [&hellip;]<\/p>\n","protected":false},"author":1,"featured_media":9790,"parent":9471,"menu_order":0,"comment_status":"closed","ping_status":"closed","template":"","meta":{"footnotes":""},"class_list":["post-9482","page","type-page","status-publish","has-post-thumbnail","hentry"],"_links":{"self":[{"href":"https:\/\/www.pharmacieparvais.com\/index.php\/wp-json\/wp\/v2\/pages\/9482","targetHints":{"allow":["GET"]}}],"collection":[{"href":"https:\/\/www.pharmacieparvais.com\/index.php\/wp-json\/wp\/v2\/pages"}],"about":[{"href":"https:\/\/www.pharmacieparvais.com\/index.php\/wp-json\/wp\/v2\/types\/page"}],"author":[{"embeddable":true,"href":"https:\/\/www.pharmacieparvais.com\/index.php\/wp-json\/wp\/v2\/users\/1"}],"replies":[{"embeddable":true,"href":"https:\/\/www.pharmacieparvais.com\/index.php\/wp-json\/wp\/v2\/comments?post=9482"}],"version-history":[{"count":17,"href":"https:\/\/www.pharmacieparvais.com\/index.php\/wp-json\/wp\/v2\/pages\/9482\/revisions"}],"predecessor-version":[{"id":9943,"href":"https:\/\/www.pharmacieparvais.com\/index.php\/wp-json\/wp\/v2\/pages\/9482\/revisions\/9943"}],"up":[{"embeddable":true,"href":"https:\/\/www.pharmacieparvais.com\/index.php\/wp-json\/wp\/v2\/pages\/9471"}],"wp:featuredmedia":[{"embeddable":true,"href":"https:\/\/www.pharmacieparvais.com\/index.php\/wp-json\/wp\/v2\/media\/9790"}],"wp:attachment":[{"href":"https:\/\/www.pharmacieparvais.com\/index.php\/wp-json\/wp\/v2\/media?parent=9482"}],"curies":[{"name":"wp","href":"https:\/\/api.w.org\/{rel}","templated":true}]}}