{"id":9474,"date":"2020-06-20T14:36:50","date_gmt":"2020-06-20T12:36:50","guid":{"rendered":"https:\/\/www.pharmacieparvais.com\/?page_id=9474"},"modified":"2020-07-19T23:21:44","modified_gmt":"2020-07-19T21:21:44","slug":"infos-pratiques","status":"publish","type":"page","link":"https:\/\/www.pharmacieparvais.com\/index.php\/infos-pratiques\/","title":{"rendered":"Infos pratiques"},"content":{"rendered":"<div id=\"pl-9474\"  class=\"panel-layout\" ><div id=\"pg-9474-0\"  class=\"panel-grid panel-no-style\" ><div id=\"pgc-9474-0-0\"  class=\"panel-grid-cell\" ><div id=\"panel-9474-0-0-0\" class=\"so-panel widget widget_qt_feature_page widget-featured-page panel-first-child panel-last-child\" data-index=\"0\" >\n\t\t\t<div class=\"featured-page\">\n\t\t\t\t\t\t\t\t\t<div class=\"featured-page--image\">\n\t\t\t\t\t\t<a href=\"https:\/\/www.pharmacieparvais.com\/index.php\/infos-pratiques\/gardes-2\/\">\n\t\t\t\t\t\t\t<img loading=\"lazy\" decoding=\"async\" src=\"https:\/\/www.pharmacieparvais.com\/wp-content\/uploads\/2020\/03\/garde-360x240.jpg\" width=\"360\" height=\"240\" srcset=\"https:\/\/www.pharmacieparvais.com\/wp-content\/uploads\/2020\/03\/garde-360x240.jpg 360w, https:\/\/www.pharmacieparvais.com\/wp-content\/uploads\/2020\/03\/garde-850x567.jpg 850w\" sizes=\"auto, (min-width: 781px) 360px, calc(100vw - 30px)\" alt=\"Gardes\">\n\t\t\t\t\t\t\t<div class=\"featured-page--overlay\">\n\t\t\t\t\t\t\t\t\t\t\t\t\t\t\t\t\t<div class=\"overlay--center\">\n\t\t\t\t\t\t\t\t\t\t<span>Lire plus<\/span>\n\t\t\t\t\t\t\t\t\t<\/div>\n\t\t\t\t\t\t\t\t\t\t\t\t\t\t\t<\/div>\n\t\t\t\t\t\t<\/a>\n\t\t\t\t\t<\/div>\n\t\t\t\t\t\t\t\t<div class=\"featured-page--content\">\n\t\t\t\t\t<h4 class=\"featued-page--title\">\n\t\t\t\t\t\t<a href=\"https:\/\/www.pharmacieparvais.com\/index.php\/infos-pratiques\/gardes-2\/\">Gardes<\/a>\n\t\t\t\t\t<\/h4>\n\t\t\t\t\t\t\t\t\t\t\t<p>\n\n\tPharmacies de garde du samedi 18 f\u00e9vrier au vendredi 24 f\u00e9vrier\nDu lundi au samedi de 18h30 au lendemain 8h30\nLe samedi de 12h30 \u00e0 9h00 le dimanche matin\nLe dimanche de 9h00 \u00e0...<\/p>\n\t\t\t\t\t\t\t\t\t\t\t\t\t<a href=\"https:\/\/www.pharmacieparvais.com\/index.php\/infos-pratiques\/gardes-2\/\" class=\"text-link\">Lire plus<\/a>\n\t\t\t\t\t\t\t\t\t\t\t\t\t\t\t<\/div>\n\t\t\t<\/div>\n\n\t\t\t<\/div><\/div><div id=\"pgc-9474-0-1\"  class=\"panel-grid-cell\" ><div id=\"panel-9474-0-1-0\" class=\"so-panel widget widget_qt_feature_page widget-featured-page panel-first-child panel-last-child\" data-index=\"1\" >\n\t\t\t<div class=\"featured-page\">\n\t\t\t\t\t\t\t\t\t<div class=\"featured-page--image\">\n\t\t\t\t\t\t<a href=\"https:\/\/www.pharmacieparvais.com\/index.php\/infos-pratiques\/numeros-durgence\/\">\n\t\t\t\t\t\t\t<img loading=\"lazy\" decoding=\"async\" src=\"https:\/\/www.pharmacieparvais.com\/wp-content\/uploads\/2020\/07\/urgence-360x240.jpg\" width=\"360\" height=\"240\" srcset=\"https:\/\/www.pharmacieparvais.com\/wp-content\/uploads\/2020\/07\/urgence-360x240.jpg 360w, https:\/\/www.pharmacieparvais.com\/wp-content\/uploads\/2020\/07\/urgence-850x567.jpg 850w\" sizes=\"auto, (min-width: 781px) 360px, calc(100vw - 30px)\" alt=\"Num\u00e9ros d&#039;urgence\">\n\t\t\t\t\t\t\t<div class=\"featured-page--overlay\">\n\t\t\t\t\t\t\t\t\t\t\t\t\t\t\t\t\t<div class=\"overlay--center\">\n\t\t\t\t\t\t\t\t\t\t<span>Lire plus<\/span>\n\t\t\t\t\t\t\t\t\t<\/div>\n\t\t\t\t\t\t\t\t\t\t\t\t\t\t\t<\/div>\n\t\t\t\t\t\t<\/a>\n\t\t\t\t\t<\/div>\n\t\t\t\t\t\t\t\t<div class=\"featured-page--content\">\n\t\t\t\t\t<h4 class=\"featued-page--title\">\n\t\t\t\t\t\t<a href=\"https:\/\/www.pharmacieparvais.com\/index.php\/infos-pratiques\/numeros-durgence\/\">Num\u00e9ros d&#039;urgence<\/a>\n\t\t\t\t\t<\/h4>\n\t\t\t\t\t\t\t\t\t\t\t<p>\n\n\tM\u00e9decins g\u00e9n\u00e9ralistes de garde en Belgique\nsi vous avez besoin d\u2019une aide m\u00e9dicale le weekend et les jours f\u00e9ri\u00e9s\n\u00a01733\n\nPour Braine l&#039;alleud et Waterloo :\n\nGarde de NUIT...<\/p>\n\t\t\t\t\t\t\t\t\t\t\t\t\t<a href=\"https:\/\/www.pharmacieparvais.com\/index.php\/infos-pratiques\/numeros-durgence\/\" class=\"text-link\">Lire plus<\/a>\n\t\t\t\t\t\t\t\t\t\t\t\t\t\t\t<\/div>\n\t\t\t<\/div>\n\n\t\t\t<\/div><\/div><div id=\"pgc-9474-0-2\"  class=\"panel-grid-cell\" ><div id=\"panel-9474-0-2-0\" class=\"so-panel widget widget_qt_feature_page widget-featured-page panel-first-child panel-last-child\" data-index=\"2\" >\n\t\t\t<div class=\"featured-page\">\n\t\t\t\t\t\t\t\t\t<div class=\"featured-page--image\">\n\t\t\t\t\t\t<a href=\"https:\/\/www.pharmacieparvais.com\/index.php\/infos-pratiques\/blog\/\">\n\t\t\t\t\t\t\t<img loading=\"lazy\" decoding=\"async\" src=\"https:\/\/www.pharmacieparvais.com\/wp-content\/uploads\/2020\/07\/journaux-360x240.jpg\" width=\"360\" height=\"240\" srcset=\"https:\/\/www.pharmacieparvais.com\/wp-content\/uploads\/2020\/07\/journaux-360x240.jpg 360w, https:\/\/www.pharmacieparvais.com\/wp-content\/uploads\/2020\/07\/journaux-850x567.jpg 850w\" sizes=\"auto, (min-width: 781px) 360px, calc(100vw - 30px)\" alt=\"Infos\">\n\t\t\t\t\t\t\t<div class=\"featured-page--overlay\">\n\t\t\t\t\t\t\t\t\t\t\t\t\t\t\t\t\t<div class=\"overlay--center\">\n\t\t\t\t\t\t\t\t\t\t<span>Lire plus<\/span>\n\t\t\t\t\t\t\t\t\t<\/div>\n\t\t\t\t\t\t\t\t\t\t\t\t\t\t\t<\/div>\n\t\t\t\t\t\t<\/a>\n\t\t\t\t\t<\/div>\n\t\t\t\t\t\t\t\t<div class=\"featured-page--content\">\n\t\t\t\t\t<h4 class=\"featued-page--title\">\n\t\t\t\t\t\t<a href=\"https:\/\/www.pharmacieparvais.com\/index.php\/infos-pratiques\/blog\/\">Infos<\/a>\n\t\t\t\t\t<\/h4>\n\t\t\t\t\t\t\t\t\t\t\t<p>Retrouvez ici tous nos articles<\/p>\n\t\t\t\t\t\t\t\t\t\t\t\t\t<a href=\"https:\/\/www.pharmacieparvais.com\/index.php\/infos-pratiques\/blog\/\" class=\"text-link\">Lire plus<\/a>\n\t\t\t\t\t\t\t\t\t\t\t\t\t\t\t<\/div>\n\t\t\t<\/div>\n\n\t\t\t<\/div><\/div><\/div><\/div>","protected":false},"excerpt":{"rendered":"<p>Lire plus Gardes Pharmacies de garde du samedi 18 f\u00e9vrier au vendredi 24 f\u00e9vrier Du lundi au samedi de 18h30 au lendemain 8h30 Le samedi de 12h30 \u00e0 9h00 le dimanche matin Le dimanche de 9h00 \u00e0&#8230; Lire plus Lire plus Num\u00e9ros d&#039;urgence M\u00e9decins g\u00e9n\u00e9ralistes de garde en Belgique si vous avez besoin d\u2019une aide [&hellip;]<\/p>\n","protected":false},"author":1,"featured_media":0,"parent":0,"menu_order":0,"comment_status":"closed","ping_status":"closed","template":"","meta":{"footnotes":""},"class_list":["post-9474","page","type-page","status-publish","hentry"],"_links":{"self":[{"href":"https:\/\/www.pharmacieparvais.com\/index.php\/wp-json\/wp\/v2\/pages\/9474","targetHints":{"allow":["GET"]}}],"collection":[{"href":"https:\/\/www.pharmacieparvais.com\/index.php\/wp-json\/wp\/v2\/pages"}],"about":[{"href":"https:\/\/www.pharmacieparvais.com\/index.php\/wp-json\/wp\/v2\/types\/page"}],"author":[{"embeddable":true,"href":"https:\/\/www.pharmacieparvais.com\/index.php\/wp-json\/wp\/v2\/users\/1"}],"replies":[{"embeddable":true,"href":"https:\/\/www.pharmacieparvais.com\/index.php\/wp-json\/wp\/v2\/comments?post=9474"}],"version-history":[{"count":8,"href":"https:\/\/www.pharmacieparvais.com\/index.php\/wp-json\/wp\/v2\/pages\/9474\/revisions"}],"predecessor-version":[{"id":9756,"href":"https:\/\/www.pharmacieparvais.com\/index.php\/wp-json\/wp\/v2\/pages\/9474\/revisions\/9756"}],"wp:attachment":[{"href":"https:\/\/www.pharmacieparvais.com\/index.php\/wp-json\/wp\/v2\/media?parent=9474"}],"curies":[{"name":"wp","href":"https:\/\/api.w.org\/{rel}","templated":true}]}}