{"id":9025,"date":"2020-05-28T20:39:29","date_gmt":"2020-05-28T18:39:29","guid":{"rendered":"https:\/\/www.pharmacieparvais.com\/?page_id=9025"},"modified":"2020-07-21T09:49:37","modified_gmt":"2020-07-21T07:49:37","slug":"entretien-personnalise","status":"publish","type":"page","link":"https:\/\/www.pharmacieparvais.com\/index.php\/services\/entretien-personnalise\/","title":{"rendered":"Entretien personnalis\u00e9"},"content":{"rendered":"<div id=\"pl-9025\"  class=\"panel-layout\" ><div id=\"pg-9025-0\"  class=\"panel-grid panel-no-style\" ><div id=\"pgc-9025-0-0\"  class=\"panel-grid-cell\" ><div id=\"panel-9025-0-0-0\" class=\"so-panel widget widget_sow-editor panel-first-child panel-last-child\" data-index=\"0\" ><div\n\t\t\t\n\t\t\tclass=\"so-widget-sow-editor so-widget-sow-editor-base\"\n\t\t\t\n\t\t>\n<div class=\"siteorigin-widget-tinymce textwidget\">\n\t<p>En nos qualit\u00e9s de pharmaciens de proximit\u00e9 et de r\u00e9f\u00e9rence, nous sommes r\u00e9guli\u00e8rement amen\u00e9s \u00e0 \u00e9couter, conseiller et aider nos patients pour des questions pharmaceutiques d\u2019ordre priv\u00e9. C\u2019est notre savoir-faire scientifique que nous mettons au service de VOTRE sant\u00e9.<\/p>\n<p>Nous sommes \u00e0 VOTRE \u00e9coute pour la mise en place de la formule d\u2019aide la plus appropri\u00e9e \u00e0 la sortie d\u2019une hospitalisation, en cas de situation familiale d\u00e9licate, pour la recherche d\u2019une aide sociale, \u2026<\/p>\n<p>En collaboration si besoin avec votre m\u00e9decin g\u00e9n\u00e9raliste et votre famille, nous pouvons \u00e9tablir les contacts n\u00e9cessaires avec\u00a0:<\/p>\n<p>- le service social de votre mutuelle<\/p>\n<p>- les \u00e9quipes de soins \u00e0 domicile<\/p>\n<p>- les fournisseurs de repas livr\u00e9s chez vous<\/p>\n<p>- les soins infirmiers<\/p>\n<p>et coordonner la location de mat\u00e9riel de soin \u00e0 domicile, d\u2019oxyg\u00e9noth\u00e9rapie et toute autre chose qui a trait \u00e0 votre sant\u00e9 et \u00e0 votre bien-\u00eatre.<\/p>\n<p>N\u2019h\u00e9sitez pas \u00e0 nous en parler, nous vous accueillerons dans un bureau discret de la pharmacie ou nous pouvons aussi nous rendre chez vous en cas de difficult\u00e9s de d\u00e9placement. Tous les membres de l\u2019\u00e9quipe de la Pharmacie Parvais sont totalement respectueux du secret professionnel.<\/p>\n<p>50 ans au service de nos patients \u00e0 Braine-l\u2019Alleud, cela permet de bien connaitre le tissu social, m\u00e9dical, param\u00e9dical et associatif, et donc de vous conseiller au mieux en toute objectivit\u00e9 et sans parti pris.<\/p>\n<p>Toute l\u2019\u00e9quipe de la Pharmacie est pr\u00e9sente pour vous aider.<\/p>\n<\/div>\n<\/div><\/div><\/div><\/div><\/div>","protected":false},"excerpt":{"rendered":"<p>En nos qualit\u00e9s de pharmaciens de proximit\u00e9 et de r\u00e9f\u00e9rence, nous sommes r\u00e9guli\u00e8rement amen\u00e9s \u00e0 \u00e9couter, conseiller et aider nos patients pour des questions pharmaceutiques d\u2019ordre priv\u00e9. C\u2019est notre savoir-faire scientifique que nous mettons au service de VOTRE sant\u00e9. Nous sommes \u00e0 VOTRE \u00e9coute pour la mise en place de la formule d\u2019aide la plus [&hellip;]<\/p>\n","protected":false},"author":1,"featured_media":9809,"parent":110,"menu_order":0,"comment_status":"closed","ping_status":"closed","template":"","meta":{"footnotes":""},"class_list":["post-9025","page","type-page","status-publish","has-post-thumbnail","hentry"],"_links":{"self":[{"href":"https:\/\/www.pharmacieparvais.com\/index.php\/wp-json\/wp\/v2\/pages\/9025","targetHints":{"allow":["GET"]}}],"collection":[{"href":"https:\/\/www.pharmacieparvais.com\/index.php\/wp-json\/wp\/v2\/pages"}],"about":[{"href":"https:\/\/www.pharmacieparvais.com\/index.php\/wp-json\/wp\/v2\/types\/page"}],"author":[{"embeddable":true,"href":"https:\/\/www.pharmacieparvais.com\/index.php\/wp-json\/wp\/v2\/users\/1"}],"replies":[{"embeddable":true,"href":"https:\/\/www.pharmacieparvais.com\/index.php\/wp-json\/wp\/v2\/comments?post=9025"}],"version-history":[{"count":6,"href":"https:\/\/www.pharmacieparvais.com\/index.php\/wp-json\/wp\/v2\/pages\/9025\/revisions"}],"predecessor-version":[{"id":9810,"href":"https:\/\/www.pharmacieparvais.com\/index.php\/wp-json\/wp\/v2\/pages\/9025\/revisions\/9810"}],"up":[{"embeddable":true,"href":"https:\/\/www.pharmacieparvais.com\/index.php\/wp-json\/wp\/v2\/pages\/110"}],"wp:featuredmedia":[{"embeddable":true,"href":"https:\/\/www.pharmacieparvais.com\/index.php\/wp-json\/wp\/v2\/media\/9809"}],"wp:attachment":[{"href":"https:\/\/www.pharmacieparvais.com\/index.php\/wp-json\/wp\/v2\/media?parent=9025"}],"curies":[{"name":"wp","href":"https:\/\/api.w.org\/{rel}","templated":true}]}}