{"id":9021,"date":"2020-05-28T20:36:57","date_gmt":"2020-05-28T18:36:57","guid":{"rendered":"https:\/\/www.pharmacieparvais.com\/?page_id=9021"},"modified":"2020-06-04T19:18:57","modified_gmt":"2020-06-04T17:18:57","slug":"tabacologie","status":"publish","type":"page","link":"https:\/\/www.pharmacieparvais.com\/index.php\/services\/tabacologie\/","title":{"rendered":"Tabacologie"},"content":{"rendered":"<div id=\"pl-9021\"  class=\"panel-layout\" ><div id=\"pg-9021-0\"  class=\"panel-grid panel-no-style\" ><div id=\"pgc-9021-0-0\"  class=\"panel-grid-cell\" ><div id=\"panel-9021-0-0-0\" class=\"so-panel widget widget_sow-editor panel-first-child panel-last-child\" data-index=\"0\" ><div\n\t\t\t\n\t\t\tclass=\"so-widget-sow-editor so-widget-sow-editor-base\"\n\t\t\t\n\t\t>\n<div class=\"siteorigin-widget-tinymce textwidget\">\n\t<p><img loading=\"lazy\" decoding=\"async\" class=\"alignnone wp-image-9190\" src=\"https:\/\/testpharmacieparvais.mimaandcs.be\/wp-content\/uploads\/2020\/05\/tabacologie-web.jpg\" alt=\"\" width=\"654\" height=\"872\" srcset=\"https:\/\/www.pharmacieparvais.com\/wp-content\/uploads\/2020\/05\/tabacologie-web.jpg 1500w, https:\/\/www.pharmacieparvais.com\/wp-content\/uploads\/2020\/05\/tabacologie-web-225x300.jpg 225w, https:\/\/www.pharmacieparvais.com\/wp-content\/uploads\/2020\/05\/tabacologie-web-768x1024.jpg 768w, https:\/\/www.pharmacieparvais.com\/wp-content\/uploads\/2020\/05\/tabacologie-web-1152x1536.jpg 1152w, https:\/\/www.pharmacieparvais.com\/wp-content\/uploads\/2020\/05\/tabacologie-web-600x800.jpg 600w\" sizes=\"auto, (max-width: 654px) 100vw, 654px\" \/><\/p>\n<p><strong><u>Arr\u00eater de fumer\u00a0? Et si votre pharmacien avait la cl\u00e9\u00a0??<\/u><\/strong><\/p>\n<p>Tout le monde en est bien conscient\u00a0: arr\u00eater de fumer n\u2019est pas chose ais\u00e9e\u00a0!<\/p>\n<p>De nombreux intervenants peuvent vous conseiller dans votre cheminement qui vous permettra de rompre cette dangereuse et on\u00e9reuse d\u00e9pendance.<\/p>\n<p>Nous avons \u00e0 la pharmacie de quoi vous soutenir, en synergie si besoin avec votre m\u00e9decin, kin\u00e9 ou tabacologue.<\/p>\n<p>Photo pr\u00e9sentoir \u00ab\u00a0si votre pharmacien avait la cl\u00e9\u00a0\u00bb<\/p>\n<p>Notre Smokerlyser, appareil de mesure du CO, vous permettra de suivre votre \u00e9volution jour apr\u00e8s jour, nos fiches personnalis\u00e9es et conseils scientifiques d\u00e9termineront les substituts nicotiniques que VOUS devez utiliser si besoin.<\/p>\n<p>Nous vous consacrerons le temps n\u00e9cessaire pour une prise en charge optimale, le mieux est donc de prendre rendez-vous avec un des membres de l\u2019\u00e9quipe qui a suivi les formations pour pouvoir VOUS aider au mieux.<\/p>\n<p>Quinze bonnes raisons d'arr\u00eater de fumer \ud83d\udead :<\/p>\n<p>\u2705 Plus de libert\u00e9 !<\/p>\n<p>Lib\u00e9rez-vous de votre d\u00e9pendance physique, psychologique et comportementale au tabac !<\/p>\n<p>\u2705 Mieux respirer \ud83c\udf3f !<\/p>\n<p>La capacit\u00e9 respiratoire des poumons se r\u00e9tablit rapidement d\u00e8s l'arr\u00eat du tabac. Arr\u00eater la cigarette r\u00e9duit de moiti\u00e9 le risque de cancer du poumon apr\u00e8s 5 ans.<\/p>\n<p>\u2705Plus d'argent \ud83d\udcb0!<\/p>\n<p>Arr\u00eatez de fumer &amp; r\u00e9alisez de belles \u00e9conomies ... Si vous fumez un paquet par jour, vous \u00e9pargnerez 2500 \u20ac sur l\u2019ann\u00e9e ! Un beau cadeau \u00e0 (s\u2019) offrir avec cette somme qui ne sera pas partie en fum\u00e9e !<\/p>\n<p>\u2705 L'esp\u00e9rance de vie d'un non-fumeur !<\/p>\n<p>En arr\u00eatant de fumer, vous augmentez votre esp\u00e9rance de vie ! Au bout de 10 \u00e0 15 ans sans fumer, l\u2019esp\u00e9rance de vie d'un fumeur redevient identique \u00e0 celle des personnes n\u2019ayant jamais fum\u00e9.<\/p>\n<p>\u2705Un meilleur sommeil \ud83d\udecf!<\/p>\n<p>Arr\u00eatez de fumer pour retrouver un sommeil r\u00e9gulier et naturel ! En quelques jours seulement, le sommeil s'am\u00e9liore en qualit\u00e9 et quantit\u00e9.<\/p>\n<p>\u2705Un c\u0153ur \ud83d\udc93 en forme !<\/p>\n<p>La circulation sanguine s'am\u00e9liore rapidement apr\u00e8s votre derni\u00e8re cigarette.<\/p>\n<p>\u2705Un souffle \u00e0 couper le souffle et de l'\u00e9nergie \ud83e\udd38\u200d\u2640\ufe0f \u00e0 revendre !<\/p>\n<p>Profitez-en pour pratiquer votre activit\u00e9 sportive favorite, d\u00e9couvrir de nouvelles disciplines &amp; renforcer vos capacit\u00e9s respiratoires et votre endurance !<\/p>\n<p>\u2705 Une peau plus ferme et plus lumineuse \u2600\ufe0f!<\/p>\n<p>Arr\u00eater de fumer permet de b\u00e9n\u00e9ficier d'un meilleur teint et de rendre les rides moins apparentes.<\/p>\n<p>\u2705 Des mains plus belles \ud83d\udc4b et des dents plus blanches \ud83d\ude01 !<\/p>\n<p>\u2705Un moral au z\u00e9nith !<\/p>\n<p>Votre moral sera reboost\u00e9 d\u00e8s les jours qui suivent l\u2019arr\u00eat du tabac. Si vous craignez d'\u00eatre plus nerveux, demandez nous conseil, nous pouvons vous proposer de nombreuses alternatives !<\/p>\n<p>\u2705 Une meilleure fertilit\u00e9 !<\/p>\n<p>Chez la femme chez qui l'am\u00e9lioration est r\u00e9elle d\u00e8s 3 mois d'arr\u00eat du tabac, mais aussi chez l\u2019homme !<\/p>\n<p>\u2705 Un meilleure vie sexuelle \ud83d\udc69\u200d\u2764\ufe0f\u200d\ud83d\udc68 !<\/p>\n<p>Augmentation de la libido gr\u00e2ce \u00e0 une meilleure irrigation sanguine, meilleure \u00e9rection chez l'homme et lubrification vaginale chez la femme.<\/p>\n<p>\u2705 Un odorat retrouv\u00e9 \ud83d\udc43!<\/p>\n<p>L'odorat, alt\u00e9r\u00e9 par le tabagisme, revient d\u00e8s 1 \u00e0 2 semaines ... Profitez-en pour sentir la belle nature, de bons petits plats, vos parfums favoris...<\/p>\n<p>\u2705 Un meilleur go\u00fbt \ud83d\udc45 !<\/p>\n<p>D\u00e8s 48h00 apr\u00e8s l\u2019arr\u00eat du tabac, les aliments vont retrouver leur bon go\u00fbt ! Profitez-en pour moins saler vos repas, tout bonus pour votre tension art\u00e9rielle !<\/p>\n<p>\u2705 Une famille au top \ud83d\udc68\u200d\ud83d\udc68\u200d\ud83d\udc67\u200d\ud83d\udc67 !<\/p>\n<p>Respirer la fum\u00e9e de cigarette des autres est dangereux et tout particuli\u00e8rement pour votre famille et vos enfants.<\/p>\n<\/div>\n<\/div><\/div><\/div><\/div><\/div>","protected":false},"excerpt":{"rendered":"<p>Arr\u00eater de fumer\u00a0? Et si votre pharmacien avait la cl\u00e9\u00a0?? Tout le monde en est bien conscient\u00a0: arr\u00eater de fumer n\u2019est pas chose ais\u00e9e\u00a0! De nombreux intervenants peuvent vous conseiller dans votre cheminement qui vous permettra de rompre cette dangereuse et on\u00e9reuse d\u00e9pendance. Nous avons \u00e0 la pharmacie de quoi vous soutenir, en synergie si [&hellip;]<\/p>\n","protected":false},"author":1,"featured_media":9286,"parent":110,"menu_order":0,"comment_status":"closed","ping_status":"closed","template":"","meta":{"footnotes":""},"class_list":["post-9021","page","type-page","status-publish","has-post-thumbnail","hentry"],"_links":{"self":[{"href":"https:\/\/www.pharmacieparvais.com\/index.php\/wp-json\/wp\/v2\/pages\/9021","targetHints":{"allow":["GET"]}}],"collection":[{"href":"https:\/\/www.pharmacieparvais.com\/index.php\/wp-json\/wp\/v2\/pages"}],"about":[{"href":"https:\/\/www.pharmacieparvais.com\/index.php\/wp-json\/wp\/v2\/types\/page"}],"author":[{"embeddable":true,"href":"https:\/\/www.pharmacieparvais.com\/index.php\/wp-json\/wp\/v2\/users\/1"}],"replies":[{"embeddable":true,"href":"https:\/\/www.pharmacieparvais.com\/index.php\/wp-json\/wp\/v2\/comments?post=9021"}],"version-history":[{"count":6,"href":"https:\/\/www.pharmacieparvais.com\/index.php\/wp-json\/wp\/v2\/pages\/9021\/revisions"}],"predecessor-version":[{"id":9287,"href":"https:\/\/www.pharmacieparvais.com\/index.php\/wp-json\/wp\/v2\/pages\/9021\/revisions\/9287"}],"up":[{"embeddable":true,"href":"https:\/\/www.pharmacieparvais.com\/index.php\/wp-json\/wp\/v2\/pages\/110"}],"wp:featuredmedia":[{"embeddable":true,"href":"https:\/\/www.pharmacieparvais.com\/index.php\/wp-json\/wp\/v2\/media\/9286"}],"wp:attachment":[{"href":"https:\/\/www.pharmacieparvais.com\/index.php\/wp-json\/wp\/v2\/media?parent=9021"}],"curies":[{"name":"wp","href":"https:\/\/api.w.org\/{rel}","templated":true}]}}